{"id":11245,"date":"2022-12-19T17:12:03","date_gmt":"2022-12-19T16:12:03","guid":{"rendered":"https:\/\/portal.kiv-thueringen.de\/web\/?page_id=11245"},"modified":"2024-12-02T15:54:05","modified_gmt":"2024-12-02T14:54:05","slug":"thueringer-digitalcampus-2023-30-jahre-kiv-thueringen-gmbh","status":"publish","type":"page","link":"https:\/\/portal.kiv-thueringen.de\/web\/thueringer-digitalcampus-2023-30-jahre-kiv-thueringen-gmbh\/","title":{"rendered":"Th\u00fcringer DigitalCampus 2023 &#8211; 30 Jahre KIV Th\u00fcringen GmbH"},"content":{"rendered":"\r\n<p>&nbsp;<\/p>\r\n<p>Am <strong>04. Mai 2023<\/strong> findet im Congress Center Erfurt der <strong>Th\u00fcringer DigitalCampus 2023<\/strong> statt.<\/p>\r\n<p>&nbsp;<\/p>\r\n<p>Freuen Sie sich auf interessante Vortr\u00e4ge und Seminare, eine gro\u00dfe Ausstellung der KIV Rahmenvertragspartner und die Feierlichkeiten zum 30-j\u00e4hrigen Firmenjubil\u00e4um der KIV Th\u00fcringen GmbH.<\/p>\r\n<p>Auf dieser Internetseite halten wir Sie \u00fcber das Event auf den neuesten Stand!<\/p>\r\n<p>&nbsp;<\/p>\r\n<p style=\"margin-top: 0pt; margin-bottom: 11pt; font-family: Verdana; font-size: 11.25pt; color: #777777;\"><span style=\"font-weight: bold; background: white;\">NEWS:<\/span><span style=\"background: white;\">\u00a0<\/span><\/p>\r\n<p style=\"margin-top: 0pt; margin-bottom: 11pt; font-family: Verdana; font-size: 11.25pt; color: #777777;\"><span style=\"background: white;\">02.05.2023<\/span><\/p>\r\n<ul style=\"margin-left: .375in; direction: ltr; unicode-bidi: embed; margin-top: 0in; margin-bottom: 0in;\" type=\"disc\">\r\n<li style=\"margin-top: 0pt; margin-bottom: 11pt; vertical-align: middle; color: #777777;\"><span style=\"font-family: Verdana; font-size: 11.25pt; background: white;\">\u00fcber 350 registrierte Fachbesucher und 120 Aussteller sorgen f\u00fcr eine interessante und abwechslungsreiche Veranstaltung<\/span><\/li>\r\n<li style=\"margin-top: 0pt; margin-bottom: 11pt; vertical-align: middle; color: #777777;\"><span style=\"font-family: Verdana; font-size: 11.25pt; background: white;\">Ticketbuchungen sind nicht mehr m\u00f6glich, f\u00fcr Kurzentschlossene besteht die M\u00f6glichkeit sich am Einlass zu registrieren.<\/span><\/li>\r\n<\/ul>\r\n<p style=\"margin-top: 0pt; margin-bottom: 11pt; font-family: Verdana; font-size: 11.25pt; color: #777777;\"><span style=\"background: white;\">27.03.2023<\/span><\/p>\r\n<ul style=\"margin-left: .375in; direction: ltr; unicode-bidi: embed; margin-top: 0in; margin-bottom: 0in;\" type=\"disc\">\r\n<li style=\"margin-top: 0pt; margin-bottom: 11pt; vertical-align: middle; color: #777777;\"><span style=\"font-family: Verdana; font-size: 11.25pt; background: white;\">Seminarplan und Agenda stehen final<\/span><\/li>\r\n<li style=\"margin-top: 0pt; margin-bottom: 11pt; vertical-align: middle; color: #777777;\"><span style=\"font-family: Verdana; font-size: 11.25pt; background: white;\">Ticketbuchungen sind ab sofort kostenfrei m\u00f6glich<\/span><\/li>\r\n<\/ul>\r\n<p style=\"margin-top: 0pt; margin-bottom: 11pt; font-family: Verdana; font-size: 11.25pt; color: #777777;\"><span style=\"background: white;\">02.03.2023<\/span><\/p>\r\n<ul style=\"margin-left: .375in; direction: ltr; unicode-bidi: embed; margin-top: 0in; margin-bottom: 0in;\" type=\"disc\">\r\n<li style=\"margin-top: 0pt; margin-bottom: 11pt; vertical-align: middle; color: #777777;\"><span style=\"font-family: Verdana; font-size: 11.25pt; background: white;\">Der Ministerpr\u00e4sident des Freistaates Th\u00fcringen, Herr Bodo Ramelow, hat sein Kommen zugesagt und er\u00f6ffnet den Th\u00fcringer DigitalCampus 2023<\/span><\/li>\r\n<li style=\"margin-top: 0pt; margin-bottom: 11pt; vertical-align: middle; color: #777777;\"><span style=\"font-family: Verdana; font-size: 11.25pt; background: white;\">Von ersten Rahmenvertragspartnern erhielten wir bereits Zusagen, derzeit wird der Ausstellungskatalog und der Seminarplan erarbeitet<\/span><\/li>\r\n<li style=\"margin-top: 0pt; margin-bottom: 11pt; vertical-align: middle; color: #777777;\"><span style=\"font-family: Verdana; font-size: 11.25pt; background: white;\">E-Mail Information im Rahmen einer Save-the-Date Mail an alle Th\u00fcringer Verwaltungen versandt<\/span><\/li>\r\n<li style=\"margin-top: 0pt; margin-bottom: 11pt; vertical-align: middle; color: #777777;\"><span style=\"font-family: Verdana; font-size: 11.25pt; background: white;\">Ein neues Ticketbuchungssystem ist in Arbeit, demn\u00e4chst k\u00f6nnen \u00fcber diese Website Tickets gebucht werden<\/span><\/li>\r\n<li style=\"margin-top: 0pt; margin-bottom: 11pt; vertical-align: middle; color: #777777;\"><span style=\"font-family: Verdana; font-size: 11.25pt; background: white;\">Vorl\u00e4ufige Agenda festgelegt<\/span><\/li>\r\n<\/ul>\r\n<p>&nbsp;<\/p>\r\n<p style=\"margin-top: 0pt; margin-bottom: 11pt; font-family: Verdana; color: #777777;\"><span style=\"font-weight: bold; font-size: 11.25pt; background: white;\">Agenda:<\/span><\/p>\r\n<table style=\"border-collapse: collapse; width: 100%;\">\r\n<tbody>\r\n<tr>\r\n<td style=\"width: 16.0729%;\">ab 8:00<\/td>\r\n<td style=\"width: 83.9271%;\">Einlass \/ Anmeldung<\/td>\r\n<\/tr>\r\n<tr>\r\n<td style=\"width: 16.0729%;\">10:00 \u2013 10:45<\/td>\r\n<td style=\"width: 83.9271%;\">Er\u00f6ffnung der Veranstaltung durch Herrn Michael Brychcy, Aufsichtsratsvorsitzender der KIV Th\u00fcringen GmbH<\/td>\r\n<\/tr>\r\n<tr>\r\n<td style=\"width: 16.0729%;\">\u00a0<\/td>\r\n<td style=\"width: 83.9271%;\">Gru\u00dfworte des Ministerpr\u00e4sidenten des Freistaates Th\u00fcringen, Herr Bodo Ramelow<\/td>\r\n<\/tr>\r\n<tr>\r\n<td style=\"width: 16.0729%;\">\u00a0<\/td>\r\n<td style=\"width: 83.9271%;\">Gru\u00dfworte des CIO des Freistaates Th\u00fcringen, Herr Dr. Hartmut Schubert<\/td>\r\n<\/tr>\r\n<tr>\r\n<td style=\"width: 16.0729%;\">10:45 &#8211; 11:15<\/td>\r\n<td style=\"width: 83.9271%;\">Gemeinsamer Weg in die Zukunft &#8211; vom Papier zur Digitalen Transformation: 30 Jahre KIV<\/td>\r\n<\/tr>\r\n<tr>\r\n<td style=\"width: 16.0729%;\">11:30 \u2013 12:00<\/td>\r\n<td style=\"width: 83.9271%;\">DigitalBlock I<\/td>\r\n<\/tr>\r\n<tr>\r\n<td style=\"width: 16.0729%;\">12:00 \u2013 13:30<\/td>\r\n<td style=\"width: 83.9271%;\">Mittagsbuffet<\/td>\r\n<\/tr>\r\n<tr>\r\n<td style=\"width: 16.0729%;\">13:30 \u2013 14:00<\/td>\r\n<td style=\"width: 83.9271%;\">DigitalBlock II<\/td>\r\n<\/tr>\r\n<tr>\r\n<td style=\"width: 16.0729%;\">14:30 \u2013 16:00<\/td>\r\n<td style=\"width: 83.9271%;\">Geburtstagsfeier 30 Jahre KIV Th\u00fcringen GmbH<\/td>\r\n<\/tr>\r\n<tr>\r\n<td style=\"width: 16.0729%;\" colspan=\"2\"><strong>Auf den Ausstellungsst\u00e4nden stehen Ihnen pers\u00f6nliche Ansprechpartner von 08:00 \u2013 16:00 Uhr zur Verf\u00fcgung. Wir freuen uns auf Ihren Besuch und zahlreich Gespr\u00e4che.<\/strong><\/td>\r\n<\/tr>\r\n<\/tbody>\r\n<\/table>\r\n<p style=\"margin-top: 0pt; margin-bottom: 11pt; font-family: Verdana; color: #777777;\"><strong>Seminarplan:<\/strong><\/p>\r\n<p>Im Folgenden finden Sie eine \u00dcbersicht der angebotenen Fachseminare in 2 Seminarreihen, Vormittag und Nachmittag. Alle Seminare gliedern sich in 2 Teilvortr\u00e4ge zu jeweils 15 Minuten. Bitte geben Sie bei Ihrer Ticketregistrierung die gew\u00fcnschten Seminare an.<\/p>\r\n<p><\/p>\r\n<p>&nbsp;<\/p>\r\n<table>\r\n<tbody>\r\n<tr>\r\n<td colspan=\"2\">\r\n<p><strong>DigitalBlock I: 11:15 &#8211; 11:45 Uhr<\/strong><\/p>\r\n<\/td>\r\n<\/tr>\r\n<tr>\r\n<td colspan=\"2\">\r\n<p><strong>Tatort Rathaus: So tobt die Schlacht um Ihre Daten im Netz!<\/strong><\/p>\r\n<\/td>\r\n<\/tr>\r\n<tr>\r\n<td>\r\n<p>Edward Snowden und die DSGVO<\/p>\r\n<\/td>\r\n<td>\r\n<p>Informationssicherheit im Cyberraum<\/p>\r\n<\/td>\r\n<\/tr>\r\n<tr>\r\n<td colspan=\"2\">\r\n<p><strong>Achtung Urlauber! Vorbereitet?<\/strong><\/p>\r\n<\/td>\r\n<\/tr>\r\n<tr>\r\n<td>\r\n<p>Digitalisierung der G\u00e4stebetreuung mit dem digitalen G\u00e4stebegleiter \u00a0\u00a0\u00a0\u00a0<\/p>\r\n<\/td>\r\n<td>\r\n<p>Der Digitale Meldeschein \u2013 hilfreiche Zusatzfunktionen und Module<\/p>\r\n<\/td>\r\n<\/tr>\r\n<tr>\r\n<td colspan=\"2\">\r\n<p><strong>Kreide oder Apple Pencil \u2013 Schulnetzwerk im Wandel Teil 1<\/strong><\/p>\r\n<\/td>\r\n<\/tr>\r\n<tr>\r\n<td>\r\n<p>Iserv auf den Punkt gebracht \u00a0\u00a0<\/p>\r\n<\/td>\r\n<td>\r\n<p>Mobile Device Management | Mobilger\u00e4te sinnvoll verwalten<\/p>\r\n<\/td>\r\n<\/tr>\r\n<tr>\r\n<td colspan=\"2\">\r\n<p><strong>Raus aus der Dauerbaustelle \u201eDigitale Verwaltung\u201c<\/strong><\/p>\r\n<\/td>\r\n<\/tr>\r\n<tr>\r\n<td>\r\n<p>Haushaltsplan \u2013 visuell, einfach und verst\u00e4ndlich \u00a0\u00a0<\/p>\r\n<\/td>\r\n<td>\r\n<p>Digitales Workflowmanagement &#8211; designen Sie schnell und einfach Ihre Prozesse<\/p>\r\n<\/td>\r\n<\/tr>\r\n<tr>\r\n<td colspan=\"2\">\r\n<p><strong>Drucken, Lochen und Abheften?<\/strong><\/p>\r\n<\/td>\r\n<\/tr>\r\n<tr>\r\n<td>\r\n<p>Druck vorl\u00e4ufiger Ausweise &#8211; jetzt einfach mit Brother! \u00a0\u00a0<\/p>\r\n<\/td>\r\n<td>\r\n<p>Revolutionieren Sie das Drucken an Ihrer Verwaltung\/Schule<\/p>\r\n<\/td>\r\n<\/tr>\r\n<\/tbody>\r\n<\/table>\r\n<p>&nbsp;<\/p>\r\n<table>\r\n<tbody>\r\n<tr>\r\n<td colspan=\"2\">\r\n<p><strong>DigitalBlock II: 13:30 &#8211; 14:00 Uhr<\/strong><\/p>\r\n<\/td>\r\n<\/tr>\r\n<tr>\r\n<td colspan=\"2\">\r\n<p><strong>Governikus &#8211; Gemeinsam.Digital.Voraus.<\/strong><\/p>\r\n<\/td>\r\n<\/tr>\r\n<tr>\r\n<td colspan=\"2\">\r\n<p><strong>\u00a0<\/strong><\/p>\r\n<\/td>\r\n<\/tr>\r\n<tr>\r\n<td colspan=\"2\">\r\n<p><strong>Dialogforum &#8211; Registermodernisierung<\/strong><\/p>\r\n<\/td>\r\n<\/tr>\r\n<tr>\r\n<td colspan=\"2\">\r\n<p><strong>\u00a0<\/strong><\/p>\r\n<\/td>\r\n<\/tr>\r\n<tr>\r\n<td colspan=\"2\">\r\n<p><strong>B\u00fcrgerservice up-to-date<\/strong><\/p>\r\n<\/td>\r\n<\/tr>\r\n<tr>\r\n<td>\r\n<p>\u00c4nderung am Personalausweisgesetz &#8211; Anti-Morphing<\/p>\r\n<\/td>\r\n<td>\r\n<p>Moderner B\u00fcrgerservice im Einwohnermeldeamt<\/p>\r\n<\/td>\r\n<\/tr>\r\n<tr>\r\n<td colspan=\"2\">\r\n<p><strong>Staubige Akten oder neue Wege?<\/strong><\/p>\r\n<\/td>\r\n<\/tr>\r\n<tr>\r\n<td>\r\n<p>Von der E-Akte zum digitalen Rathaus \u00a0\u00a0<\/p>\r\n<\/td>\r\n<td>\r\n<p>Smart City &#8211; der n\u00e4chste Schritt der Digitalisierung<\/p>\r\n<\/td>\r\n<\/tr>\r\n<tr>\r\n<td colspan=\"2\">\r\n<p><strong>Onlinezugangsgesetz weiter gedacht<\/strong><\/p>\r\n<\/td>\r\n<\/tr>\r\n<tr>\r\n<td>\r\n<p>ePayBL und GiroCheckout \u00a0\u00a0<\/p>\r\n<\/td>\r\n<td>\r\n<p>Nachhaltig Digitalisieren \u2013 OZG-Starter Phase 2<\/p>\r\n<\/td>\r\n<\/tr>\r\n<tr>\r\n<td colspan=\"2\">\r\n<p><strong>Kreide oder Apple Pencil \u2013 Schulnetzwerk im Wandel Teil 2<\/strong><\/p>\r\n<\/td>\r\n<\/tr>\r\n<tr>\r\n<td>\r\n<p>Medienp\u00e4dagogisch sinnvoller Einsatz von Mobilger\u00e4ten im Unterricht \u00a0\u00a0<\/p>\r\n<\/td>\r\n<td>\r\n<p>i3 Technologies &#8211; interaktive L\u00f6sungen f\u00fcr Schulen und Bildungseinrichtungen<\/p>\r\n<\/td>\r\n<\/tr>\r\n<tr>\r\n<td colspan=\"2\">\r\n<p><strong>So wird\u00b4s leichter \u2013 Vereinfachungen am Arbeitsplatz<\/strong><\/p>\r\n<\/td>\r\n<\/tr>\r\n<tr>\r\n<td>\r\n<p>Ordnungswidrigkeiten aller Art im Griff behalten \u00a0\u00a0<\/p>\r\n<\/td>\r\n<td>\r\n<p>Personal Digital \u2013 LOGA\u00b3 Zusatzmodule<\/p>\r\n<\/td>\r\n<\/tr>\r\n<\/tbody>\r\n<\/table>\r\n<p>Unter dem folgenden Link k\u00f6nnen Sie unseren Seminarplan einsehen und downloaden.<\/p>\r\n<p><strong>Download<\/strong>: Seminarplan<\/p>","protected":false},"excerpt":{"rendered":"<p>&nbsp; Am 04. Mai 2023 findet im Congress Center Erfurt der Th\u00fcringer DigitalCampus 2023 statt. &nbsp; Freuen Sie sich auf interessante Vortr\u00e4ge und Seminare, eine gro\u00dfe Ausstellung der KIV Rahmenvertragspartner und die Feierlichkeiten zum 30-j\u00e4hrigen Firmenjubil\u00e4um der KIV Th\u00fcringen GmbH.&hellip;&nbsp;<a href=\"https:\/\/portal.kiv-thueringen.de\/web\/thueringer-digitalcampus-2023-30-jahre-kiv-thueringen-gmbh\/\" class=\"more-link\">weiterlesen<\/a><\/p>\n","protected":false},"author":9,"featured_media":11252,"parent":0,"menu_order":0,"comment_status":"closed","ping_status":"closed","template":"","meta":{"footnotes":""},"class_list":["post-11245","page","type-page","status-publish","has-post-thumbnail","hentry"],"_links":{"self":[{"href":"https:\/\/portal.kiv-thueringen.de\/web\/wp-json\/wp\/v2\/pages\/11245","targetHints":{"allow":["GET"]}}],"collection":[{"href":"https:\/\/portal.kiv-thueringen.de\/web\/wp-json\/wp\/v2\/pages"}],"about":[{"href":"https:\/\/portal.kiv-thueringen.de\/web\/wp-json\/wp\/v2\/types\/page"}],"author":[{"embeddable":true,"href":"https:\/\/portal.kiv-thueringen.de\/web\/wp-json\/wp\/v2\/users\/9"}],"replies":[{"embeddable":true,"href":"https:\/\/portal.kiv-thueringen.de\/web\/wp-json\/wp\/v2\/comments?post=11245"}],"version-history":[{"count":17,"href":"https:\/\/portal.kiv-thueringen.de\/web\/wp-json\/wp\/v2\/pages\/11245\/revisions"}],"predecessor-version":[{"id":14408,"href":"https:\/\/portal.kiv-thueringen.de\/web\/wp-json\/wp\/v2\/pages\/11245\/revisions\/14408"}],"wp:featuredmedia":[{"embeddable":true,"href":"https:\/\/portal.kiv-thueringen.de\/web\/wp-json\/wp\/v2\/media\/11252"}],"wp:attachment":[{"href":"https:\/\/portal.kiv-thueringen.de\/web\/wp-json\/wp\/v2\/media?parent=11245"}],"curies":[{"name":"wp","href":"https:\/\/api.w.org\/{rel}","templated":true}]}}