{"id":11531,"date":"2023-01-16T14:01:15","date_gmt":"2023-01-16T13:01:15","guid":{"rendered":"https:\/\/portal.kiv-thueringen.de\/web\/?page_id=11531"},"modified":"2025-08-01T13:01:17","modified_gmt":"2025-08-01T11:01:17","slug":"organigram","status":"publish","type":"page","link":"https:\/\/portal.kiv-thueringen.de\/web\/organigram\/","title":{"rendered":"Organigramm"},"content":{"rendered":"<h1><span style=\"color: #ff9900;\">Kompetent. Innovativ. Verl\u00e4sslich.<\/span><\/h1>\n<div class=\"section\">\n<p class=\"paragraph h3 default\">Erfahren Sie mehr \u00fcber die Struktur und den organisatorischen Aufbau Ihres kommunalen IT-Dienstleisters. S\u00e4mtliche Unternehmensbereiche stellen sich vor. Wenn Sie sich mit einem Anliegen an uns wenden m\u00f6chten, aber keinen direkten Ansprechpartner kennen, ist das folgende Organigramm mit seiner thematischen Wichtung der beste Weg. Hier finden Sie alle leitenden Mitarbeiter von Gesch\u00e4ftsf\u00fchrung, Stabsstellen, Unternehmensbereichen und Teams.<\/p>\n<\/div>\n<p><a href=\"https:\/\/portal.kiv-thueringen.de\/web\/wp-content\/uploads\/2025\/08\/Organigramm_2025_08.pdf\"><strong><em>Klicken Sie <\/em><\/strong><strong><em>hier, um das aktuelle Organigramm zu \u00f6ffnen.<\/em><\/strong><\/a><\/p>\n<p>&nbsp;<\/p>\n<div class=\"section\"><\/div>\n<div class=\"section\"><\/div>\n<div class=\"section\">\n<p>&nbsp;<\/p>\n<\/div>\n","protected":false},"excerpt":{"rendered":"<p>Kompetent. Innovativ. Verl\u00e4sslich. Erfahren Sie mehr \u00fcber die Struktur und den organisatorischen Aufbau Ihres kommunalen IT-Dienstleisters. S\u00e4mtliche Unternehmensbereiche stellen sich vor. Wenn Sie sich mit einem Anliegen an uns wenden m\u00f6chten, aber keinen direkten Ansprechpartner kennen, ist das folgende Organigramm&hellip;&nbsp;<a href=\"https:\/\/portal.kiv-thueringen.de\/web\/organigram\/\" class=\"more-link\">weiterlesen<\/a><\/p>\n","protected":false},"author":7,"featured_media":0,"parent":0,"menu_order":0,"comment_status":"closed","ping_status":"closed","template":"","meta":{"footnotes":""},"class_list":["post-11531","page","type-page","status-publish","hentry"],"_links":{"self":[{"href":"https:\/\/portal.kiv-thueringen.de\/web\/wp-json\/wp\/v2\/pages\/11531","targetHints":{"allow":["GET"]}}],"collection":[{"href":"https:\/\/portal.kiv-thueringen.de\/web\/wp-json\/wp\/v2\/pages"}],"about":[{"href":"https:\/\/portal.kiv-thueringen.de\/web\/wp-json\/wp\/v2\/types\/page"}],"author":[{"embeddable":true,"href":"https:\/\/portal.kiv-thueringen.de\/web\/wp-json\/wp\/v2\/users\/7"}],"replies":[{"embeddable":true,"href":"https:\/\/portal.kiv-thueringen.de\/web\/wp-json\/wp\/v2\/comments?post=11531"}],"version-history":[{"count":17,"href":"https:\/\/portal.kiv-thueringen.de\/web\/wp-json\/wp\/v2\/pages\/11531\/revisions"}],"predecessor-version":[{"id":30374,"href":"https:\/\/portal.kiv-thueringen.de\/web\/wp-json\/wp\/v2\/pages\/11531\/revisions\/30374"}],"wp:attachment":[{"href":"https:\/\/portal.kiv-thueringen.de\/web\/wp-json\/wp\/v2\/media?parent=11531"}],"curies":[{"name":"wp","href":"https:\/\/api.w.org\/{rel}","templated":true}]}}