{"id":11545,"date":"2023-01-16T14:02:19","date_gmt":"2023-01-16T13:02:19","guid":{"rendered":"https:\/\/portal.kiv-thueringen.de\/web\/?page_id=11545"},"modified":"2026-05-04T11:36:17","modified_gmt":"2026-05-04T09:36:17","slug":"technik-support-entwicklung","status":"publish","type":"page","link":"https:\/\/portal.kiv-thueringen.de\/web\/technik-support-entwicklung\/","title":{"rendered":"Technik \/ Support \/ Entwicklung"},"content":{"rendered":"<div class=\"section\">\n<h3>Technik\/Support\/Entwicklung<\/h3>\n<p>Willkommen im gr\u00f6\u00dften Unternehmensbereich Ihres kommunalen IT-Dienstleisters. Neben der Softwareentwicklung und der Initiierung und Durchf\u00fchrung innovativer Projekte sind hier die Teams des Datenschutzes, der Technik sowie die Betreuer der Fachverfahren AutiSta, Regisafe, webFLUR, webFRIED, MESO\/VOIS, GIS und KITA zu finden.<\/p>\n<p>&nbsp;<\/p>\n<p><strong>Gmilkowsky, Thomas <\/strong>(Leitung)<br \/>\n+49 3621 45 08 (0) 15<br \/>\n<a href=\"mailto:tgmilkowsky@kiv-thueringen.de\">TGmilkowsky@kiv-thueringen.de<\/a><\/p>\n<p>&nbsp;<\/p>\n<h5>Softwareentwicklung\/Innovation<\/h5>\n<p><strong>Gmilkowsky, Thomas <\/strong>(Leitung)<br \/>\n+49 3621 45 08 (0) 15<br \/>\n<a href=\"mailto:tgmilkowsky@kiv-thueringen.de\">TGmilkowsky@kiv-thueringen.de<\/a><\/p>\n<p><strong>Robert Gr\u00f6schner<\/strong><br \/>\n+49 3621 45 08 74<br \/>\n<a href=\"mailto:rgroeschner@kiv-thueringen.de\">RGroeschner@kiv-thueringen.de<\/a><\/p>\n<p><strong>Andreas Wedel<\/strong><br \/>\n+49 3621 45 08 71<br \/>\n<a href=\"mailto:awedel@kiv-thueringen.de\">AWedel@kiv-thueringen.de<\/a><\/p>\n<p><strong>Eric Gmilkowsky<br \/>\n<\/strong>+49 3621 45 08 0<br \/>\n<a href=\"mailto:entwicklung@kiv-thueringen.de\">Entwicklung@kiv-thueringen.de<\/a><\/p>\n<p><strong>Laurin Steudte<\/strong><br \/>\n+49 3621 45 08 0<br \/>\n<a href=\"mailto:entwicklung@kiv-thueringen.de\">Entwicklung@kiv-thueringen.de<\/a><\/p>\n<p>&nbsp;<\/p>\n<h5>Personal- und KITA-Verwaltung<\/h5>\n<p><strong>Heike Trenker<br \/>\n<\/strong>(Teamleitung)<strong><br \/>\n+49 3621 45 08 85<br \/>\n<\/strong><a href=\"mailto:htrenker@kiv-thueringen.de\">HTrenker@kiv-thueringen.de<\/a><\/p>\n<p><strong>Marleen Hatzky<\/strong><br \/>\n+49 3621 45 08 84<br \/>\n<a href=\"mailto:mhatzky@kiv-thueringen.de\">MHatzky@kiv-thueringen.de<\/a><\/p>\n<\/div>\n<p>&nbsp;<\/p>\n<h5>Personenstandswesen und Citrix<\/h5>\n<p><strong>Stefani Koch<\/strong><br \/>\n+49 3621 45 08 73<br \/>\n<a href=\"mailto:skoch@kiv-thueringen.de\">SKoch@kiv-thueringen.de<\/a><\/p>\n<p><strong>Alexander Schieck<\/strong><br \/>\n+49 3621 45 08 72<br \/>\n<a href=\"mailto:aschieck@kiv-thueringen.de\">ASchieck@kiv-thueringen.de<\/a><\/p>\n<p>&nbsp;<\/p>\n<div class=\"section\">\n<h5>Technik und Cloud-Betrieb<\/h5>\n<p><strong>Thomas Lange<\/strong> (Leitung)<br \/>\n+49 3621 45 08-0<br \/>\n<a href=\"mailto:tlange@kiv-thueringen.de\">tlange@kiv-thueringen.de<\/a><\/p>\n<p><strong>Christian Barth<\/strong><br \/>\n+49 3621 45 08-0<br \/>\n<a href=\"mailto:cbarth@kiv-thueringen.de\">cbarth@kiv-thueringen.de<\/a><\/p>\n<p><strong>Christian Drewitz<\/strong><br \/>\n+49 3621 45 08 0<br \/>\n<a href=\"mailto:CDrewitz@kiv-thueringen.de\">cdrewitz@kiv-thueringen.de<\/a><\/p>\n<p><strong>Ronny K\u00f6nig<\/strong><br \/>\n+49 3621 45 08 0<br \/>\n<a href=\"mailto:RKoenig@kiv-thueringen.de\">rkoenig@kiv-thueringen.de<\/a><\/p>\n<p><strong>Maik Menzel<\/strong><br \/>\n+49 3621 45 08-0<br \/>\n<a href=\"mailto:mmenzel@kiv-thueringen.de\">mmenzel@kiv-thueringen.de<\/a><\/p>\n<p><strong>Peter Schierwagen<\/strong><br \/>\n+49 3621 45 08-0<br \/>\n<a href=\"mailto:pschierwagen@kiv-thueringen.de\">pschierwagen@kiv-thueringen.de<\/a><\/p>\n<p><strong>Christian Sch\u00f6bel<\/strong><br \/>\n+49 3621 45 08-0<br \/>\n<a href=\"mailto:cschoebel@kiv-thueringen.de\">cschoebel@kiv-thueringen.de<\/a><\/p>\n<p>&nbsp;<\/p>\n<h5>eAkte und DMS \/ regisafe<\/h5>\n<p><strong>Raimo Schewe <\/strong>(Leitung)<br \/>\n+49 3621 45 08 83<br \/>\n<a href=\"mailto:rschewe@kiv-thueringen.de\">rschewe@kiv-thueringen.de<\/a><\/p>\n<p><strong>Ulrich Georgi<br \/>\n<\/strong>+49 3621 45 08 0<br \/>\n<a href=\"mailto:UGeorgi@kiv-thueringen.de\">UGeorgi@kiv-thueringen.de<\/a><\/p>\n<p><strong>Christian Horvat<br \/>\n<\/strong>+49 3621 45 08 27<br \/>\n<a href=\"mailto:chorvat@kiv-thueringen.de\">CHorvat@kiv-thueringen.de<\/a><\/p>\n<p><strong>Nicole Horn<\/strong><br \/>\n+49 3621 45 08 89<br \/>\n<a href=\"mailto:nhorn@kiv-thueringen.de\">NHorn@kiv-thueringen.de<\/a><\/p>\n<h5><\/h5>\n<h5>\u00d6ffentliche Ordnung und Sicherheit<\/h5>\n<p><strong>Andreas Wedel<\/strong> (Leitung)<br \/>\n+49 3621 45 08 71<br \/>\n<a href=\"mailto:awedel@kiv-thueringen.de\">AWedel@kiv-thueringen.de<\/a><\/p>\n<p><strong>Stefan Amling<\/strong><br \/>\n+49 3621 45 08 61<br \/>\n<a href=\"mailto:samling@kiv-thueringen.de\">SAmling@kiv-thueringen.de<\/a><\/p>\n<p><strong>Robert Gr\u00f6schner<\/strong><br \/>\n+49 3621 45 08 74<br \/>\n<a href=\"mailto:rgroeschner@kiv-thueringen.de\">RGroeschner@kiv-thueringen.de<\/a><\/p>\n<p><strong>Matthias Kiefer<\/strong><br \/>\n+49 3621 45 08 63<br \/>\n<a href=\"mailto:mkiefer@kiv-thueringen.de\">MKiefer@kiv-thueringen.de<\/a><\/p>\n<p><strong>Alexander Schieck<\/strong><br \/>\n+49 3621 45 08 72<br \/>\n<a href=\"mailto:aschieck@kiv-thueringen.de\">ASchieck@kiv-thueringen.de<\/a><\/p>\n<p><strong>Nils Twirdy<br \/>\n<\/strong>+49 3621 45 08 75<br \/>\n<a href=\"mailto:ntwirdy@kiv-thueringen.de\">NTwirdy@kiv-thueringen.de<\/a><\/p>\n<p>&nbsp;<\/p>\n<h5>ISMS\/Datenschutz<\/h5>\n<p><strong>Ricky Bierig<\/strong> (Leitung)<br \/>\n+49 3621 45 08 62<br \/>\n<a href=\"mailto:rbierig@kiv-thueringen.de\">RBierig@kiv-thueringen.de<\/a><br \/>\n<a href=\"mailto:Datenschutz@kiv-thueringen.de\">Datenschutz@kiv-thueringen.de<\/a><\/p>\n<p><strong>Uwe Enders<\/strong><br \/>\n+49 3621 45 08 69<br \/>\n<a href=\"mailto:Datenschutz@kiv-thueringen.de\">Datenschutz@kiv-thueringen.de<\/a><\/p>\n<p><strong>Daniela K\u00fcgler<\/strong><br \/>\n+49 3621 45 08 67<br \/>\n<a href=\"mailto:Datenschutz@kiv-thueringen.de\">Datenschutz@kiv-thueringen.de<\/a><\/p>\n<p><strong>Michael Stiller<\/strong><br \/>\n+49 3621 45 08 65<br \/>\n<a href=\"mailto:Datenschutz@kiv-thueringen.de\">Datenschutz@kiv-thueringen.de<\/a><\/p>\n<p>&nbsp;<\/p>\n<\/div>\n<h5>GIS\/Liegenschaften<\/h5>\n<p><strong>Ricky Bierig<\/strong> (Leitung)<br \/>\n+49 3621 45 08 62<br \/>\n<a href=\"mailto:rbierig@kiv-thueringen.de\">RBierig@kiv-thueringen.de<\/a><\/p>\n<p><strong>Stefan Amling<\/strong><br \/>\n+49 3621 45 08 61<br \/>\n<a href=\"mailto:samling@kiv-thueringen.de\">SAmling@kiv-thueringen.de<\/a><\/p>\n<p><strong>Matthias Kiefer<\/strong><br \/>\n+49 3621 45 08 63<br \/>\n<a href=\"mailto:mkiefer@kiv-thueringen.de\">MKiefer@kiv-thueringen.de<\/a><\/p>\n<div class=\"section\">\n<p>&nbsp;<\/p>\n<\/div>\n","protected":false},"excerpt":{"rendered":"<p>Technik\/Support\/Entwicklung Willkommen im gr\u00f6\u00dften Unternehmensbereich Ihres kommunalen IT-Dienstleisters. Neben der Softwareentwicklung und der Initiierung und Durchf\u00fchrung innovativer Projekte sind hier die Teams des Datenschutzes, der Technik sowie die Betreuer der Fachverfahren AutiSta, Regisafe, webFLUR, webFRIED, MESO\/VOIS, GIS und KITA zu&hellip;&nbsp;<a href=\"https:\/\/portal.kiv-thueringen.de\/web\/technik-support-entwicklung\/\" class=\"more-link\">weiterlesen<\/a><\/p>\n","protected":false},"author":7,"featured_media":0,"parent":0,"menu_order":0,"comment_status":"closed","ping_status":"closed","template":"","meta":{"footnotes":""},"class_list":["post-11545","page","type-page","status-publish","hentry"],"_links":{"self":[{"href":"https:\/\/portal.kiv-thueringen.de\/web\/wp-json\/wp\/v2\/pages\/11545","targetHints":{"allow":["GET"]}}],"collection":[{"href":"https:\/\/portal.kiv-thueringen.de\/web\/wp-json\/wp\/v2\/pages"}],"about":[{"href":"https:\/\/portal.kiv-thueringen.de\/web\/wp-json\/wp\/v2\/types\/page"}],"author":[{"embeddable":true,"href":"https:\/\/portal.kiv-thueringen.de\/web\/wp-json\/wp\/v2\/users\/7"}],"replies":[{"embeddable":true,"href":"https:\/\/portal.kiv-thueringen.de\/web\/wp-json\/wp\/v2\/comments?post=11545"}],"version-history":[{"count":28,"href":"https:\/\/portal.kiv-thueringen.de\/web\/wp-json\/wp\/v2\/pages\/11545\/revisions"}],"predecessor-version":[{"id":35470,"href":"https:\/\/portal.kiv-thueringen.de\/web\/wp-json\/wp\/v2\/pages\/11545\/revisions\/35470"}],"wp:attachment":[{"href":"https:\/\/portal.kiv-thueringen.de\/web\/wp-json\/wp\/v2\/media?parent=11545"}],"curies":[{"name":"wp","href":"https:\/\/api.w.org\/{rel}","templated":true}]}}