{"id":13906,"date":"2023-10-23T21:13:09","date_gmt":"2023-10-23T19:13:09","guid":{"rendered":"https:\/\/portal.kiv-thueringen.de\/web\/?page_id=13906"},"modified":"2024-08-02T09:19:14","modified_gmt":"2024-08-02T07:19:14","slug":"kiv-auf-dem-3-e-government-kongress","status":"publish","type":"page","link":"https:\/\/portal.kiv-thueringen.de\/web\/kiv-auf-dem-3-e-government-kongress\/","title":{"rendered":"KIV auf dem 4. E-Government-Kongress"},"content":{"rendered":"<p>Am <strong>24. Oktober 2023<\/strong> findet in der Arena im Steigerwaldstadion Erfurt der <strong>3. E-Government-Kongress<\/strong> des Freistaates Th\u00fcringen statt.<\/p>\n<p>Die KIV Th\u00fcringen GmbH ist mit einem Stand und einen Vortrag vertreten. Ab 8:30 Uhr stehen wir Ihnen am Stand f\u00fcr Fragen zur Verf\u00fcgung. Der Workshop von Herrn Gmilkowsky und Herrn Heiroth besch\u00e4ftigt sich ab 12:45 Uhr im Raum1 mit der &#8222;Strategische Zusammenarbeit mit dem kommunalen IT-Dienstleister KIV Th\u00fcringen&#8220;<\/p>\n<p>Weitere Informationen finden Sie auf der Internetseite des Th\u00fcringer Finanzministeriums unter <a href=\"https:\/\/finanzen.thueringen.de\/themen\/egovernment\/e-government-kongress\">https:\/\/finanzen.thueringen.de\/themen\/egovernment\/e-government-kongress<\/a>.<\/p>\n<p>Wir freuen uns auf Ihren Besuch und eine rege Beteiligung am Workshop.<\/p>\n<p>&nbsp;<\/p>\n","protected":false},"excerpt":{"rendered":"<p>Am 24. Oktober 2023 findet in der Arena im Steigerwaldstadion Erfurt der 3. E-Government-Kongress des Freistaates Th\u00fcringen statt. Die KIV Th\u00fcringen GmbH ist mit einem Stand und einen Vortrag vertreten. Ab 8:30 Uhr stehen wir Ihnen am Stand f\u00fcr Fragen&hellip;&nbsp;<a href=\"https:\/\/portal.kiv-thueringen.de\/web\/kiv-auf-dem-3-e-government-kongress\/\" class=\"more-link\">weiterlesen<\/a><\/p>\n","protected":false},"author":9,"featured_media":13912,"parent":0,"menu_order":0,"comment_status":"closed","ping_status":"closed","template":"","meta":{"footnotes":""},"class_list":["post-13906","page","type-page","status-publish","has-post-thumbnail","hentry"],"_links":{"self":[{"href":"https:\/\/portal.kiv-thueringen.de\/web\/wp-json\/wp\/v2\/pages\/13906","targetHints":{"allow":["GET"]}}],"collection":[{"href":"https:\/\/portal.kiv-thueringen.de\/web\/wp-json\/wp\/v2\/pages"}],"about":[{"href":"https:\/\/portal.kiv-thueringen.de\/web\/wp-json\/wp\/v2\/types\/page"}],"author":[{"embeddable":true,"href":"https:\/\/portal.kiv-thueringen.de\/web\/wp-json\/wp\/v2\/users\/9"}],"replies":[{"embeddable":true,"href":"https:\/\/portal.kiv-thueringen.de\/web\/wp-json\/wp\/v2\/comments?post=13906"}],"version-history":[{"count":5,"href":"https:\/\/portal.kiv-thueringen.de\/web\/wp-json\/wp\/v2\/pages\/13906\/revisions"}],"predecessor-version":[{"id":16623,"href":"https:\/\/portal.kiv-thueringen.de\/web\/wp-json\/wp\/v2\/pages\/13906\/revisions\/16623"}],"wp:featuredmedia":[{"embeddable":true,"href":"https:\/\/portal.kiv-thueringen.de\/web\/wp-json\/wp\/v2\/media\/13912"}],"wp:attachment":[{"href":"https:\/\/portal.kiv-thueringen.de\/web\/wp-json\/wp\/v2\/media?parent=13906"}],"curies":[{"name":"wp","href":"https:\/\/api.w.org\/{rel}","templated":true}]}}