{"id":145,"date":"2018-02-27T17:33:10","date_gmt":"2018-02-27T16:33:10","guid":{"rendered":"http:\/\/192.168.152.35\/?page_id=145"},"modified":"2024-11-20T15:52:01","modified_gmt":"2024-11-20T14:52:01","slug":"gesellschafter","status":"publish","type":"page","link":"https:\/\/portal.kiv-thueringen.de\/web\/unternehmen\/gesellschafter\/","title":{"rendered":"Gesellschafter\/Kooperationspartner"},"content":{"rendered":"<h1><span style=\"color: #ff9900;\"><strong>Vereint stark. <\/strong><\/span><\/h1>\n<h2><span style=\"font-size: 14pt;\">Gesellschafter und Kooperationspartner der KIV Th\u00fcringen GmbH<\/span><\/h2>\n<h3><span style=\"color: #ff9900;\"><strong>Gesellschafter<\/strong><\/span><\/h3>\n<p>Die KIV Th\u00fcringen GmbH steht als eigenst\u00e4ndiges Unternehmen f\u00fcr die lokale Verbundenheit mit Th\u00fcringen, dem Sitz der meisten Kunden des Unternehmens. Verbunden mit starken Partnern schaffen wir Bedingungen, die unser Land und deren Institutionen voranbringen und umfassend unterst\u00fctzen. Wir greifen dazu auf Synergien zur\u00fcck, die aus historisch gewachsenen Strukturen entstanden sind und setzen dabei Meilensteine f\u00fcr jedes unserer Projekte und Engagements. Unsere Gesellschafter stellen f\u00fcr uns gleichzeitig Repr\u00e4sentant und Vertreter, wie auch KnowHow-Multiplikator und Partner dar.<\/p>\n<p><strong><a href=\"http:\/\/www.ekom21.de\" target=\"_blank\" rel=\"noopener noreferrer\"><u>ekom21 &#8211; KGRZ Hessen<\/u><\/a><\/strong><\/p>\n<p><strong><a href=\"http:\/\/www.gstb-thueringen.de\" target=\"_blank\" rel=\"noopener noreferrer\"><u>Gemeinde- und St\u00e4dtebund Th\u00fcringen e.V.<\/u><\/a><\/strong><\/p>\n<p><strong><a href=\"http:\/\/thueringen.de\" target=\"_blank\" rel=\"noopener\">Freistaat Th\u00fcringen<\/a><\/strong><\/p>\n<p><strong>&#8230; und \u00fcber 170 Kommunen in Th\u00fcringen.<\/strong><\/p>\n<p>Als Mitglieder des Gemeinde- und St\u00e4dtebundes Th\u00fcringen partizipiert die Mehrheit unserer Kunden finanziell am Erfolg unseres Unternehmens. Wir sind uns dieses Mandats bewusst und agieren entsprechend. Die KIV Th\u00fcringen steht somit stets im Dienste aller Kommunen unseres Freistaates.<\/p>\n<blockquote><p><em><span style=\"color: #76b800; font-size: 14pt;\">\u201eDas Geheimnis des Erfolges ist, den Standpunkt des Anderen zu verstehen.\u201c<\/span><\/em><br \/>\n<span style=\"color: #76b800; font-size: 8pt;\">Henry Ford<\/span><\/p><\/blockquote>\n<p><strong>\u00a0<\/strong><\/p>\n<p>&nbsp;<\/p>\n","protected":false},"excerpt":{"rendered":"<p>Vereint stark. Gesellschafter und Kooperationspartner der KIV Th\u00fcringen GmbH Gesellschafter Die KIV Th\u00fcringen GmbH steht als eigenst\u00e4ndiges Unternehmen f\u00fcr die lokale Verbundenheit mit Th\u00fcringen, dem Sitz der meisten Kunden des Unternehmens. Verbunden mit starken Partnern schaffen wir Bedingungen, die unser&hellip;&nbsp;<a href=\"https:\/\/portal.kiv-thueringen.de\/web\/unternehmen\/gesellschafter\/\" class=\"more-link\">weiterlesen<\/a><\/p>\n","protected":false},"author":1,"featured_media":0,"parent":63,"menu_order":0,"comment_status":"closed","ping_status":"closed","template":"","meta":{"footnotes":""},"class_list":["post-145","page","type-page","status-publish","hentry"],"_links":{"self":[{"href":"https:\/\/portal.kiv-thueringen.de\/web\/wp-json\/wp\/v2\/pages\/145","targetHints":{"allow":["GET"]}}],"collection":[{"href":"https:\/\/portal.kiv-thueringen.de\/web\/wp-json\/wp\/v2\/pages"}],"about":[{"href":"https:\/\/portal.kiv-thueringen.de\/web\/wp-json\/wp\/v2\/types\/page"}],"author":[{"embeddable":true,"href":"https:\/\/portal.kiv-thueringen.de\/web\/wp-json\/wp\/v2\/users\/1"}],"replies":[{"embeddable":true,"href":"https:\/\/portal.kiv-thueringen.de\/web\/wp-json\/wp\/v2\/comments?post=145"}],"version-history":[{"count":22,"href":"https:\/\/portal.kiv-thueringen.de\/web\/wp-json\/wp\/v2\/pages\/145\/revisions"}],"predecessor-version":[{"id":18330,"href":"https:\/\/portal.kiv-thueringen.de\/web\/wp-json\/wp\/v2\/pages\/145\/revisions\/18330"}],"up":[{"embeddable":true,"href":"https:\/\/portal.kiv-thueringen.de\/web\/wp-json\/wp\/v2\/pages\/63"}],"wp:attachment":[{"href":"https:\/\/portal.kiv-thueringen.de\/web\/wp-json\/wp\/v2\/media?parent=145"}],"curies":[{"name":"wp","href":"https:\/\/api.w.org\/{rel}","templated":true}]}}