{"id":1536,"date":"2018-12-18T12:14:15","date_gmt":"2018-12-18T11:14:15","guid":{"rendered":"https:\/\/portal.kiv-thueringen.de\/web\/?page_id=1536"},"modified":"2024-01-04T10:07:56","modified_gmt":"2024-01-04T09:07:56","slug":"externer-datenschutzbeauftragter","status":"publish","type":"page","link":"https:\/\/portal.kiv-thueringen.de\/web\/beratung-consulting\/externer-datenschutzbeauftragter\/","title":{"rendered":"Externer Datenschutzbeauftragter"},"content":{"rendered":"<h1>Externer Datenschutzbeauftragter<\/h1>\n<p>Seit dem 25. Mai 2018 ist die Datenschutzgrundverordnung (DSGVO) mit den angepassten Bundes- und Landesdatenschutzgesetzen verbindlich anzuwenden. Die Leitung jeder Verwaltung ist f\u00fcr die Einhaltung der Verordnungen und Gesetze zum Datenschutz verantwortlich. Entsprechend dieser Gesetze ist ein Datenschutzbeauftragter (DSB) zu benennen. Die Benennung kann durch einen Mitarbeiter der Verwaltung (interner DSB) oder auf Basis eines Dienstleistungsvertrages (Art. 37 (6)) benannt werden (externer DSB).<br \/>\nDie KIV Th\u00fcringen GmbH wird den Auftraggeber nach Ma\u00dfgabe dieses Vertrages bei der Einhaltung der datenschutzrechtlichen Bestimmungen und den daf\u00fcr notwendigen Arbeiten, Dokumentationen und Ma\u00dfnahmen unterst\u00fctzen und mittels eines Dienstleistungsvertrages die Aufgaben des Datenschutzbeauftragten \u00fcbernehmen.<\/p>\n<blockquote><p><em>&#8222;Datenschutz ist ein notwendiges Gegengewicht und ein Korrekturinstrument gegen \u00fcberm\u00e4\u00dfige, die Individualrechte beeintr\u00e4chtigende Datenverarbeitung, aber er kann und soll kein Verhinderungsinstrument sein.&#8220;\u00a0<\/em><br \/>\n<span style=\"font-size: 8pt;\"><strong>Hans Peter Bull (Jurist)<\/strong><\/span><\/p><\/blockquote>\n<h3>Aufgaben des externen Datenschutzbeauftragten<\/h3>\n<p>Der externe Datenschutzbeauftragte wirkt w\u00e4hrend seiner Benennung auf die Einhaltung des Datenschutzes hin. Dazu geh\u00f6rt gem\u00e4\u00df Art. 39 DSGVO:<\/p>\n<ul>\n<li>Unterrichtung und Beratung des Verantwortlichen und der Besch\u00e4ftigten auf Anfrage<\/li>\n<li>\u00dcberwachung der Einhaltung der DSGVO und anderer Datenschutzvorschriften (z.B. BDSG-NEU) (Stichproben\u00fcberpr\u00fcfung in Abstimmung mit den Leitungsebenen)<\/li>\n<li>Sensibilisierung und Schulung der Mitarbeiter<\/li>\n<li>Beratung und \u00dcberwachung im Zusammenhang mit der Datenschutz-Folgenabsch\u00e4tzung bei Anfrage des Verantwortlichen<\/li>\n<li>Zusammenarbeit mit der Aufsichtsbeh\u00f6rde<\/li>\n<li>T\u00e4tigkeit als Anlaufstelle f\u00fcr die Aufsichtsbeh\u00f6rde bei mit der Verarbeitung zusammenh\u00e4ngenden Fragen<\/li>\n<\/ul>\n<p>Die KIV Th\u00fcringen GmbH wird dem Auftraggeber eine fachlich geeignete und zuverl\u00e4ssige Person nachweisen, die der Auftraggeber als externen Datenschutzbeauftragten f\u00fcr den Bereich der eigenen Verwaltung benennt.<\/p>\n<p>Die KIV Th\u00fcringen GmbH hat daf\u00fcr zwei Mitarbeiter durch die DEKRA extern zertifizieren lassen, die Sie als externer Datenschutzbeauftragter\u00a0 unterst\u00fctzen k\u00f6nnen. Bei\u00a0mehr als 45 Verwaltungen sind unsere Mitarbeiter bereits im Einsatz.<\/p>\n<p>Der von der KIV Th\u00fcringen GmbH gestellte externe Datenschutzbeauftragte erf\u00fcllt alle gesetzlichen Aufgaben eines Datenschutzbeauftragten. Dar\u00fcber hinaus steht er der Einrichtung als Ansprechpartner in allen Fragen des Datenschutzes zur Verf\u00fcgung, um praktikable und effiziente L\u00f6sungen unter Beachtung der Erfordernisse, Aufgaben und Ziele der Einrichtung zu erzielen. Die KIV Th\u00fcringen GmbH \u00fcbernimmt die organisatorische Kontrolle dar\u00fcber, dass die vertraglich geschuldeten Leistungen jederzeit und umfassend erbracht werden k\u00f6nnen.<\/p>\n<p>&nbsp;<\/p>\n<div align=\"left\"><\/div>\n","protected":false},"excerpt":{"rendered":"<p>Externer Datenschutzbeauftragter Seit dem 25. Mai 2018 ist die Datenschutzgrundverordnung (DSGVO) mit den angepassten Bundes- und Landesdatenschutzgesetzen verbindlich anzuwenden. Die Leitung jeder Verwaltung ist f\u00fcr die Einhaltung der Verordnungen und Gesetze zum Datenschutz verantwortlich. Entsprechend dieser Gesetze ist ein Datenschutzbeauftragter&hellip;&nbsp;<a href=\"https:\/\/portal.kiv-thueringen.de\/web\/beratung-consulting\/externer-datenschutzbeauftragter\/\" class=\"more-link\">weiterlesen<\/a><\/p>\n","protected":false},"author":7,"featured_media":674,"parent":523,"menu_order":0,"comment_status":"closed","ping_status":"closed","template":"","meta":{"footnotes":""},"class_list":["post-1536","page","type-page","status-publish","has-post-thumbnail","hentry"],"_links":{"self":[{"href":"https:\/\/portal.kiv-thueringen.de\/web\/wp-json\/wp\/v2\/pages\/1536","targetHints":{"allow":["GET"]}}],"collection":[{"href":"https:\/\/portal.kiv-thueringen.de\/web\/wp-json\/wp\/v2\/pages"}],"about":[{"href":"https:\/\/portal.kiv-thueringen.de\/web\/wp-json\/wp\/v2\/types\/page"}],"author":[{"embeddable":true,"href":"https:\/\/portal.kiv-thueringen.de\/web\/wp-json\/wp\/v2\/users\/7"}],"replies":[{"embeddable":true,"href":"https:\/\/portal.kiv-thueringen.de\/web\/wp-json\/wp\/v2\/comments?post=1536"}],"version-history":[{"count":5,"href":"https:\/\/portal.kiv-thueringen.de\/web\/wp-json\/wp\/v2\/pages\/1536\/revisions"}],"predecessor-version":[{"id":14480,"href":"https:\/\/portal.kiv-thueringen.de\/web\/wp-json\/wp\/v2\/pages\/1536\/revisions\/14480"}],"up":[{"embeddable":true,"href":"https:\/\/portal.kiv-thueringen.de\/web\/wp-json\/wp\/v2\/pages\/523"}],"wp:featuredmedia":[{"embeddable":true,"href":"https:\/\/portal.kiv-thueringen.de\/web\/wp-json\/wp\/v2\/media\/674"}],"wp:attachment":[{"href":"https:\/\/portal.kiv-thueringen.de\/web\/wp-json\/wp\/v2\/media?parent=1536"}],"curies":[{"name":"wp","href":"https:\/\/api.w.org\/{rel}","templated":true}]}}