{"id":157,"date":"2018-02-27T17:34:20","date_gmt":"2018-02-27T16:34:20","guid":{"rendered":"http:\/\/192.168.152.35\/?page_id=157"},"modified":"2018-05-24T14:33:30","modified_gmt":"2018-05-24T12:33:30","slug":"services","status":"publish","type":"page","link":"https:\/\/portal.kiv-thueringen.de\/web\/services\/","title":{"rendered":"Services"},"content":{"rendered":"<h1><span style=\"font-size: 24pt;\">Gute Zusammenarbeit bedeutet mehr als der reine Verkauf von Software.<\/span><\/h1>\n<p>Die\u00a0KIV Th\u00fcringen GmbH stellt Ihnen mehr als 50 Fachverfahren und Anwendungen zur Verf\u00fcgung &#8211; doch das ist nur die eine Seite der Medaille. Viel wichtiger als die Software, sind die Menschen, die mit ihr arbeiten. Daher stellt die KIV Th\u00fcringen GmbH eine umfangreiches Serviceportfolio zur Verf\u00fcgung, dass \u00fcber reinen Verkauf, Support und Betreuung von Fachanwendungen hinausgeht. Vielmehr l\u00f6sen Sie mit unseren Services aktuelle Anforderungen und nutzen weitere Features, die Ihnen die t\u00e4gliche Arbeit erleichtern.<\/p>\n<blockquote><p><em><span style=\"color: #769400; font-size: 14pt;\">&#8222;Service hei\u00dft, das ganze Gesch\u00e4ft mit den Augen des Kunden zu sehen.&#8220;<\/span><\/em><br \/>\n<span style=\"color: #769400; font-size: 8pt;\">Axel Haitzer<\/span><\/p><\/blockquote>\n<h3>Rechenzentrum der KIV Th\u00fcringen GmbH<\/h3>\n<p>Rechenpower f\u00fcr Ihre Anwendungen und\u00a0kompletter administrativer und fachlicher Support. Ihre Daten werden in der kommunalen Cloud durch ein Team versierter Techniker auf hochmoderner Technik gehostet und stehen Ihnen jederzeit an jedem Ort sicher und performant zur Verf\u00fcgung. Erg\u00e4nzen und optimieren Sie Ihre IT\u00a0mit einer Vielzahl von Diensten\u00a0&#8211; ganz individuell nach\u00a0Ihren Bed\u00fcrfnissen.<br \/>\n<a href=\"https:\/\/portal.kiv-thueringen.de\/web\/?page_id=159\">weiterlesen<\/a><\/p>\n<h3><\/h3>\n<h3>Beratung\/Consulting<\/h3>\n<p>Die KIV Th\u00fcringen bietet umfangreiche Beratung bei den verschiedensten Themen rund um den IT-Einsatz.<br \/>\n<a href=\"https:\/\/portal.kiv-thueringen.de\/web\/?page_id=523\">weiterlesen<\/a><\/p>\n<h3><\/h3>\n<h3>Fachverfahren<\/h3>\n<p>Die KIV Th\u00fcringen GmbH stellt Ihnen mehr als 50 Fachverfahren und Services zur Verf\u00fcgung. F\u00fcr jedes Fachverfahren bieten wir Ihnen in Zusammenarbeit mit dem Verfahrenshersteller Softwarepflegevertr\u00e4ge sowie auf Ihre individuellen Bed\u00fcrfnisse abgestimmte Betreuungsvertr\u00e4ge. Dadurch stehen Ihnen unsere qualifizierten Fachberater in einem frei definierbaren Zeitrahmen zur Verf\u00fcgung.<br \/>\n<a href=\"https:\/\/portal.kiv-thueringen.de\/web\/?page_id=327\">weiterlesen<\/a><\/p>\n<h3><\/h3>\n<h3>Softwareentwicklung<\/h3>\n<p>Die KIV Th\u00fcringen betreibt Softwareentwicklung und Programmierung f\u00fcr verschiedene Bereiche der Kommunalverwaltung. Durch langj\u00e4hrige Erfahrung im Bereich Datenbankentwicklung und Schnittstellenprogrammierung k\u00f6nnen wir unseren Kunden ausgereifte Konzepte anbieten.<br \/>\n<a href=\"https:\/\/portal.kiv-thueringen.de\/web\/?page_id=333\">weiterlesen<\/a><\/p>\n<p>&nbsp;<\/p>\n","protected":false},"excerpt":{"rendered":"<p>Gute Zusammenarbeit bedeutet mehr als der reine Verkauf von Software. Die\u00a0KIV Th\u00fcringen GmbH stellt Ihnen mehr als 50 Fachverfahren und Anwendungen zur Verf\u00fcgung &#8211; doch das ist nur die eine Seite der Medaille. Viel wichtiger als die Software, sind die&hellip;&nbsp;<a href=\"https:\/\/portal.kiv-thueringen.de\/web\/services\/\" class=\"more-link\">weiterlesen<\/a><\/p>\n","protected":false},"author":1,"featured_media":0,"parent":0,"menu_order":7,"comment_status":"closed","ping_status":"closed","template":"","meta":{"footnotes":""},"class_list":["post-157","page","type-page","status-publish","hentry"],"_links":{"self":[{"href":"https:\/\/portal.kiv-thueringen.de\/web\/wp-json\/wp\/v2\/pages\/157","targetHints":{"allow":["GET"]}}],"collection":[{"href":"https:\/\/portal.kiv-thueringen.de\/web\/wp-json\/wp\/v2\/pages"}],"about":[{"href":"https:\/\/portal.kiv-thueringen.de\/web\/wp-json\/wp\/v2\/types\/page"}],"author":[{"embeddable":true,"href":"https:\/\/portal.kiv-thueringen.de\/web\/wp-json\/wp\/v2\/users\/1"}],"replies":[{"embeddable":true,"href":"https:\/\/portal.kiv-thueringen.de\/web\/wp-json\/wp\/v2\/comments?post=157"}],"version-history":[{"count":17,"href":"https:\/\/portal.kiv-thueringen.de\/web\/wp-json\/wp\/v2\/pages\/157\/revisions"}],"predecessor-version":[{"id":612,"href":"https:\/\/portal.kiv-thueringen.de\/web\/wp-json\/wp\/v2\/pages\/157\/revisions\/612"}],"wp:attachment":[{"href":"https:\/\/portal.kiv-thueringen.de\/web\/wp-json\/wp\/v2\/media?parent=157"}],"curies":[{"name":"wp","href":"https:\/\/api.w.org\/{rel}","templated":true}]}}