{"id":15708,"date":"2024-04-29T13:37:18","date_gmt":"2024-04-29T11:37:18","guid":{"rendered":"https:\/\/portal.kiv-thueringen.de\/web\/?page_id=15708"},"modified":"2024-04-30T11:20:30","modified_gmt":"2024-04-30T09:20:30","slug":"fachberater-m-w-d-fuer-finanzwesen","status":"publish","type":"page","link":"https:\/\/portal.kiv-thueringen.de\/web\/fachberater-m-w-d-fuer-finanzwesen\/","title":{"rendered":"Fachberater*in f\u00fcr Finanzwesen (m\/w\/d)"},"content":{"rendered":"<p><strong><span style=\"font-size: 10pt;\">Die Kommunale Informationsverarbeitung Th\u00fcringen GmbH als Unternehmen des Freistaates Th\u00fcringen, der ekom21 \u2013 KGRZ Hessen, des Gemeinde- und St\u00e4dtebundes Th\u00fcringen sowie der Th\u00fcringer Kommunen ist der zentrale Kommunale IT-Dienstleister im kommunalen Umfeld. Als Komplettanbieter betreuen wir eine Vielzahl von Kommunen und Unternehmen mit kommunaler Beteiligung. Unsere Aufgaben sind die Beratung, Planung, Installation und Betreuung von PC-Netzwerken und anerkannter Kommunalsoftware, der Betrieb eines eigenen Rechenzentrums sowie die Entwicklung von eigenen Softwareprodukten. Gemeinsam mit unseren Gesellschaftern wollen wir die Digitalisierung der Kommunen entwickeln und gestalten.<\/span><\/strong><\/p>\n<p>Sie wollen das Finanzwesen der \u00f6ffentlichen Verwaltung in Th\u00fcringen vorantreiben?<br \/>\nDann verst\u00e4rken Sie unser Team als:<\/p>\n<h3><strong>Fachberater*in f\u00fcr Finanzwesen<\/strong>\u00a0(m\/w\/d)<\/h3>\n<h4>Das bieten wir Ihnen:<\/h4>\n<ul>\n<li>vielseitige und sinnstiftende Aufgaben von gesellschaftlicher Relevanz in einem dynamischen und zukunftsorientierten Markt der Kommunalen IT<\/li>\n<li>M\u00f6glichkeiten zur Weiterentwicklung Ihrer pers\u00f6nlichen St\u00e4rken, dann werden Sie Berater*in f\u00fcr die kommunale Finanzverwaltung (K\u00e4mmerei, Steueramt und Kasse)<\/li>\n<li>Vereinbarkeit von Beruf und Familie durch flexible Arbeitszeitmodelle, Gleitzeitgestaltung und die M\u00f6glichkeit des mobilen Arbeitens (Homeoffice)<\/li>\n<li>ein attraktives Arbeitsumfeld am Unternehmenssitz mit moderner Arbeitsplatzausstattung im Zentrum der Residenzstadt Gotha<\/li>\n<li>gute \u00d6PNV-Anbindung<\/li>\n<li>sozial ausgeglichenes und sicheres Bet\u00e4tigungsfeld in einer au\u00dfergew\u00f6hnlichen Unternehmenskultur, die um die Bedeutung jedes einzelnen Mitarbeitenden wei\u00df<\/li>\n<li>leistungsorientierte Verg\u00fctung in Anlehnung an den Tarifvertrag f\u00fcr den \u00f6ffentlichen Dienst (TV\u00f6D) \u2013 Entgeltgruppe 9 bis 12 entsprechend Ihrer Qualifizierung und Erfahrungen<\/li>\n<li>vorbildliche Sozialleistungen und umfangreiche Mitarbeiter-Benefits<\/li>\n<\/ul>\n<h4><\/h4>\n<h4>Das spricht f\u00fcr Sie:<\/h4>\n<ul>\n<li>abgeschlossene Ausbildung zum\/r Verwaltungsfachangestellten (w\/m\/d) oder vergleichbare Qualifikation wie z.B. Industriekauffrau\/-mann, B\u00fcrokauffrau\/-mann, Kauffrau\/-mann f\u00fcr B\u00fcrokommunikation (w\/m\/d) etc.<\/li>\n<li>Kenntnisse der kameral bzw. doppisch gef\u00fchrten Haushalte samt Finanzplanung, Vollzug der Haushalte, Erstellung der Jahresrechnungen f\u00fcr die Gemeinden und Zweckverb\u00e4nde<\/li>\n<li>sorgf\u00e4ltige Arbeitsweise und schnelle Auffassungsgabe<\/li>\n<li>Kontaktfreudigkeit und Kooperationsbereitschaft<\/li>\n<li>gute Kenntnisse im Umgang mit den Produkten der MS-Office-Familie<\/li>\n<li>Bereitschaft zu gelegentlichen, eint\u00e4gigen Dienstreisen in Th\u00fcringen<\/li>\n<li>Besitz eines g\u00fcltigen PKW-F\u00fchrerscheins<\/li>\n<\/ul>\n<p>&nbsp;<\/p>\n<h4><strong>Unser Angebot<\/strong>:<\/h4>\n<p>In spannenden Projekten lernen Sie die Vielfalt der kommunalen IT-Landschaft kennen und k\u00f6nnen Ihr Wissen als Berater in agilen Projekten mit hohen Grad an Entscheidungsfreiraum und Entwicklungsm\u00f6glichkeiten einbringen. Nach fundierter Einarbeitung bestehen Ihre Aufgaben haupts\u00e4chlich in der:<\/p>\n<ul>\n<li>Beratung und Betreuung der Kunden zum Thema Finanzwesen<\/li>\n<li>Begleitung von Kunden bei der Einf\u00fchrung und Umsetzung von K\u00e4mmerei-Aufgaben<\/li>\n<li>Durchf\u00fchrung von Schulungen und Workshops<\/li>\n<li>Umsetzung von Projekten zur Informationssicherheit<\/li>\n<li>Analyse von komplexen Zusammenh\u00e4ngen in Anwendungs- und Organisationsfragen<\/li>\n<li>Unterst\u00fctzung der internen Fachbereiche bei der Umsetzung der Anforderungen des bestehenden ISMS<\/li>\n<li>Erstellung von Fachkonzepten und Dokumentationen<\/li>\n<li>Zusammenarbeit mit anderen Beratern und Softwareentwicklern aus unserem Haus sowie externen Softwareherstellern<\/li>\n<\/ul>\n<p>&nbsp;<\/p>\n<h4><strong>Ihre Chance?<\/strong><\/h4>\n<p>Wenn Sie als Teil unseres Teams unsere Kunden in den Themenbereichen der Informationssicherheit und des Datenschutzes voranbringen m\u00f6chten, dann freuen wir uns auf Ihre Online-Bewerbung unter <a href=\"mailto:bewerbung@kiv-thueringen.de\">bewerbung@kiv-thueringen.de<\/a>.<\/p>\n<p><strong>Wir freuen uns auf Ihre Bewerbung<\/strong>.<\/p>\n","protected":false},"excerpt":{"rendered":"<p>Die Kommunale Informationsverarbeitung Th\u00fcringen GmbH als Unternehmen des Freistaates Th\u00fcringen, der ekom21 \u2013 KGRZ Hessen, des Gemeinde- und St\u00e4dtebundes Th\u00fcringen sowie der Th\u00fcringer Kommunen ist der zentrale Kommunale IT-Dienstleister im kommunalen Umfeld. Als Komplettanbieter betreuen wir eine Vielzahl von Kommunen&hellip;&nbsp;<a href=\"https:\/\/portal.kiv-thueringen.de\/web\/fachberater-m-w-d-fuer-finanzwesen\/\" class=\"more-link\">weiterlesen<\/a><\/p>\n","protected":false},"author":9,"featured_media":0,"parent":0,"menu_order":0,"comment_status":"closed","ping_status":"closed","template":"","meta":{"footnotes":""},"class_list":["post-15708","page","type-page","status-publish","hentry"],"_links":{"self":[{"href":"https:\/\/portal.kiv-thueringen.de\/web\/wp-json\/wp\/v2\/pages\/15708","targetHints":{"allow":["GET"]}}],"collection":[{"href":"https:\/\/portal.kiv-thueringen.de\/web\/wp-json\/wp\/v2\/pages"}],"about":[{"href":"https:\/\/portal.kiv-thueringen.de\/web\/wp-json\/wp\/v2\/types\/page"}],"author":[{"embeddable":true,"href":"https:\/\/portal.kiv-thueringen.de\/web\/wp-json\/wp\/v2\/users\/9"}],"replies":[{"embeddable":true,"href":"https:\/\/portal.kiv-thueringen.de\/web\/wp-json\/wp\/v2\/comments?post=15708"}],"version-history":[{"count":6,"href":"https:\/\/portal.kiv-thueringen.de\/web\/wp-json\/wp\/v2\/pages\/15708\/revisions"}],"predecessor-version":[{"id":15734,"href":"https:\/\/portal.kiv-thueringen.de\/web\/wp-json\/wp\/v2\/pages\/15708\/revisions\/15734"}],"wp:attachment":[{"href":"https:\/\/portal.kiv-thueringen.de\/web\/wp-json\/wp\/v2\/media?parent=15708"}],"curies":[{"name":"wp","href":"https:\/\/api.w.org\/{rel}","templated":true}]}}