{"id":159,"date":"2018-02-27T17:36:11","date_gmt":"2018-02-27T16:36:11","guid":{"rendered":"http:\/\/192.168.152.35\/?page_id=159"},"modified":"2024-05-14T11:13:11","modified_gmt":"2024-05-14T09:13:11","slug":"rechenzentrum","status":"publish","type":"page","link":"https:\/\/portal.kiv-thueringen.de\/web\/services\/rechenzentrum\/","title":{"rendered":"Rechenzentrum"},"content":{"rendered":"<h1><span style=\"color: #ff9900;\">Kommunales Rechenzentrum<\/span><\/h1>\n<div class=\"section\">\n<h2><span style=\"font-size: 14pt;\"><strong>Optimieren Sie Ihre IT-Ressourcen<\/strong><\/span><\/h2>\n<p>Bei uns erhalten Sie nicht nur Rechenpower f\u00fcr Ihre Anwendungen, sondern auch den kompletten administrativen und fachlichen Support. Ihre Daten werden in der kommunalen, privaten Cloud durch ein Team versierter Techniker auf hochmoderner Technik gehostet und stehen Ihnen jederzeit an jedem Ort sicher und performant zur Verf\u00fcgung. Zus\u00e4tzlich k\u00f6nnen Sie aus einer Vielzahl von Diensten Ihre IT ganz individuell Ihren Bed\u00fcrfnissen entsprechend erg\u00e4nzen und optimieren. So k\u00fcmmern wir uns mit unserem Managed-Service-Angebot f\u00fcr Ihre kommunale Software auch um die Wartung, Betreuung und einen hohen Leistungsstandard (Service Level Agreements) bei der Bereitstellung.\u00a0Wir unterst\u00fctzen Sie dabei, gesetzliche Vorschriften und Compliance-Themen Ihrer Verwaltung umzusetzen \u2013 gerade, wenn es um die Auslagerung sensibler Daten Ihres Hauses geht.<br \/>\nMit unserem BSI-zertifizierten Partnerrechenzentrum der ekom21 steht Ihnen dar\u00fcber hinaus zus\u00e4tzlich eine Vielzahl zus\u00e4tzlicher Dienste und Fachanwendungen zur Verf\u00fcgung.\u00a0Sorgen Sie mit uns f\u00fcr reibungslosen Ablauf \u2013 zeitnah und von jedem Ort aus. Sie konzentrieren sich auf Ihre internen Prozesse; wir k\u00fcmmern uns um den Rest!<\/p>\n<p>&nbsp;<\/p>\n<h3>Ihre Daten sind unser wertvollstes Gut<\/h3>\n<p>Wir bieten Hosting und Administration kommunaler Fachanwendung wie z. B.:<\/p>\n<ul>\n<li>Finanzwesen H&amp;H HKR<\/li>\n<li>Personenstandswesen AutiSta<\/li>\n<li>Einwohnermeldewesen MESO und VOIS<\/li>\n<li>Geografisches Informationssystem<\/li>\n<li>Liegenschaften webFLUR<\/li>\n<li>Friedhofsverwaltung webFRIED\/efi2<\/li>\n<li>Ausbau und Erschlie\u00dfung KKG<\/li>\n<li>Lohn- und Gehaltswesen LOGA und weitere.<\/li>\n<\/ul>\n<p>&nbsp;<\/p>\n<h3><strong>Schritt f\u00fcr Schritt in die digitale Welt \u2013 unsere Clouddienste<\/strong><\/h3>\n<p>Die Bereitstellung von Mehrwertdiensten wie z. B. Mail- und Collaboration-Dienste (Exchange, IMAP, POP) und sichere Maildienste \u00fcber kommunales DE-Mail-Gateway, sowie privater Cloudspeicher f\u00fcr die Ablage sensibler kommunaler Daten, Langzeitarchiv und B\u00fcndelung von ePayment (Elektronisches Bezahlen) und eRechnung (Elektronischer Rechnungsversand) machen Ihre Verwaltung zukunftssicher.<\/p>\n<p>&nbsp;<\/p>\n<h3>Schnell und sicher \u2013 das Kommunalnetz f\u00fcr Th\u00fcringen<\/h3>\n<p>\u00dcber eine Vielzahl von M\u00f6glichkeiten unseres Kommunalnetzes k\u00f6nnen Sie sicher und performant alle Dienste nutzen. \u00dcber Gateways k\u00f6nnen Sie problemlos auf andere Netze und Dienste, wie z. B. DOI und TESTA zugreifen.<\/p>\n<p><strong><span style=\"color: #ff9900;\">Kompetent\u00a0<\/span><\/strong><\/p>\n<p>Kompetenzen in Technik und Fachanwendungen mit \u00fcber 20 Jahren Erfahrungen im kommunalen Umfeld lassen uns mit Ihnen gemeinsam die optimale L\u00f6sung f\u00fcr das Outsourcing von IT-Leistungen finden.<\/p>\n<p><span style=\"color: #ff9900;\"><strong>Innovativ\u00a0<\/strong><\/span><\/p>\n<p>Der Einsatz modernster Informations- und Kommunikationstechnologie f\u00fcr Ihre Bed\u00fcrfnisse gestattet uns, die Aufgaben der kommunalen IT erfolgreich zu meistern.<\/p>\n<p><span style=\"color: #ff9900;\"><strong>Verl\u00e4sslich\u00a0<\/strong><\/span><\/p>\n<p>Sie als Kunde stehen im Mittelpunkt. Durch Hotline und Bereitschaftsdienste sichern wir einen 24\/7-Betrieb Ihrer Anwendungen. \u00dcber entsprechende Managementsysteme k\u00f6nnen wir nicht nur unsere, sondern auch Ihre Inhouse-IT sichern.<\/p>\n<p><span style=\"color: #ff9900;\"><strong>Gute Gr\u00fcnde f\u00fcr eine gemeinsame Partnerschaft<\/strong> <\/span><\/p>\n<p>Cloud und Rechenzentrumsbetrieb erfordern ein besonderes Vertrauensverh\u00e4ltnis, denn IT-Sicherheit ist ein komplexes Feld, welches hohe fachliche Kompetenz mit einem ausgepr\u00e4gten Bewusstsein f\u00fcr ihre Bed\u00fcrfnisse verbindet.<\/p>\n<p>&nbsp;<\/p>\n<hr \/>\n<h3 align=\"left\">Sprechen Sie mich an!<\/h3>\n<div align=\"left\"><\/div>\n<div align=\"left\"><\/div>\n<div align=\"left\">\n<table class=\"adresstable\" border=\"0\" cellspacing=\"1\" cellpadding=\"2\">\n<tbody>\n<tr>\n<td colspan=\"2\"><b>Thomas Gmilkowsky <\/b><\/td>\n<\/tr>\n<tr>\n<td colspan=\"2\">Gesch\u00e4ftsf\u00fchrer<\/td>\n<\/tr>\n<tr>\n<td><img decoding=\"async\" src=\"http:\/\/www.kiv-thueringen.de\/files\/telefon.gif\" border=\"0\" \/><\/td>\n<td>03621 &#8211; 4508 &#8211; 0<\/td>\n<\/tr>\n<tr>\n<td><img decoding=\"async\" src=\"http:\/\/www.kiv-thueringen.de\/files\/fax.gif\" border=\"0\" \/><\/td>\n<td>03621 &#8211; 4508 &#8211; 88<\/td>\n<\/tr>\n<tr>\n<td><img decoding=\"async\" src=\"http:\/\/www.kiv-thueringen.de\/files\/email.gif\" border=\"0\" \/><\/td>\n<td><a href=\"mailto:tgmilkowsky@kiv-thueringen.de\">tgmilkowsky@kiv-thueringen.de<\/a><\/td>\n<\/tr>\n<\/tbody>\n<\/table>\n<\/div>\n<\/div>\n","protected":false},"excerpt":{"rendered":"<p>Kommunales Rechenzentrum Optimieren Sie Ihre IT-Ressourcen Bei uns erhalten Sie nicht nur Rechenpower f\u00fcr Ihre Anwendungen, sondern auch den kompletten administrativen und fachlichen Support. Ihre Daten werden in der kommunalen, privaten Cloud durch ein Team versierter Techniker auf hochmoderner Technik&hellip;&nbsp;<a href=\"https:\/\/portal.kiv-thueringen.de\/web\/services\/rechenzentrum\/\" class=\"more-link\">weiterlesen<\/a><\/p>\n","protected":false},"author":1,"featured_media":0,"parent":157,"menu_order":1,"comment_status":"closed","ping_status":"closed","template":"","meta":{"footnotes":""},"class_list":["post-159","page","type-page","status-publish","hentry"],"_links":{"self":[{"href":"https:\/\/portal.kiv-thueringen.de\/web\/wp-json\/wp\/v2\/pages\/159","targetHints":{"allow":["GET"]}}],"collection":[{"href":"https:\/\/portal.kiv-thueringen.de\/web\/wp-json\/wp\/v2\/pages"}],"about":[{"href":"https:\/\/portal.kiv-thueringen.de\/web\/wp-json\/wp\/v2\/types\/page"}],"author":[{"embeddable":true,"href":"https:\/\/portal.kiv-thueringen.de\/web\/wp-json\/wp\/v2\/users\/1"}],"replies":[{"embeddable":true,"href":"https:\/\/portal.kiv-thueringen.de\/web\/wp-json\/wp\/v2\/comments?post=159"}],"version-history":[{"count":16,"href":"https:\/\/portal.kiv-thueringen.de\/web\/wp-json\/wp\/v2\/pages\/159\/revisions"}],"predecessor-version":[{"id":16621,"href":"https:\/\/portal.kiv-thueringen.de\/web\/wp-json\/wp\/v2\/pages\/159\/revisions\/16621"}],"up":[{"embeddable":true,"href":"https:\/\/portal.kiv-thueringen.de\/web\/wp-json\/wp\/v2\/pages\/157"}],"wp:attachment":[{"href":"https:\/\/portal.kiv-thueringen.de\/web\/wp-json\/wp\/v2\/media?parent=159"}],"curies":[{"name":"wp","href":"https:\/\/api.w.org\/{rel}","templated":true}]}}