{"id":16599,"date":"2024-08-12T08:41:45","date_gmt":"2024-08-12T06:41:45","guid":{"rendered":"https:\/\/portal.kiv-thueringen.de\/web\/?page_id=16599"},"modified":"2024-08-12T08:41:45","modified_gmt":"2024-08-12T06:41:45","slug":"ozg-starterprojekt-2024","status":"publish","type":"page","link":"https:\/\/portal.kiv-thueringen.de\/web\/digitalisierung\/ozg-starterprojekt-2024\/","title":{"rendered":"OZG Starterprojekt 2024"},"content":{"rendered":"<h1>OZG Starterprojekt 2024<\/h1>\n<p>Mit diesem Online-Formular k\u00f6nnen Th\u00fcringer Verwaltungen Ihr Interesse zur Teilnahme am OZG Starter Projekt anmelden.<\/p>\n<p>Im OZG Starter Projekt unterst\u00fctzt die KIV im Auftrag des Freistaat Th\u00fcringen die Kommunen bei der Einf\u00fchrung von bis zu 5 Onlineleistungen f\u00fcr die B\u00fcrgerinnen und B\u00fcrger sowie die dazugeh\u00f6rige Anbindung an die vorhandenen Fachverfahren.<\/p>\n<p>Die Teilnahme am Projekt ist f\u00fcr Th\u00fcringer Kommunen kostenlos\u00b9 und umfasst die folgenden Leistungen:<\/p>\n<ul>\n<li><strong>Anderweitige Stra\u00dfennutzung nach Bundesfern-, Th\u00fcringer Stra\u00dfengesetz und\/oder StVO<\/strong><\/li>\n<li><strong>Anmeldung, Abmeldung und Ummeldung von Hunden<\/strong><\/li>\n<li><strong>Anmeldung zur Aufnahme in einer Kindereinrichtung<\/strong><\/li>\n<li><strong>SEPA-Lastschriftmandat (kommunal) erteilen<\/strong><\/li>\n<li>Ein <strong>universelles Onlineverfahren<\/strong><\/li>\n<\/ul>\n<p>&nbsp;<\/p>\n<h3>F\u00fcr weitere Infos tragen Sie bitte Ihre Daten ein:<\/h3>\n<div class=\"wpforms-container wpforms-container-full\" id=\"wpforms-16596\"><form id=\"wpforms-form-16596\" class=\"wpforms-validate wpforms-form wpforms-ajax-form\" data-formid=\"16596\" method=\"post\" enctype=\"multipart\/form-data\" action=\"\/web\/wp-json\/wp\/v2\/pages\/16599\" data-token=\"98668befad745b4965d3d9f8c57152a1\" data-token-time=\"1778193326\"><noscript class=\"wpforms-error-noscript\">Bitte aktiviere JavaScript in deinem Browser, um dieses Formular fertigzustellen.<\/noscript><div class=\"wpforms-field-container\"><div id=\"wpforms-16596-field_3-container\" class=\"wpforms-field wpforms-field-text\" data-field-id=\"3\"><label class=\"wpforms-field-label\" for=\"wpforms-16596-field_3\">Name der Verwaltung <span class=\"wpforms-required-label\">*<\/span><\/label><input type=\"text\" id=\"wpforms-16596-field_3\" class=\"wpforms-field-medium wpforms-field-required\" name=\"wpforms[fields][3]\" required><\/div><div id=\"wpforms-16596-field_0-container\" class=\"wpforms-field wpforms-field-name\" data-field-id=\"0\"><label class=\"wpforms-field-label\">Name der Ansprechperson <span class=\"wpforms-required-label\">*<\/span><\/label><div class=\"wpforms-field-row wpforms-field-medium\"><div class=\"wpforms-field-row-block wpforms-first wpforms-one-half\"><input type=\"text\" id=\"wpforms-16596-field_0\" class=\"wpforms-field-name-first wpforms-field-required\" name=\"wpforms[fields][0][first]\" required><label for=\"wpforms-16596-field_0\" class=\"wpforms-field-sublabel after\">Vorname<\/label><\/div><div class=\"wpforms-field-row-block wpforms-one-half\"><input type=\"text\" id=\"wpforms-16596-field_0-last\" class=\"wpforms-field-name-last wpforms-field-required\" name=\"wpforms[fields][0][last]\" required><label for=\"wpforms-16596-field_0-last\" class=\"wpforms-field-sublabel after\">Nachname<\/label><\/div><\/div><\/div><div id=\"wpforms-16596-field_7-container\" class=\"wpforms-field wpforms-field-text\" data-field-id=\"7\"><label class=\"wpforms-field-label\" for=\"wpforms-16596-field_7\">Fachbereich<\/label><input type=\"text\" id=\"wpforms-16596-field_7\" class=\"wpforms-field-medium\" name=\"wpforms[fields][7]\" ><\/div><div id=\"wpforms-16596-field_1-container\" class=\"wpforms-field wpforms-field-email\" data-field-id=\"1\"><label class=\"wpforms-field-label\" for=\"wpforms-16596-field_1\">E-Mail-Adresse <span class=\"wpforms-required-label\">*<\/span><\/label><input type=\"email\" id=\"wpforms-16596-field_1\" class=\"wpforms-field-medium wpforms-field-required\" name=\"wpforms[fields][1]\" spellcheck=\"false\" required><\/div><div id=\"wpforms-16596-field_6-container\" class=\"wpforms-field wpforms-field-number\" data-field-id=\"6\"><label class=\"wpforms-field-label\" for=\"wpforms-16596-field_6\">Telefonnummer <span class=\"wpforms-required-label\">*<\/span><\/label><input type=\"number\" id=\"wpforms-16596-field_6\" class=\"wpforms-field-medium wpforms-field-required\" name=\"wpforms[fields][6]\" step=\"any\" required><\/div><div id=\"wpforms-16596-field_2-container\" class=\"wpforms-field wpforms-field-textarea\" data-field-id=\"2\"><label class=\"wpforms-field-label\" for=\"wpforms-16596-field_2\">Kommentar oder Nachricht (optional)<\/label><textarea id=\"wpforms-16596-field_2\" class=\"wpforms-field-medium\" name=\"wpforms[fields][2]\" ><\/textarea><\/div><\/div><!-- .wpforms-field-container --><div class=\"wpforms-submit-container\" ><input type=\"hidden\" name=\"wpforms[id]\" value=\"16596\"><input type=\"hidden\" name=\"page_title\" value=\"\"><input type=\"hidden\" name=\"page_url\" value=\"https:\/\/portal.kiv-thueringen.de\/web\/wp-json\/wp\/v2\/pages\/16599\"><input type=\"hidden\" name=\"url_referer\" value=\"\"><button type=\"submit\" name=\"wpforms[submit]\" id=\"wpforms-submit-16596\" class=\"wpforms-submit\" data-alt-text=\"Wird gesendet\u00a0\u2026\" data-submit-text=\"Absenden\" aria-live=\"assertive\" value=\"wpforms-submit\">Absenden<\/button><img loading=\"lazy\" decoding=\"async\" src=\"https:\/\/portal.kiv-thueringen.de\/web\/wp-content\/plugins\/wpforms-lite\/assets\/images\/submit-spin.svg\" class=\"wpforms-submit-spinner\" style=\"display: none;\" width=\"26\" height=\"26\" alt=\"Wird geladen\"><\/div><\/form><\/div>  <!-- .wpforms-container -->\n<p>&nbsp;<\/p>\n<p>&nbsp;<\/p>\n<hr \/>\n<p>1 | Je nach Projektanmeldung und Softwareintegration k\u00f6nnen weitere Betriebskosten anfallen.<\/p>\n","protected":false},"excerpt":{"rendered":"<p>OZG Starterprojekt 2024 Mit diesem Online-Formular k\u00f6nnen Th\u00fcringer Verwaltungen Ihr Interesse zur Teilnahme am OZG Starter Projekt anmelden. Im OZG Starter Projekt unterst\u00fctzt die KIV im Auftrag des Freistaat Th\u00fcringen die Kommunen bei der Einf\u00fchrung von bis zu 5 Onlineleistungen&hellip;&nbsp;<a href=\"https:\/\/portal.kiv-thueringen.de\/web\/digitalisierung\/ozg-starterprojekt-2024\/\" class=\"more-link\">weiterlesen<\/a><\/p>\n","protected":false},"author":19,"featured_media":0,"parent":11554,"menu_order":0,"comment_status":"closed","ping_status":"closed","template":"","meta":{"footnotes":""},"class_list":["post-16599","page","type-page","status-publish","hentry"],"_links":{"self":[{"href":"https:\/\/portal.kiv-thueringen.de\/web\/wp-json\/wp\/v2\/pages\/16599","targetHints":{"allow":["GET"]}}],"collection":[{"href":"https:\/\/portal.kiv-thueringen.de\/web\/wp-json\/wp\/v2\/pages"}],"about":[{"href":"https:\/\/portal.kiv-thueringen.de\/web\/wp-json\/wp\/v2\/types\/page"}],"author":[{"embeddable":true,"href":"https:\/\/portal.kiv-thueringen.de\/web\/wp-json\/wp\/v2\/users\/19"}],"replies":[{"embeddable":true,"href":"https:\/\/portal.kiv-thueringen.de\/web\/wp-json\/wp\/v2\/comments?post=16599"}],"version-history":[{"count":7,"href":"https:\/\/portal.kiv-thueringen.de\/web\/wp-json\/wp\/v2\/pages\/16599\/revisions"}],"predecessor-version":[{"id":16694,"href":"https:\/\/portal.kiv-thueringen.de\/web\/wp-json\/wp\/v2\/pages\/16599\/revisions\/16694"}],"up":[{"embeddable":true,"href":"https:\/\/portal.kiv-thueringen.de\/web\/wp-json\/wp\/v2\/pages\/11554"}],"wp:attachment":[{"href":"https:\/\/portal.kiv-thueringen.de\/web\/wp-json\/wp\/v2\/media?parent=16599"}],"curies":[{"name":"wp","href":"https:\/\/api.w.org\/{rel}","templated":true}]}}