{"id":18509,"date":"2024-12-02T15:49:44","date_gmt":"2024-12-02T14:49:44","guid":{"rendered":"https:\/\/portal.kiv-thueringen.de\/web\/?page_id=18509"},"modified":"2025-06-19T09:29:33","modified_gmt":"2025-06-19T07:29:33","slug":"thueringer-digitalcampus-2025","status":"publish","type":"page","link":"https:\/\/portal.kiv-thueringen.de\/web\/thueringer-digitalcampus-2025\/","title":{"rendered":"Th\u00fcringer Digitalcampus 2025"},"content":{"rendered":"<p>&nbsp;<\/p>\n<p><strong>TH\u00dcRINGER DIGITALCAMPUS 2025 \u2013 Zukunft gemeinsam gestalten!<\/strong><\/p>\n<p>&nbsp;<\/p>\n<p>2025 ist es wieder soweit: Der TH\u00dcRINGER DIGITALCAMPUS geht in seine dritte Auflage \u2013 und wir laden Sie herzlich ein, am 11. Juni 2025 im CongressCentrum der Messe Erfurt dabei zu sein!<\/p>\n<p>Freuen Sie sich auf ein inspirierendes Forum rund um Digitalisierung, Innovation und kommunale Zukunftsgestaltung.\u00a0Wir freuen uns besonders, dass der <strong>Th\u00fcringer Ministerpr\u00e4sident Prof. Dr. Mario Voigt <\/strong>die<strong> Schirmherrschaft<\/strong> \u00fcbernommen hat und den Er\u00f6ffnungsvortrag halten wird.<\/p>\n<p><strong>Buchen Sie schon jetzt Ihr kostenloses Ticket:<\/strong><\/p>\n<p><strong>Datum:<\/strong>\u00a011. Juni 2025<br \/>\n<strong>Ort:<\/strong>\u00a0CongressCentrum Messe Erfurt<\/p>\n<p><strong>Agenda<\/strong><\/p>\n<p>08:00 Uhr &#8211; 10:00 Uhr \u00d6ffnung, Registrierung und Ausstellung<br \/>\n09:00 Uhr &#8211; 09:30 Uhr\u00a0<strong>Er\u00f6ffnung durch Th\u00fcringer Ministerpr\u00e4sidenten Prof. Dr. Mario Voigt<\/strong><br \/>\n09:30 Uhr &#8211; 09:40 Uhr\u00a0<strong>Keynote Minister Sch\u00fctz<\/strong><br \/>\n10:15 Uhr &#8211; 12:15 Uhr\u00a0<strong>Gesellschafterversammlung<\/strong><br \/>\n10:45 Uhr &#8211; 12:30 Uhr Seminarblock I<br \/>\n12:30 Uhr &#8211; 13:30 Uhr Mittagspause und Ausstellung<br \/>\n13:30 Uhr &#8211; 15:30 Uhr Seminarblock II<br \/>\n15:00 Uhr &#8211; 16:00 Uhr Kaffee und Kuchen und Ausstellung<\/p>\n<p>Bitte w\u00e4hlen Sie im nachfolgenden Buchungsprozess alle von Ihnen gew\u00fcnschten Seminare aus. Sie finden die Seminare nach Uhrzeiten gestaffelt in den Seminargruppen. Sie k\u00f6nnen die Seminarliste <a href=\"https:\/\/portal.kiv-thueringen.de\/gesellschaftercloud\/s\/3Xjy2mX1iKLUnVg\" target=\"_blank\" rel=\"noopener\"><strong><em><u>HIER <\/u><\/em><\/strong><\/a>einsehen und downloaden.<\/p>\n<p>&nbsp;<\/p>\n<p>Die Vortr\u00e4ge stehen unter folgendem Link zum Nachlesen bereit:<\/p>\n<p><strong><em> <a href=\"https:\/\/portal.kiv-thueringen.de\/gesellschaftercloud\/s\/gMdYNy1712YvlsZ\">https:\/\/portal.kiv-thueringen.de\/gesellschaftercloud\/s\/gMdYNy1712YvlsZ<\/a><\/em><\/strong><\/p>\n<p>&nbsp;<\/p>\n<p>Gemeinsam mit Ihnen m\u00f6chten wir die digitale Zukunft Th\u00fcringens aktiv gestalten.<br \/>\nWir freuen uns auf Ihre Teilnahme!<\/p>\n<p>&nbsp;<\/p>\n<p><strong>Ihre KIV Th\u00fcringen GmbH &#8211; Kommunaler IT-Dienstleister des Freistaates Th\u00fcringen<\/strong><br \/>\nIhr kommunaler Partner f\u00fcr die digitale Zukunft des Freistaates Th\u00fcringen<\/p>\n<div class=\"viovendi-widget viovendi-booking-widget\" data-viovendi-locale=\"de-de\" data-viovendi-widget-config-name=\"booking-18099-83840\" data-viovendi-event=\"188315\" data-viovendi-organizer=\"18099\"><\/div>\n<p>&nbsp;<\/p>\n<p><strong><img loading=\"lazy\" decoding=\"async\" class=\"aligncenter wp-image-24330 size-full\" src=\"https:\/\/portal.kiv-thueringen.de\/web\/wp-content\/uploads\/2025\/04\/dPartner-website.png\" alt=\"\" width=\"728\" height=\"300\" srcset=\"https:\/\/portal.kiv-thueringen.de\/web\/wp-content\/uploads\/2025\/04\/dPartner-website.png 728w, https:\/\/portal.kiv-thueringen.de\/web\/wp-content\/uploads\/2025\/04\/dPartner-website-300x124.png 300w, https:\/\/portal.kiv-thueringen.de\/web\/wp-content\/uploads\/2025\/04\/dPartner-website-360x148.png 360w\" sizes=\"auto, (max-width: 728px) 100vw, 728px\" \/><\/strong><\/p>\n<p>&nbsp;<\/p>\n<p>&nbsp;<\/p>\n<p>&nbsp;<\/p>\n","protected":false},"excerpt":{"rendered":"<p>&nbsp; TH\u00dcRINGER DIGITALCAMPUS 2025 \u2013 Zukunft gemeinsam gestalten! &nbsp; 2025 ist es wieder soweit: Der TH\u00dcRINGER DIGITALCAMPUS geht in seine dritte Auflage \u2013 und wir laden Sie herzlich ein, am 11. Juni 2025 im CongressCentrum der Messe Erfurt dabei zu&hellip;&nbsp;<a href=\"https:\/\/portal.kiv-thueringen.de\/web\/thueringer-digitalcampus-2025\/\" class=\"more-link\">weiterlesen<\/a><\/p>\n","protected":false},"author":20,"featured_media":18517,"parent":0,"menu_order":0,"comment_status":"closed","ping_status":"closed","template":"","meta":{"footnotes":""},"class_list":["post-18509","page","type-page","status-publish","has-post-thumbnail","hentry"],"_links":{"self":[{"href":"https:\/\/portal.kiv-thueringen.de\/web\/wp-json\/wp\/v2\/pages\/18509","targetHints":{"allow":["GET"]}}],"collection":[{"href":"https:\/\/portal.kiv-thueringen.de\/web\/wp-json\/wp\/v2\/pages"}],"about":[{"href":"https:\/\/portal.kiv-thueringen.de\/web\/wp-json\/wp\/v2\/types\/page"}],"author":[{"embeddable":true,"href":"https:\/\/portal.kiv-thueringen.de\/web\/wp-json\/wp\/v2\/users\/20"}],"replies":[{"embeddable":true,"href":"https:\/\/portal.kiv-thueringen.de\/web\/wp-json\/wp\/v2\/comments?post=18509"}],"version-history":[{"count":23,"href":"https:\/\/portal.kiv-thueringen.de\/web\/wp-json\/wp\/v2\/pages\/18509\/revisions"}],"predecessor-version":[{"id":25151,"href":"https:\/\/portal.kiv-thueringen.de\/web\/wp-json\/wp\/v2\/pages\/18509\/revisions\/25151"}],"wp:featuredmedia":[{"embeddable":true,"href":"https:\/\/portal.kiv-thueringen.de\/web\/wp-json\/wp\/v2\/media\/18517"}],"wp:attachment":[{"href":"https:\/\/portal.kiv-thueringen.de\/web\/wp-json\/wp\/v2\/media?parent=18509"}],"curies":[{"name":"wp","href":"https:\/\/api.w.org\/{rel}","templated":true}]}}