{"id":2230,"date":"2019-04-12T08:38:36","date_gmt":"2019-04-12T06:38:36","guid":{"rendered":"https:\/\/portal.kiv-thueringen.de\/web\/?page_id=2230"},"modified":"2020-02-05T15:25:45","modified_gmt":"2020-02-05T14:25:45","slug":"newsletter-archiv","status":"publish","type":"page","link":"https:\/\/portal.kiv-thueringen.de\/web\/newsletter-archiv\/","title":{"rendered":"Newsletter-Archiv"},"content":{"rendered":"\n<h2 class=\"wp-block-heading\">Newsletter-Archiv<\/h2>\n\n\n\n<ul class=\"wp-block-list\"><li><a href=\"https:\/\/portal.kiv-thueringen.de\/web\/wp-content\/uploads\/2020\/02\/Newsletter_E-Government4.pdf\" target=\"_blank\" rel=\"noreferrer noopener\" aria-label=\"Newsletter E-Government (opens in a new tab)\">Newsletter E-Government<\/a><br>Die KIV Th\u00fcringen GmbH als kommunalrer Dienstleister, Digitale Agenda, Workflowsystem Th\u00fcKOS, F\u00f6rderprojekte<\/li><li><a rel=\"noreferrer noopener\" aria-label=\"Sondernewsletter Digitalisierung (opens in a new tab)\" href=\"\/\/portal.kiv-thueringen.de\/web\/wp-content\/uploads\/2020\/02\/Newsletter_E-Government3.pdf\" target=\"_blank\">Sondernewsletter Digitalisierung<\/a><br>Digitalisierung f\u00fcr Th\u00fcringer Kommunen, F\u00f6rdercluster<\/li><li><a rel=\"noreferrer noopener\" href=\"https:\/\/portal.kiv-thueringen.de\/web\/wp-content\/uploads\/2019\/02\/Newsletter_01_19.pdf\" target=\"_blank\">Newsletter_01_19<\/a><br>Gebietsreform 2019, Veranstaltungen E-Government<\/li><li><a rel=\"noreferrer noopener\" href=\"https:\/\/portal.kiv-thueringen.de\/web\/wp-content\/uploads\/2019\/02\/Newsletter_04_18.pdf\" target=\"_blank\">Newsletter_04_18<\/a><br>Updateschulungen im Standesamtswesen, f\u00e4lschungssicherer Datenspeicher<\/li><li><a rel=\"noreferrer noopener\" href=\"https:\/\/portal.kiv-thueringen.de\/web\/wp-content\/uploads\/2018\/07\/Newsletter_03_18.pdf\" target=\"_blank\">Newsletter_03_18<\/a><br>DSGVO, 25 Jahre KIV Th\u00fcringen GmbH, externer Datenschutzbeauftragter<\/li><li><a rel=\"noreferrer noopener\" href=\"https:\/\/portal.kiv-thueringen.de\/web\/wp-content\/uploads\/2018\/05\/Newsletter_02_18_Sondernewsletter.pdf\" target=\"_blank\">Newsletter_02_18_Sondernewsletter<\/a><br>E-Rechnung. E-Akte. E-Payment. E-Mail-Archivierung. DSGVO.<\/li><li><a rel=\"noreferrer noopener\" href=\"https:\/\/portal.kiv-thueringen.de\/web\/wp-content\/uploads\/2018\/05\/Newsletter_01_18.pdf\" target=\"_blank\">Newsletter_01_18<\/a><br>Neues aus dem Bereich Dokumentenmanagementsystem. OWI21: App erm\u00f6glicht Fallerfassung auf iOS-Ger\u00e4ten. Nutzung des Ticketsystems. KIV Th\u00fcringen GmbH als Sachverst\u00e4ndige im Th\u00fcringer Landtag. Aktueller Veranstaltungs- und Schulungsplan. E-Rechnung am Horizont.<\/li><li><a rel=\"noreferrer noopener\" href=\"https:\/\/portal.kiv-thueringen.de\/web\/wp-content\/uploads\/2018\/05\/Newsletter_04_17.pdf\" target=\"_blank\">Newsletter_04_17<\/a><br>Neues aus dem KIV-Rechenzentrum. Erweiterte M\u00f6glichkeiten im Standesamtswesen. H&amp;H ProDoppik: Anwendertag, Schulung Jahresabschluss und Modul Personenzusammenf\u00fchrung. Neuigkeiten zu webFRIED und webFLUR.<\/li><li><a rel=\"noreferrer noopener\" href=\"https:\/\/portal.kiv-thueringen.de\/web\/wp-content\/uploads\/2018\/05\/Newsletter_03_17.pdf\" target=\"_blank\">Newsletter_03_17<\/a><br>Bundestagswahl wirft Schatten voraus. Registrierungsstelle der KIV Th\u00fcringen GmbH baut Service aus. Landratsamt Schmalkalden-Meiningen setzt GIS-L\u00f6sung f\u00fcr Naturschutz und Schulen ein. Neue Programmversion H&amp;H ProDoppik. Neuigkeiten zu webFRIED und webFLUR.<\/li><li><a rel=\"noreferrer noopener\" href=\"https:\/\/portal.kiv-thueringen.de\/web\/wp-content\/uploads\/2018\/05\/Newsletter_02_17.pdf\" target=\"_blank\">Newsletter_02_17<\/a><br>KIV Th\u00fcringen aktiv bei der Gebietsreform. Updates und neue Programmversionen. webFLUR-Anwendertag mit gro\u00dfer Resonanz. Neue Programmversion webFRIED 3.0. Verst\u00e4rkung in der KIV Th\u00fcringen.<\/li><li><a rel=\"noreferrer noopener\" href=\"https:\/\/portal.kiv-thueringen.de\/web\/wp-content\/uploads\/2018\/05\/Newsletter_01_17.pdf\" target=\"_blank\">Newsletter_01_17<\/a><br>W-LAN f\u00fcr alle mit der KIV Th\u00fcringen. KIV Th\u00fcringen \u00fcbernimmt Fachverfahren LOGA. Verst\u00e4rkung in der KIV Th\u00fcringen. Anwenderschulungen AutiSta in 2017. Extrem gef\u00e4hrlich \u2013 der Erpresser-Trojaner \u201eGoldeneye\u201c.<\/li><li><a rel=\"noreferrer noopener\" href=\"https:\/\/portal.kiv-thueringen.de\/web\/wp-content\/uploads\/2018\/05\/Newsletter_03_16.pdf\" target=\"_blank\">Newsletter_03_16<\/a><br>Kommunale Verm\u00f6gensverwaltung und ihre T\u00fccken. EPSAS \u2013 eine europ\u00e4ische Idee. Energiebericht kommunale Geb\u00e4ude. Der aktuelle Veranstaltungs- und Schulungsplan Ihrer KIV Th\u00fcringen.<\/li><li><a rel=\"noreferrer noopener\" href=\"https:\/\/portal.kiv-thueringen.de\/web\/wp-content\/uploads\/2018\/05\/Newsletter_02_16.pdf\" target=\"_blank\">Newsletter_02_16<\/a><br>Hausmesse 2016 \u2013 ein R\u00fcckblick. Kommunalthementag \u2013 alles um das neue HKR von H&amp;H. Die KIV auf dem Infotag des Gemeinde- und St\u00e4dtebundes Th\u00fcringen. KIV unterwegs \u2013 erfolgreicher Auftritt auf dem 10. Th\u00fcringer GIS-Forum.<\/li><li><a rel=\"noreferrer noopener\" href=\"https:\/\/portal.kiv-thueringen.de\/web\/wp-content\/uploads\/2018\/05\/Newsletter_01_16.pdf\" target=\"_blank\">Newsletter_01_16<\/a><br>Neue Mitglieder in der KIV-Familie. Ticketsystem der KIV Th\u00fcringen \u2013 Ihr Anliegen in den richtigen H\u00e4nden. Unterst\u00fctzung bei der Gebietsreform. Neues Corporate Design der KIV Th\u00fcringen.<\/li><\/ul>\n","protected":false},"excerpt":{"rendered":"<p>Newsletter-Archiv Newsletter E-GovernmentDie KIV Th\u00fcringen GmbH als kommunalrer Dienstleister, Digitale Agenda, Workflowsystem Th\u00fcKOS, F\u00f6rderprojekte Sondernewsletter DigitalisierungDigitalisierung f\u00fcr Th\u00fcringer Kommunen, F\u00f6rdercluster Newsletter_01_19Gebietsreform 2019, Veranstaltungen E-Government Newsletter_04_18Updateschulungen im Standesamtswesen, f\u00e4lschungssicherer Datenspeicher Newsletter_03_18DSGVO, 25 Jahre KIV Th\u00fcringen GmbH, externer Datenschutzbeauftragter Newsletter_02_18_SondernewsletterE-Rechnung. E-Akte. E-Payment.&hellip;&nbsp;<a href=\"https:\/\/portal.kiv-thueringen.de\/web\/newsletter-archiv\/\" class=\"more-link\">weiterlesen<\/a><\/p>\n","protected":false},"author":7,"featured_media":27,"parent":0,"menu_order":0,"comment_status":"closed","ping_status":"closed","template":"","meta":{"footnotes":""},"class_list":["post-2230","page","type-page","status-publish","has-post-thumbnail","hentry"],"_links":{"self":[{"href":"https:\/\/portal.kiv-thueringen.de\/web\/wp-json\/wp\/v2\/pages\/2230","targetHints":{"allow":["GET"]}}],"collection":[{"href":"https:\/\/portal.kiv-thueringen.de\/web\/wp-json\/wp\/v2\/pages"}],"about":[{"href":"https:\/\/portal.kiv-thueringen.de\/web\/wp-json\/wp\/v2\/types\/page"}],"author":[{"embeddable":true,"href":"https:\/\/portal.kiv-thueringen.de\/web\/wp-json\/wp\/v2\/users\/7"}],"replies":[{"embeddable":true,"href":"https:\/\/portal.kiv-thueringen.de\/web\/wp-json\/wp\/v2\/comments?post=2230"}],"version-history":[{"count":6,"href":"https:\/\/portal.kiv-thueringen.de\/web\/wp-json\/wp\/v2\/pages\/2230\/revisions"}],"predecessor-version":[{"id":3895,"href":"https:\/\/portal.kiv-thueringen.de\/web\/wp-json\/wp\/v2\/pages\/2230\/revisions\/3895"}],"wp:featuredmedia":[{"embeddable":true,"href":"https:\/\/portal.kiv-thueringen.de\/web\/wp-json\/wp\/v2\/media\/27"}],"wp:attachment":[{"href":"https:\/\/portal.kiv-thueringen.de\/web\/wp-json\/wp\/v2\/media?parent=2230"}],"curies":[{"name":"wp","href":"https:\/\/api.w.org\/{rel}","templated":true}]}}