{"id":234,"date":"2018-03-27T17:03:57","date_gmt":"2018-03-27T15:03:57","guid":{"rendered":"http:\/\/192.168.152.35\/veranstaltungen-2\/"},"modified":"2022-12-19T17:22:27","modified_gmt":"2022-12-19T16:22:27","slug":"veranstaltungen","status":"publish","type":"page","link":"https:\/\/portal.kiv-thueringen.de\/web\/veranstaltungen\/","title":{"rendered":"Veranstaltungen"},"content":{"rendered":"<h1>Aktuelle Veranstaltungen<\/h1>\n<p>Hier finden Sie alle Veranstaltungen, welche durch die KIV Th\u00fcringen durchgef\u00fchrt werden.<\/p>\n<p>Bitte schauen Sie\u00a0weiterhin vorbei &#8211; wir werden die Eintr\u00e4ge regelm\u00e4\u00dfig aktualisieren.<\/p>\n<p><strong>Bitte beachten:<\/strong> Alle Preise verstehen sich zzgl. der gesetzlichen Umsatzsteuer.<\/p>\n<p>CONTENTS<\/p>\n","protected":false},"excerpt":{"rendered":"<p>CONTENTS<\/p>\n","protected":false},"author":1,"featured_media":1732,"parent":0,"menu_order":0,"comment_status":"closed","ping_status":"closed","template":"","meta":{"footnotes":""},"class_list":["post-234","page","type-page","status-publish","has-post-thumbnail","hentry"],"_links":{"self":[{"href":"https:\/\/portal.kiv-thueringen.de\/web\/wp-json\/wp\/v2\/pages\/234","targetHints":{"allow":["GET"]}}],"collection":[{"href":"https:\/\/portal.kiv-thueringen.de\/web\/wp-json\/wp\/v2\/pages"}],"about":[{"href":"https:\/\/portal.kiv-thueringen.de\/web\/wp-json\/wp\/v2\/types\/page"}],"author":[{"embeddable":true,"href":"https:\/\/portal.kiv-thueringen.de\/web\/wp-json\/wp\/v2\/users\/1"}],"replies":[{"embeddable":true,"href":"https:\/\/portal.kiv-thueringen.de\/web\/wp-json\/wp\/v2\/comments?post=234"}],"version-history":[{"count":12,"href":"https:\/\/portal.kiv-thueringen.de\/web\/wp-json\/wp\/v2\/pages\/234\/revisions"}],"predecessor-version":[{"id":2727,"href":"https:\/\/portal.kiv-thueringen.de\/web\/wp-json\/wp\/v2\/pages\/234\/revisions\/2727"}],"wp:featuredmedia":[{"embeddable":true,"href":"https:\/\/portal.kiv-thueringen.de\/web\/wp-json\/wp\/v2\/media\/1732"}],"wp:attachment":[{"href":"https:\/\/portal.kiv-thueringen.de\/web\/wp-json\/wp\/v2\/media?parent=234"}],"curies":[{"name":"wp","href":"https:\/\/api.w.org\/{rel}","templated":true}]}}