{"id":259,"date":"2018-03-29T13:48:51","date_gmt":"2018-03-29T11:48:51","guid":{"rendered":"http:\/\/192.168.152.35\/?page_id=259"},"modified":"2018-05-24T13:53:44","modified_gmt":"2018-05-24T11:53:44","slug":"bescheiderstellung","status":"publish","type":"page","link":"https:\/\/portal.kiv-thueringen.de\/web\/kommunaldienste\/bescheiderstellung\/","title":{"rendered":"Beitragswesen"},"content":{"rendered":"<h1><span style=\"color: #ff9900;\">Beitragswesen und Erstellen <span style=\"font-size: 24pt;\">von<\/span> Beitragsbescheiden<\/span><\/h1>\n<div class=\"section\">\n<p><strong>Eingesetztes Fachverfahren:<\/strong><br \/>\nKKG von isp-insoft GmbH<\/p>\n<p><strong>Leistungsgegenstand der Betreuungspakete:<\/strong><\/p>\n<ul>\n<li>Ein Betreuungs- und Beratungsfachmann ist anteilig f\u00fcr den Auftraggeber gebunden.<\/li>\n<li>Der Auftragnehmer \u00fcbernimmt folgende Betreuungsleistungen:\n<ul>\n<li>Beratung zu satzungsrechtlichen Fragen<\/li>\n<li>Anpassung und Erstellung individueller Formulare<\/li>\n<li>WINDOW\u2019s im Zusammenhang mit KKG<\/li>\n<li>Softwarespezifische Probleme<\/li>\n<li>gemeinsames Erf\u00fcllen von Projekten bis zur Bescheidschreibung<\/li>\n<\/ul>\n<\/li>\n<\/ul>\n<p>Mit <span class=\"caps\">KKG<\/span> bearbeiten Sie alle Aufgaben der kommunalen Beitragserhebung in den Rechtsgebieten<\/p>\n<ul>\n<li>Erschlie\u00dfung (BauGB)\n<ul>\n<li>Ausbau (<span class=\"caps\">KAG<\/span>)<\/li>\n<li>Anschluss (<span class=\"caps\">KAG<\/span>)<\/li>\n<li>Ausgleichsabgaben nach BNatSchG und <span class=\"caps\">KAG<\/span><\/li>\n<li>Verbandsumlagen aller Art und alle<\/li>\n<li>sonstigen Beitragsarten.<\/li>\n<\/ul>\n<\/li>\n<\/ul>\n<p>Von der Planung bis zur Widerspruchsbearbeitung. <span class=\"caps\">KKG<\/span> ist heute bereits fast im gesamten Bundesgebiet im Einsatz. Das garantiert Ihnen umfassende Einsatzf\u00e4higkeit auch in Ihrem Hause.<\/p>\n<p>Die erstmalig\/einmalige oder auch periodische Erstellung Ihrer Beitragsbescheide steht an und die personelle\u00a0Situation in Ihrer Kommune ist bereits arg strapaziert.\u00a0 Alle Kolleginnen und Kollegen stecken bis \u00fcber ihre Belastungsgrenzen in Arbeit und die Zeit dr\u00e4ngt.<\/p>\n<p>Wir als Anbieter und Dienstleister f\u00fcr\u00a0Software f\u00fcr die Beitragserhebung\u00a0von:<\/p>\n<ul>\n<li><strong>Stra\u00dfenausbau<\/strong>-,\n<ul>\n<li><strong>Erschlie\u00dfungs-<\/strong>\u00a0oder<\/li>\n<li><strong>Abwasserbeitr\u00e4gen<\/strong><\/li>\n<\/ul>\n<\/li>\n<\/ul>\n<p>Wir haben das notwendige KnowHow und die Manpower, die Ihnen in diesen Situationen helfen k\u00f6nnen!<\/p>\n<p>F\u00fcr oben genannte Bescheidarten erbringen wir folgenden Leistungsumfang:<\/p>\n<ul>\n<li>Kostenaufstellung,\n<ul>\n<li>Grundst\u00fccksbewertung inklusive Teilfl\u00e4chenermittlung,<\/li>\n<li>\u00dcberpr\u00fcfen der Eigent\u00fcmerdaten,<\/li>\n<li>Vorabinformationen zur Erhebung (Feststellungsbescheide),<\/li>\n<li>Ermittlung des Beitragssatzes,<\/li>\n<li>Entwurf des Bescheidformulars,<\/li>\n<li>Erstellen der Beitragsbescheide inklusive Sammelannahmeanordnungen,<\/li>\n<li>\u00dcbergabe der Sollstellungen auf einen Datentr\u00e4ger zur elektronischen Anweisung.<\/li>\n<\/ul>\n<\/li>\n<\/ul>\n<p>Sehr gern\u00a0unterbreiten wir Ihnen dazu\u00a0ein Angebot. Nehmen Sie Kontakt mit unserem Fachbereich oder\u00a0Kommunalberatern\u00a0auf, um Ihnen ein St\u00fcck mehr Handlungsfreiheit f\u00fcr Ihre anderen Aufgaben und T\u00e4tigkeiten zu erm\u00f6glichen.<\/p>\n<\/div>\n<hr \/>\n<h3>Ich helfe Ihnen gern!<\/h3>\n<div align=\"left\"><\/div>\n<div align=\"left\">\n<table class=\"adresstable\" border=\"0\" cellspacing=\"1\" cellpadding=\"2\">\n<tbody>\n<tr>\n<td colspan=\"2\"><b>Stefan Amling<\/b><\/td>\n<\/tr>\n<tr>\n<td colspan=\"2\">Fachberater Beitragswesen (KKG)<\/td>\n<\/tr>\n<tr>\n<td><img decoding=\"async\" src=\"http:\/\/www.kiv-thueringen.de\/files\/telefon.gif\" border=\"0\" \/><\/td>\n<td>03621 &#8211; 4508 &#8211; 38<\/td>\n<\/tr>\n<tr>\n<td><img decoding=\"async\" src=\"http:\/\/www.kiv-thueringen.de\/files\/fax.gif\" border=\"0\" \/><\/td>\n<td>03621 &#8211; 4508 &#8211; 88<\/td>\n<\/tr>\n<tr>\n<td><img decoding=\"async\" src=\"http:\/\/www.kiv-thueringen.de\/files\/email.gif\" border=\"0\" \/><\/td>\n<td><a href=\"mailto:samling@kiv-thueringen.de\">samling@kiv-thueringen.de<\/a><\/td>\n<\/tr>\n<\/tbody>\n<\/table>\n<\/div>\n","protected":false},"excerpt":{"rendered":"<p>Beitragswesen und Erstellen von Beitragsbescheiden Eingesetztes Fachverfahren: KKG von isp-insoft GmbH Leistungsgegenstand der Betreuungspakete: Ein Betreuungs- und Beratungsfachmann ist anteilig f\u00fcr den Auftraggeber gebunden. Der Auftragnehmer \u00fcbernimmt folgende Betreuungsleistungen: Beratung zu satzungsrechtlichen Fragen Anpassung und Erstellung individueller Formulare WINDOW\u2019s im&hellip;&nbsp;<a href=\"https:\/\/portal.kiv-thueringen.de\/web\/kommunaldienste\/bescheiderstellung\/\" class=\"more-link\">weiterlesen<\/a><\/p>\n","protected":false},"author":6,"featured_media":0,"parent":526,"menu_order":0,"comment_status":"closed","ping_status":"closed","template":"","meta":{"footnotes":""},"class_list":["post-259","page","type-page","status-publish","hentry"],"_links":{"self":[{"href":"https:\/\/portal.kiv-thueringen.de\/web\/wp-json\/wp\/v2\/pages\/259","targetHints":{"allow":["GET"]}}],"collection":[{"href":"https:\/\/portal.kiv-thueringen.de\/web\/wp-json\/wp\/v2\/pages"}],"about":[{"href":"https:\/\/portal.kiv-thueringen.de\/web\/wp-json\/wp\/v2\/types\/page"}],"author":[{"embeddable":true,"href":"https:\/\/portal.kiv-thueringen.de\/web\/wp-json\/wp\/v2\/users\/6"}],"replies":[{"embeddable":true,"href":"https:\/\/portal.kiv-thueringen.de\/web\/wp-json\/wp\/v2\/comments?post=259"}],"version-history":[{"count":10,"href":"https:\/\/portal.kiv-thueringen.de\/web\/wp-json\/wp\/v2\/pages\/259\/revisions"}],"predecessor-version":[{"id":592,"href":"https:\/\/portal.kiv-thueringen.de\/web\/wp-json\/wp\/v2\/pages\/259\/revisions\/592"}],"up":[{"embeddable":true,"href":"https:\/\/portal.kiv-thueringen.de\/web\/wp-json\/wp\/v2\/pages\/526"}],"wp:attachment":[{"href":"https:\/\/portal.kiv-thueringen.de\/web\/wp-json\/wp\/v2\/media?parent=259"}],"curies":[{"name":"wp","href":"https:\/\/api.w.org\/{rel}","templated":true}]}}