{"id":29989,"date":"2025-07-16T12:02:28","date_gmt":"2025-07-16T10:02:28","guid":{"rendered":"https:\/\/portal.kiv-thueringen.de\/web\/?page_id=29989"},"modified":"2025-07-16T13:34:54","modified_gmt":"2025-07-16T11:34:54","slug":"projektmitglieder-ewa","status":"publish","type":"page","link":"https:\/\/portal.kiv-thueringen.de\/web\/digitalisierung\/projektmitglieder-ewa\/","title":{"rendered":"Projektmitglieder eWA"},"content":{"rendered":"<p>Sehr geehrte Projektteilnehmer:innen,<\/p>\n<p>f\u00fcr die Umsetzung des Projektes &#8222;elektronische Wohnsitzanmeldung&#8220; ben\u00f6tigen wir die Benennung Ihrer Projektmitglieder.<\/p>\n<p>Bitte tragen Sie dazu im Formular die Kontaktdaten zu den Projektmitgliedern ein:<\/p>\n<ul>\n<li>Projektverantwortliche Person<\/li>\n<li>Fachliche Ansprechperson aus dem Einwohnermeldeamt<\/li>\n<li>Datenschutzbeauftragte:r<\/li>\n<\/ul>\n<p>&nbsp;<\/p>\n<p>Selbstverst\u00e4ndlich ist es auch m\u00f6glich, dass einzelne Personen mehrere Rollen \u00fcbernehmen \u2013 bitte tragen Sie diese dann entsprechend mehrfach ein.<\/p>\n<div class=\"wpforms-container wpforms-container-full\" id=\"wpforms-29983\"><form id=\"wpforms-form-29983\" class=\"wpforms-validate wpforms-form wpforms-ajax-form\" data-formid=\"29983\" method=\"post\" enctype=\"multipart\/form-data\" action=\"\/web\/wp-json\/wp\/v2\/pages\/29989\" data-token=\"abe098e152dfe19b060ac57b3aee4a2d\" data-token-time=\"1778193327\"><noscript class=\"wpforms-error-noscript\">Bitte aktiviere JavaScript in deinem Browser, um dieses Formular fertigzustellen.<\/noscript><div class=\"wpforms-field-container\"><div id=\"wpforms-29983-field_8-container\" class=\"wpforms-field wpforms-field-text\" data-field-id=\"8\"><label class=\"wpforms-field-label\" for=\"wpforms-29983-field_8\">Verwaltungname<\/label><input type=\"text\" id=\"wpforms-29983-field_8\" class=\"wpforms-field-medium\" name=\"wpforms[fields][8]\" ><\/div>\t\t<div id=\"wpforms-29983-field_4-container\"\n\t\t\tclass=\"wpforms-field wpforms-field-text\"\n\t\t\tdata-field-type=\"text\"\n\t\t\tdata-field-id=\"4\"\n\t\t\t>\n\t\t\t<label class=\"wpforms-field-label\" for=\"wpforms-29983-field_4\" >Telefonnummer Amtszugeh\u00f6rigkeit DEM<\/label>\n\t\t\t<input type=\"text\" id=\"wpforms-29983-field_4\" class=\"wpforms-field-medium\" name=\"wpforms[fields][4]\" >\n\t\t<\/div>\n\t\t<div id=\"wpforms-29983-field_1-container\" class=\"wpforms-field wpforms-field-name\" data-field-id=\"1\"><label class=\"wpforms-field-label\"> PROJEKTVERANTWORTLICHE PERSON <span class=\"wpforms-required-label\">*<\/span><\/label><div class=\"wpforms-field-row wpforms-field-medium\"><div class=\"wpforms-field-row-block wpforms-first wpforms-one-half\"><input type=\"text\" id=\"wpforms-29983-field_1\" class=\"wpforms-field-name-first wpforms-field-required\" name=\"wpforms[fields][1][first]\" required><label for=\"wpforms-29983-field_1\" class=\"wpforms-field-sublabel after\">Vorname<\/label><\/div><div class=\"wpforms-field-row-block wpforms-one-half\"><input type=\"text\" id=\"wpforms-29983-field_1-last\" class=\"wpforms-field-name-last wpforms-field-required\" name=\"wpforms[fields][1][last]\" required><label for=\"wpforms-29983-field_1-last\" class=\"wpforms-field-sublabel after\">Nachname<\/label><\/div><\/div><div class=\"wpforms-field-description\">Diese Person ist zentrale Ansprechperson f\u00fcr die KIV, koordiniert die Umsetzung der Arbeitspakete in der Verwaltung und leitet Zuarbeiten und\/oder Probleme an die KIV weiter.<\/div><\/div><div id=\"wpforms-29983-field_5-container\" class=\"wpforms-field wpforms-field-text\" data-field-id=\"5\"><label class=\"wpforms-field-label\" for=\"wpforms-29983-field_5\">Amtszugeh\u00f6rigkeit<\/label><input type=\"text\" id=\"wpforms-29983-field_5\" class=\"wpforms-field-medium\" name=\"wpforms[fields][5]\" ><\/div><div id=\"wpforms-29983-field_2-container\" class=\"wpforms-field wpforms-field-number\" data-field-id=\"2\"><label class=\"wpforms-field-label\" for=\"wpforms-29983-field_2\">Telefonnummer<\/label><input type=\"number\" id=\"wpforms-29983-field_2\" class=\"wpforms-field-small\" name=\"wpforms[fields][2]\" step=\"any\" ><\/div><div id=\"wpforms-29983-field_3-container\" class=\"wpforms-field wpforms-field-email\" data-field-id=\"3\"><label class=\"wpforms-field-label\" for=\"wpforms-29983-field_3\">E-Mail-Adresse <span class=\"wpforms-required-label\">*<\/span><\/label><input type=\"email\" id=\"wpforms-29983-field_3\" class=\"wpforms-field-small wpforms-field-required\" name=\"wpforms[fields][3]\" spellcheck=\"false\" required><\/div><div id=\"wpforms-29983-field_9-container\" class=\"wpforms-field wpforms-field-name\" data-field-id=\"9\"><label class=\"wpforms-field-label\">FACHLICHE ANSPRECHPERSON AUS DEM EINWOHNERMELDEAMT <span class=\"wpforms-required-label\">*<\/span><\/label><div class=\"wpforms-field-row wpforms-field-medium\"><div class=\"wpforms-field-row-block wpforms-first wpforms-one-half\"><input type=\"text\" id=\"wpforms-29983-field_9\" class=\"wpforms-field-name-first wpforms-field-required\" name=\"wpforms[fields][9][first]\" required><label for=\"wpforms-29983-field_9\" class=\"wpforms-field-sublabel after\">Vorname<\/label><\/div><div class=\"wpforms-field-row-block wpforms-one-half\"><input type=\"text\" id=\"wpforms-29983-field_9-last\" class=\"wpforms-field-name-last wpforms-field-required\" name=\"wpforms[fields][9][last]\" required><label for=\"wpforms-29983-field_9-last\" class=\"wpforms-field-sublabel after\">Nachname<\/label><\/div><\/div><div class=\"wpforms-field-description\">Diese Person ist zentrale Schnittstelle zwischen dem Einwohnermeldeamt und der Projektleitung. Sie bringt das fachliche Know-how aus dem Bereich Meldewesen ein, begleitet die Umsetzung aus fachlicher Sicht und sorgt f\u00fcr die praxisnahe Anpassung der Prozesse im Einwohnermeldeamt. Im Optimalfall ist die Person verantwortlich f\u00fcr das Fachverfahren im Meldewesen. <\/div><\/div><div id=\"wpforms-29983-field_10-container\" class=\"wpforms-field wpforms-field-number\" data-field-id=\"10\"><label class=\"wpforms-field-label\" for=\"wpforms-29983-field_10\">Telefonnummer<\/label><input type=\"number\" id=\"wpforms-29983-field_10\" class=\"wpforms-field-small\" name=\"wpforms[fields][10]\" step=\"any\" ><\/div><div id=\"wpforms-29983-field_11-container\" class=\"wpforms-field wpforms-field-email\" data-field-id=\"11\"><label class=\"wpforms-field-label\" for=\"wpforms-29983-field_11\">E-Mail-Adresse <span class=\"wpforms-required-label\">*<\/span><\/label><input type=\"email\" id=\"wpforms-29983-field_11\" class=\"wpforms-field-small wpforms-field-required\" name=\"wpforms[fields][11]\" spellcheck=\"false\" required><\/div><div id=\"wpforms-29983-field_18-container\" class=\"wpforms-field wpforms-field-name\" data-field-id=\"18\"><label class=\"wpforms-field-label\">DATENSCHUTZBEAUFTRAGTE*R <span class=\"wpforms-required-label\">*<\/span><\/label><div class=\"wpforms-field-row wpforms-field-medium\"><div class=\"wpforms-field-row-block wpforms-first wpforms-one-half\"><input type=\"text\" id=\"wpforms-29983-field_18\" class=\"wpforms-field-name-first wpforms-field-required\" name=\"wpforms[fields][18][first]\" required><label for=\"wpforms-29983-field_18\" class=\"wpforms-field-sublabel after\">Vorname<\/label><\/div><div class=\"wpforms-field-row-block wpforms-one-half\"><input type=\"text\" id=\"wpforms-29983-field_18-last\" class=\"wpforms-field-name-last wpforms-field-required\" name=\"wpforms[fields][18][last]\" required><label for=\"wpforms-29983-field_18-last\" class=\"wpforms-field-sublabel after\">Nachname<\/label><\/div><\/div><div class=\"wpforms-field-description\">Der\/die Datenschutzbeauftragte ist bei der Einf\u00fchrung einzubeziehen und pr\u00fcft das Verfahren datenschutzrechtlich. Zum Projektabschluss werden KIV-Vorlagen bereitgestellt, welche durch die Verwaltung anzupassen sind. \n<\/div><\/div><div id=\"wpforms-29983-field_19-container\" class=\"wpforms-field wpforms-field-number\" data-field-id=\"19\"><label class=\"wpforms-field-label\" for=\"wpforms-29983-field_19\">Telefonnummer<\/label><input type=\"number\" id=\"wpforms-29983-field_19\" class=\"wpforms-field-small\" name=\"wpforms[fields][19]\" step=\"any\" ><\/div><div id=\"wpforms-29983-field_20-container\" class=\"wpforms-field wpforms-field-email\" data-field-id=\"20\"><label class=\"wpforms-field-label\" for=\"wpforms-29983-field_20\">E-Mail-Adresse <span class=\"wpforms-required-label\">*<\/span><\/label><input type=\"email\" id=\"wpforms-29983-field_20\" class=\"wpforms-field-small wpforms-field-required\" name=\"wpforms[fields][20]\" spellcheck=\"false\" required><\/div><script>\n\t\t\t\t( function() {\n\t\t\t\t\tconst style = document.createElement( 'style' );\n\t\t\t\t\tstyle.appendChild( document.createTextNode( '#wpforms-29983-field_4-container { position: absolute !important; overflow: hidden !important; display: inline !important; height: 1px !important; width: 1px !important; z-index: -1000 !important; padding: 0 !important; } #wpforms-29983-field_4-container input { visibility: hidden; } #wpforms-conversational-form-page #wpforms-29983-field_4-container label { counter-increment: none; }' ) );\n\t\t\t\t\tdocument.head.appendChild( style );\n\t\t\t\t\tdocument.currentScript?.remove();\n\t\t\t\t} )();\n\t\t\t<\/script><\/div><!-- .wpforms-field-container --><div class=\"wpforms-submit-container\" ><input type=\"hidden\" name=\"wpforms[id]\" value=\"29983\"><input type=\"hidden\" name=\"page_title\" value=\"\"><input type=\"hidden\" name=\"page_url\" value=\"https:\/\/portal.kiv-thueringen.de\/web\/wp-json\/wp\/v2\/pages\/29989\"><input type=\"hidden\" name=\"url_referer\" value=\"\"><button type=\"submit\" name=\"wpforms[submit]\" id=\"wpforms-submit-29983\" class=\"wpforms-submit\" data-alt-text=\"Wird gesendet\u00a0\u2026\" data-submit-text=\"Absenden\" aria-live=\"assertive\" value=\"wpforms-submit\">Absenden<\/button><img loading=\"lazy\" decoding=\"async\" src=\"https:\/\/portal.kiv-thueringen.de\/web\/wp-content\/plugins\/wpforms-lite\/assets\/images\/submit-spin.svg\" class=\"wpforms-submit-spinner\" style=\"display: none;\" width=\"26\" height=\"26\" alt=\"Wird geladen\"><\/div><\/form><\/div>  <!-- .wpforms-container -->\n","protected":false},"excerpt":{"rendered":"<p>Sehr geehrte Projektteilnehmer:innen, f\u00fcr die Umsetzung des Projektes &#8222;elektronische Wohnsitzanmeldung&#8220; ben\u00f6tigen wir die Benennung Ihrer Projektmitglieder. Bitte tragen Sie dazu im Formular die Kontaktdaten zu den Projektmitgliedern ein: Projektverantwortliche Person Fachliche Ansprechperson aus dem Einwohnermeldeamt Datenschutzbeauftragte:r &nbsp; Selbstverst\u00e4ndlich ist es&hellip;&nbsp;<a href=\"https:\/\/portal.kiv-thueringen.de\/web\/digitalisierung\/projektmitglieder-ewa\/\" class=\"more-link\">weiterlesen<\/a><\/p>\n","protected":false},"author":19,"featured_media":0,"parent":11554,"menu_order":3,"comment_status":"closed","ping_status":"closed","template":"","meta":{"footnotes":""},"class_list":["post-29989","page","type-page","status-publish","hentry"],"_links":{"self":[{"href":"https:\/\/portal.kiv-thueringen.de\/web\/wp-json\/wp\/v2\/pages\/29989","targetHints":{"allow":["GET"]}}],"collection":[{"href":"https:\/\/portal.kiv-thueringen.de\/web\/wp-json\/wp\/v2\/pages"}],"about":[{"href":"https:\/\/portal.kiv-thueringen.de\/web\/wp-json\/wp\/v2\/types\/page"}],"author":[{"embeddable":true,"href":"https:\/\/portal.kiv-thueringen.de\/web\/wp-json\/wp\/v2\/users\/19"}],"replies":[{"embeddable":true,"href":"https:\/\/portal.kiv-thueringen.de\/web\/wp-json\/wp\/v2\/comments?post=29989"}],"version-history":[{"count":7,"href":"https:\/\/portal.kiv-thueringen.de\/web\/wp-json\/wp\/v2\/pages\/29989\/revisions"}],"predecessor-version":[{"id":30020,"href":"https:\/\/portal.kiv-thueringen.de\/web\/wp-json\/wp\/v2\/pages\/29989\/revisions\/30020"}],"up":[{"embeddable":true,"href":"https:\/\/portal.kiv-thueringen.de\/web\/wp-json\/wp\/v2\/pages\/11554"}],"wp:attachment":[{"href":"https:\/\/portal.kiv-thueringen.de\/web\/wp-json\/wp\/v2\/media?parent=29989"}],"curies":[{"name":"wp","href":"https:\/\/api.w.org\/{rel}","templated":true}]}}