{"id":303,"date":"2018-04-16T16:09:19","date_gmt":"2018-04-16T14:09:19","guid":{"rendered":"http:\/\/192.168.152.35\/?page_id=303"},"modified":"2024-02-05T12:18:16","modified_gmt":"2024-02-05T11:18:16","slug":"it-sicherheit-und-datenschutz","status":"publish","type":"page","link":"https:\/\/portal.kiv-thueringen.de\/web\/services\/it-sicherheit-und-datenschutz\/","title":{"rendered":"IT-Sicherheit"},"content":{"rendered":"<h1><span style=\"color: #ff9900;\">IT-Sicherheit<\/span><\/h1>\n<h2><span style=\"font-size: 14pt;\">nach ISO 27001 und ISIS12<\/span><\/h2>\n<p>Jeder Leiter einer Verwaltung, egal ob B\u00fcrgermeister oder Gemeinschaftsvorsitzender, sowie jeder Gesch\u00e4ftsf\u00fchrer eines Unternehmens ist f\u00fcr die Einhaltung der Vorschriften des Datenschutzes verantwortlich. Dabei muss eine Kommunalverwaltung die jeweiligen Landesdatenschutzgesetze befolgen. F\u00fcr Unternehmen hingegen ist das Bundesdatenschutzgesetzes (BDSG) bindend. Zus\u00e4tzlich sind Betreiber kritischer Infrastrukturen (KRITIS) nach dem \u201eGesetz zur Erh\u00f6hung der Sicherheit informationstechnischer Systeme\u201c (ITSicherheitsgesetz &#8211; IT-SiG) verpflichtet \u201e\u2026angemessene organisatorische und technische Vorkehrungen zur Vermeidung von St\u00f6rungen der Verf\u00fcgbarkeit, Integrit\u00e4t, Authentizit\u00e4t und Vertraulichkeit ihrer informationstechnischen Systeme, Komponenten oder Prozesse zu treffen.\u201c (\u00a7 8a Abs. 1 IT-SiG).<\/p>\n<p>Da diese Aufgaben meist zeitintensiv, schwer greifbar und h\u00e4ufig intern schwerer umsetzbar sind, unterst\u00fctzt die KIV Th\u00fcringen GmbH Sie gern von der Erstellung von einzelnen Dokumentationen \u00fcber die Organisation\u00a0und Implementierungen eines ISMS (Informations-Sicherheits-Management-System) bis hin zu einem kompletten IT-Sicherheitskonzept f\u00fcr Ihre Institution.<\/p>\n<p>ISIS12 ist ein Vorgehensmodell, das ein InformationsSicherheitsManagementSystem beschreibt. Das Verfahren kann als m\u00f6gliche Vorstufe zur ISO\/IEC 27001- bzw. BSI IT-Grundschutz-Zertifizierung verwendet werden. ISIS12 ist f\u00fcr KMU, Dienstleister und Kommunen verwendbar. Es stellt einen radikal reduzierten Ma\u00dfnahmenkatalog im Vergleich zum BSI Grundschutz dar, verf\u00fcgt \u00fcber ein Handbuch und einen Katalog und wird durch eine speziell entwickelte ISIS12-Software unterst\u00fctzt.<\/p>\n<p>Die internationale Norm ISO\/IEC 27001 spezifiziert die Anforderungen f\u00fcr die Einrichtung, Umsetzung, Aufrechterhaltung und fortlaufende Verbesserung eines dokumentierten Informationssicherheits-Managementsystems unter Ber\u00fccksichtigung des Kontexts einer Organisation. Dar\u00fcber hinaus beinhaltet die Norm Anforderungen f\u00fcr die Beurteilung und Behandlung von Informationssicherheitsrisiken entsprechend den individuellen Bed\u00fcrfnissen der Organisation.<br \/>\nDie Norm wurde auch als DIN-Norm ver\u00f6ffentlicht und ist Teil der ISO\/IEC 2700x-Familie.<\/p>\n<p>Die KIV Th\u00fcringen GmbH hat daf\u00fcr drei Mitarbeiter durch die DEKRA extern zertifizieren lassen, die Sie als externer IT-Sicherheitsbeauftragter unterst\u00fctzen k\u00f6nnen. Bei mehr als 45 Verwaltungen sind unsere Mitarbeiter bereits im Einsatz.<\/p>\n<hr \/>\n<h3>Das Team Informationssicherheit freut sich auf Sie!<\/h3>\n<div align=\"left\"><\/div>\n","protected":false},"excerpt":{"rendered":"<p>IT-Sicherheit nach ISO 27001 und ISIS12 Jeder Leiter einer Verwaltung, egal ob B\u00fcrgermeister oder Gemeinschaftsvorsitzender, sowie jeder Gesch\u00e4ftsf\u00fchrer eines Unternehmens ist f\u00fcr die Einhaltung der Vorschriften des Datenschutzes verantwortlich. Dabei muss eine Kommunalverwaltung die jeweiligen Landesdatenschutzgesetze befolgen. F\u00fcr Unternehmen hingegen&hellip;&nbsp;<a href=\"https:\/\/portal.kiv-thueringen.de\/web\/services\/it-sicherheit-und-datenschutz\/\" class=\"more-link\">weiterlesen<\/a><\/p>\n","protected":false},"author":1,"featured_media":0,"parent":157,"menu_order":2,"comment_status":"closed","ping_status":"closed","template":"","meta":{"footnotes":""},"class_list":["post-303","page","type-page","status-publish","hentry"],"_links":{"self":[{"href":"https:\/\/portal.kiv-thueringen.de\/web\/wp-json\/wp\/v2\/pages\/303","targetHints":{"allow":["GET"]}}],"collection":[{"href":"https:\/\/portal.kiv-thueringen.de\/web\/wp-json\/wp\/v2\/pages"}],"about":[{"href":"https:\/\/portal.kiv-thueringen.de\/web\/wp-json\/wp\/v2\/types\/page"}],"author":[{"embeddable":true,"href":"https:\/\/portal.kiv-thueringen.de\/web\/wp-json\/wp\/v2\/users\/1"}],"replies":[{"embeddable":true,"href":"https:\/\/portal.kiv-thueringen.de\/web\/wp-json\/wp\/v2\/comments?post=303"}],"version-history":[{"count":24,"href":"https:\/\/portal.kiv-thueringen.de\/web\/wp-json\/wp\/v2\/pages\/303\/revisions"}],"predecessor-version":[{"id":14872,"href":"https:\/\/portal.kiv-thueringen.de\/web\/wp-json\/wp\/v2\/pages\/303\/revisions\/14872"}],"up":[{"embeddable":true,"href":"https:\/\/portal.kiv-thueringen.de\/web\/wp-json\/wp\/v2\/pages\/157"}],"wp:attachment":[{"href":"https:\/\/portal.kiv-thueringen.de\/web\/wp-json\/wp\/v2\/media?parent=303"}],"curies":[{"name":"wp","href":"https:\/\/api.w.org\/{rel}","templated":true}]}}