{"id":30879,"date":"2025-08-28T14:18:10","date_gmt":"2025-08-28T12:18:10","guid":{"rendered":"https:\/\/portal.kiv-thueringen.de\/web\/?page_id=30879"},"modified":"2025-08-28T14:18:10","modified_gmt":"2025-08-28T12:18:10","slug":"kommunalberaterin-m-w-d","status":"publish","type":"page","link":"https:\/\/portal.kiv-thueringen.de\/web\/kommunalberaterin-m-w-d\/","title":{"rendered":"Kommunalberater*in (m\/w\/d)"},"content":{"rendered":"<p><span style=\"font-size: 12pt;\"><strong>Gestalten Sie mit uns die digitale Zukunft der \u00f6ffentlichen Verwaltung in Th\u00fcringen!<\/strong><\/span><\/p>\n<p>Als zentraler IT-Dienstleister f\u00fcr die Th\u00fcringer Kommunen sind wir \u2013 die <strong>Kommunale Informationsverarbeitung Th\u00fcringen GmbH (KIV Th\u00fcringen)<\/strong> \u2013 ein modernes, kommunal getragenes Unternehmen. Im Auftrag des Freistaats Th\u00fcringen, des Gemeinde- und St\u00e4dtebundes sowie vieler Kommunen begleiten wir unsere Kunden bei der digitalen Transformation: von der IT-Beratung \u00fcber den Softwarebetrieb bis hin zur Entwicklung ma\u00dfgeschneiderter L\u00f6sungen \u2013 inklusive eigenem Rechenzentrum.<\/p>\n<p>F\u00fcr unseren Bereich Kommunalberatung\/Marketing\/Consulting suchen wir ab sofort eine\/n<\/p>\n<h1>Kommunalberater*in (m\/w\/d)<\/h1>\n<h4>Ihre Aufgaben bei uns:<\/h4>\n<ul>\n<li>Aktive Betreuung und Ausbau bestehender Kundenbeziehungen zu Kommunen, Verb\u00e4nden und \u00f6ffentlichen Einrichtungen<\/li>\n<li>Gewinnung neuer Kunden und Projekte im Bereich kommunaler IT-L\u00f6sungen<\/li>\n<li>Pr\u00e4sentation unseres Leistungsportfolios \u2013 von Fachanwendungen \u00fcber IT-Infrastruktur bis zu Digitalisierungsprojekten<\/li>\n<li>Analyse von Kundenbedarfen und Entwicklung passgenauer Angebote in Zusammenarbeit mit unseren IT-Experten<\/li>\n<li>Teilnahme an Fachveranstaltungen, Messen und Netzwerktreffen zur Repr\u00e4sentation der KIV Th\u00fcringen GmbH<\/li>\n<li>Unterst\u00fctzung bei Vertragsverhandlungen und Ausschreibungen<\/li>\n<\/ul>\n<p>&nbsp;<\/p>\n<h4>Was Sie mitbringen:<\/h4>\n<ul>\n<li>abgeschlossene kaufm\u00e4nnische oder technische Ausbildung, ein abgeschlossenes Studium oder eine vergleichbare Qualifikation \u2013 <strong>idealerweise erg\u00e4nzt durch erste Erfahrungen im Vertrieb oder in der \u00f6ffentlichen Verwaltung.<\/strong><\/li>\n<li>Kommunikationsst\u00e4rke, \u00dcberzeugungskraft und Freude am Netzwerken<\/li>\n<li>Grundverst\u00e4ndnis f\u00fcr IT-L\u00f6sungen oder digitale Verwaltungsprozesse (Quereinstieg m\u00f6glich)<\/li>\n<li>Sicherer Umgang mit MS Office und Affinit\u00e4t zu digitalen Verwaltungsprozessen<\/li>\n<li>Selbstst\u00e4ndige, strukturierte Arbeitsweise und Organisationstalent<\/li>\n<li>Bereitschaft zu Au\u00dfendienstt\u00e4tigkeiten, vorrangig in Th\u00fcringen<\/li>\n<li>F\u00fchrerschein Klasse B<\/li>\n<\/ul>\n<p>&nbsp;<\/p>\n<h4><strong>Das bieten wir Ihnen<\/strong>:<\/h4>\n<ul>\n<li>Sinnstiftende T\u00e4tigkeit in einem dynamischen, kommunalen Umfeld mit gesellschaftlicher Verantwortung<\/li>\n<li>Flexible Arbeitszeiten, mobiles Arbeiten und moderne IT-Ausstattung f\u00fcr eine ausgewogene Work-Life-Balance<\/li>\n<li>Einen sicheren Arbeitsplatz mit attraktiven Sozialleistungen und umfangreichen Mitarbeiter-Benefits<\/li>\n<li>Arbeitsplatz im Herzen von Gotha mit guter \u00d6PNV-Anbindung<\/li>\n<li>Strukturierte Einarbeitung sowie individuelle Fort- und Weiterbildungsm\u00f6glichkeiten<\/li>\n<li>Leistungsgerechte Verg\u00fctung in Anlehnung an den TV\u00f6D<\/li>\n<\/ul>\n<p>&nbsp;<\/p>\n<h4><strong>Jetzt sind Sie gefragt!<\/strong><\/h4>\n<p>Bringen Sie Ihre Ideen, Ihre Expertise und Ihr Engagement ein \u2013 und gestalten Sie gemeinsam mit uns die digitale Verwaltung von morgen!<\/p>\n<p>Wir freuen uns auf Ihre Bewerbung unter Angabe Ihrer Gehaltsvorstellung sowie Ihres fr\u00fchestm\u00f6glichen Starttermins.<\/p>\n<p><strong>Bewerben Sie sich direkt per E-Mail:<\/strong>\u00a0<a href=\"mailto:bewerbung@kiv-thueringen.de\" target=\"_blank\" rel=\"noreferrer noopener\">bewerbung@kiv-thueringen.de<\/a>.<\/p>\n<p>Bewerbungsfrist: 22.09.25<\/p>\n","protected":false},"excerpt":{"rendered":"<p>Gestalten Sie mit uns die digitale Zukunft der \u00f6ffentlichen Verwaltung in Th\u00fcringen! Als zentraler IT-Dienstleister f\u00fcr die Th\u00fcringer Kommunen sind wir \u2013 die Kommunale Informationsverarbeitung Th\u00fcringen GmbH (KIV Th\u00fcringen) \u2013 ein modernes, kommunal getragenes Unternehmen. Im Auftrag des Freistaats Th\u00fcringen,&hellip;&nbsp;<a href=\"https:\/\/portal.kiv-thueringen.de\/web\/kommunalberaterin-m-w-d\/\" class=\"more-link\">weiterlesen<\/a><\/p>\n","protected":false},"author":9,"featured_media":0,"parent":0,"menu_order":0,"comment_status":"closed","ping_status":"closed","template":"","meta":{"footnotes":""},"class_list":["post-30879","page","type-page","status-publish","hentry"],"_links":{"self":[{"href":"https:\/\/portal.kiv-thueringen.de\/web\/wp-json\/wp\/v2\/pages\/30879","targetHints":{"allow":["GET"]}}],"collection":[{"href":"https:\/\/portal.kiv-thueringen.de\/web\/wp-json\/wp\/v2\/pages"}],"about":[{"href":"https:\/\/portal.kiv-thueringen.de\/web\/wp-json\/wp\/v2\/types\/page"}],"author":[{"embeddable":true,"href":"https:\/\/portal.kiv-thueringen.de\/web\/wp-json\/wp\/v2\/users\/9"}],"replies":[{"embeddable":true,"href":"https:\/\/portal.kiv-thueringen.de\/web\/wp-json\/wp\/v2\/comments?post=30879"}],"version-history":[{"count":2,"href":"https:\/\/portal.kiv-thueringen.de\/web\/wp-json\/wp\/v2\/pages\/30879\/revisions"}],"predecessor-version":[{"id":30882,"href":"https:\/\/portal.kiv-thueringen.de\/web\/wp-json\/wp\/v2\/pages\/30879\/revisions\/30882"}],"wp:attachment":[{"href":"https:\/\/portal.kiv-thueringen.de\/web\/wp-json\/wp\/v2\/media?parent=30879"}],"curies":[{"name":"wp","href":"https:\/\/api.w.org\/{rel}","templated":true}]}}