{"id":327,"date":"2018-04-19T12:13:59","date_gmt":"2018-04-19T10:13:59","guid":{"rendered":"http:\/\/192.168.152.35\/?page_id=327"},"modified":"2018-05-24T16:17:02","modified_gmt":"2018-05-24T14:17:02","slug":"services-in-fachverfahren","status":"publish","type":"page","link":"https:\/\/portal.kiv-thueringen.de\/web\/services-in-fachverfahren\/","title":{"rendered":"Fachverfahren"},"content":{"rendered":"<h1><span style=\"color: #ff9900;\">Renommierte und leistungsf\u00e4hige Fachverfahren<\/span><\/h1>\n<p>Die KIV Th\u00fcringen GmbH stellt Ihnen mehr als 50 Fachverfahren und Services zur Verf\u00fcgung. F\u00fcr jedes Fachverfahren bieten wir Ihnen in Zusammenarbeit mit dem Verfahrenshersteller Softwarepflegevertr\u00e4ge sowie auf Ihre individuellen Bed\u00fcrfnisse abgestimmte Betreuungsvertr\u00e4ge. Dadurch stehen Ihnen unsere qualifizierten Fachberater in einem frei definierbaren Zeitrahmen zur Verf\u00fcgung.<\/p>\n<blockquote><p><span style=\"color: #769400;\"><em><span style=\"font-size: 14pt;\">&#8222;Eine Investition in Wissen bringt immer noch die besten Zinsen.&#8220;<\/span><\/em><\/span><br \/>\n<span style=\"color: #769400; font-size: 8pt;\">Benjamin Franklin, US-amerikanischer Staatsmann<\/span><\/p><\/blockquote>\n<p>&nbsp;<\/p>\n<p>Begleitet wird diese Rundumversorgung durch umfangreiche Services, die Ihre t\u00e4gliche Arbeit erleichtern und Ihnen helfen, die aktuellen Herausforderungen zu l\u00f6sen. Erfahren Sie mehr auf den folgenden Seiten.<\/p>\n","protected":false},"excerpt":{"rendered":"<p>Renommierte und leistungsf\u00e4hige Fachverfahren Die KIV Th\u00fcringen GmbH stellt Ihnen mehr als 50 Fachverfahren und Services zur Verf\u00fcgung. F\u00fcr jedes Fachverfahren bieten wir Ihnen in Zusammenarbeit mit dem Verfahrenshersteller Softwarepflegevertr\u00e4ge sowie auf Ihre individuellen Bed\u00fcrfnisse abgestimmte Betreuungsvertr\u00e4ge. Dadurch stehen Ihnen&hellip;&nbsp;<a href=\"https:\/\/portal.kiv-thueringen.de\/web\/services-in-fachverfahren\/\" class=\"more-link\">weiterlesen<\/a><\/p>\n","protected":false},"author":1,"featured_media":0,"parent":0,"menu_order":0,"comment_status":"closed","ping_status":"closed","template":"","meta":{"footnotes":""},"class_list":["post-327","page","type-page","status-publish","hentry"],"_links":{"self":[{"href":"https:\/\/portal.kiv-thueringen.de\/web\/wp-json\/wp\/v2\/pages\/327","targetHints":{"allow":["GET"]}}],"collection":[{"href":"https:\/\/portal.kiv-thueringen.de\/web\/wp-json\/wp\/v2\/pages"}],"about":[{"href":"https:\/\/portal.kiv-thueringen.de\/web\/wp-json\/wp\/v2\/types\/page"}],"author":[{"embeddable":true,"href":"https:\/\/portal.kiv-thueringen.de\/web\/wp-json\/wp\/v2\/users\/1"}],"replies":[{"embeddable":true,"href":"https:\/\/portal.kiv-thueringen.de\/web\/wp-json\/wp\/v2\/comments?post=327"}],"version-history":[{"count":6,"href":"https:\/\/portal.kiv-thueringen.de\/web\/wp-json\/wp\/v2\/pages\/327\/revisions"}],"predecessor-version":[{"id":641,"href":"https:\/\/portal.kiv-thueringen.de\/web\/wp-json\/wp\/v2\/pages\/327\/revisions\/641"}],"wp:attachment":[{"href":"https:\/\/portal.kiv-thueringen.de\/web\/wp-json\/wp\/v2\/media?parent=327"}],"curies":[{"name":"wp","href":"https:\/\/api.w.org\/{rel}","templated":true}]}}