{"id":331,"date":"2018-04-19T12:18:36","date_gmt":"2018-04-19T10:18:36","guid":{"rendered":"http:\/\/192.168.152.35\/?page_id=331"},"modified":"2024-05-14T11:14:13","modified_gmt":"2024-05-14T09:14:13","slug":"it-netzwerke","status":"publish","type":"page","link":"https:\/\/portal.kiv-thueringen.de\/web\/beratung-consulting\/it-netzwerke\/","title":{"rendered":"IT-Netzwerke"},"content":{"rendered":"<h1><span style=\"color: #ff9900;\">IT-Netzwerke<\/span><\/h1>\n<h2>Wir kennen die Verwaltungen. Und die EDV.<\/h2>\n<p>Die Basis f\u00fcr eine problemlose Nutzung der kommunalen Anwendungsverfahren ist eine leistungsf\u00e4hige Kommunikationsinfrastruktur. Diese wird Ihnen von unserem Fachbereich Technik\/IT Netze bereitgestellt.<\/p>\n<blockquote><p><span style=\"color: #76b848; font-size: 14pt;\"><em>\u201eDas einzig sichere System m\u00fcsste ausgeschaltet, in einem versiegelten und von Stahlbeton ummantelten Raum und von bewaffneten Schutztruppen umstellt sein.\u201c<\/em><\/span><br \/>\n<span style=\"color: #76b848; font-size: 8pt;\"> Gene Spafford (Sicherheitsexperte)<\/span><\/p><\/blockquote>\n<p>Besonderes Augenmerk wird hierbei auf das problemlose Zusammenspiel von Anwender &#8211; Kommunalverfahren und Netzwerktechnik bzw. Einzel-PC gelegt. Unsere Mitarbeiter kennen die Besonderheiten der Kommunalanwendungen und sind somit in der Lage eine umfangreiche Beratung und Betreuung durchzuf\u00fchren.<\/p>\n<p>Die Aspekte des Datenschutzes und Datensicherheit genie\u00dfen dabei stets h\u00f6chste Priorit\u00e4t. So werden u.a. durch umfangreiche Tests in unserem Labor das Zusammenspiel von Kommunalanwendung, Technik und Betriebssystemumgebung untersucht.<\/p>\n<h3>Unsere Leistung im \u00dcberblick:<\/h3>\n<ul>\n<li>Services f\u00fcr LAN und WAN Planung, Implementierung, Migrationen, Service- Leistungen<\/li>\n<li>Installation und Einrichtung von LAN&#8217;s<\/li>\n<li>Standortkoppelungen (Fest, Funk, VPN)<\/li>\n<li>Netzwerk-Management<\/li>\n<li>Virtualisierungen \/ Konzepte<\/li>\n<li>Netzwerkanalysen (Logik, Protokollanalysen)<\/li>\n<li>Performance-Analysen<\/li>\n<\/ul>\n<p>&nbsp;<\/p>\n<hr \/>\n<h3 align=\"left\">Sprechen Sie mich an!<\/h3>\n<div align=\"left\"><\/div>\n<div align=\"left\"><\/div>\n<div align=\"left\">\n<table class=\"adresstable\" border=\"0\" cellspacing=\"1\" cellpadding=\"2\">\n<tbody>\n<tr>\n<td colspan=\"2\"><b>Thomas Gmilkowsky <\/b><\/td>\n<\/tr>\n<tr>\n<td colspan=\"2\">Gesch\u00e4ftsf\u00fchrer<\/td>\n<\/tr>\n<tr>\n<td><img decoding=\"async\" src=\"http:\/\/www.kiv-thueringen.de\/files\/telefon.gif\" border=\"0\" \/><\/td>\n<td>03621 &#8211; 4508 &#8211; 0<\/td>\n<\/tr>\n<tr>\n<td><img decoding=\"async\" src=\"http:\/\/www.kiv-thueringen.de\/files\/fax.gif\" border=\"0\" \/><\/td>\n<td>03621 &#8211; 4508 &#8211; 88<\/td>\n<\/tr>\n<tr>\n<td><img decoding=\"async\" src=\"http:\/\/www.kiv-thueringen.de\/files\/email.gif\" border=\"0\" \/><\/td>\n<td><a href=\"mailto:tgmilkowsky@kiv-thueringen.de\">tgmilkowsky@kiv-thueringen.de<\/a><\/td>\n<\/tr>\n<\/tbody>\n<\/table>\n<\/div>\n","protected":false},"excerpt":{"rendered":"<p>IT-Netzwerke Wir kennen die Verwaltungen. Und die EDV. Die Basis f\u00fcr eine problemlose Nutzung der kommunalen Anwendungsverfahren ist eine leistungsf\u00e4hige Kommunikationsinfrastruktur. Diese wird Ihnen von unserem Fachbereich Technik\/IT Netze bereitgestellt. \u201eDas einzig sichere System m\u00fcsste ausgeschaltet, in einem versiegelten und&hellip;&nbsp;<a href=\"https:\/\/portal.kiv-thueringen.de\/web\/beratung-consulting\/it-netzwerke\/\" class=\"more-link\">weiterlesen<\/a><\/p>\n","protected":false},"author":1,"featured_media":0,"parent":523,"menu_order":0,"comment_status":"closed","ping_status":"closed","template":"","meta":{"footnotes":""},"class_list":["post-331","page","type-page","status-publish","hentry"],"_links":{"self":[{"href":"https:\/\/portal.kiv-thueringen.de\/web\/wp-json\/wp\/v2\/pages\/331","targetHints":{"allow":["GET"]}}],"collection":[{"href":"https:\/\/portal.kiv-thueringen.de\/web\/wp-json\/wp\/v2\/pages"}],"about":[{"href":"https:\/\/portal.kiv-thueringen.de\/web\/wp-json\/wp\/v2\/types\/page"}],"author":[{"embeddable":true,"href":"https:\/\/portal.kiv-thueringen.de\/web\/wp-json\/wp\/v2\/users\/1"}],"replies":[{"embeddable":true,"href":"https:\/\/portal.kiv-thueringen.de\/web\/wp-json\/wp\/v2\/comments?post=331"}],"version-history":[{"count":11,"href":"https:\/\/portal.kiv-thueringen.de\/web\/wp-json\/wp\/v2\/pages\/331\/revisions"}],"predecessor-version":[{"id":15870,"href":"https:\/\/portal.kiv-thueringen.de\/web\/wp-json\/wp\/v2\/pages\/331\/revisions\/15870"}],"up":[{"embeddable":true,"href":"https:\/\/portal.kiv-thueringen.de\/web\/wp-json\/wp\/v2\/pages\/523"}],"wp:attachment":[{"href":"https:\/\/portal.kiv-thueringen.de\/web\/wp-json\/wp\/v2\/media?parent=331"}],"curies":[{"name":"wp","href":"https:\/\/api.w.org\/{rel}","templated":true}]}}