{"id":333,"date":"2018-04-19T12:19:13","date_gmt":"2018-04-19T10:19:13","guid":{"rendered":"http:\/\/192.168.152.35\/?page_id=333"},"modified":"2018-05-24T14:04:00","modified_gmt":"2018-05-24T12:04:00","slug":"softwareentwicklung","status":"publish","type":"page","link":"https:\/\/portal.kiv-thueringen.de\/web\/softwareentwicklung\/","title":{"rendered":"Softwareentwicklung"},"content":{"rendered":"<h1><span style=\"color: #ff9900;\">Softwareentwicklung<\/span><\/h1>\n<h2>Leistungsf\u00e4hige Fachverfahren &#8211; entstanden aus Anforderungen der Praxis<\/h2>\n<p>Die KIV Th\u00fcringen betreibt Softwareentwicklung und Programmierung f\u00fcr verschiedene Bereiche der Kommunalverwaltung. Durch langj\u00e4hrige Erfahrung im Bereich Datenbankentwicklung und Schnittstellenprogrammierung k\u00f6nnen wir unseren Kunden ausgereifte Konzepte anbieten. So entstanden die Produkte winFLUR und webFLUR (einschlie\u00dflich der dazugeh\u00f6rigen Module) im eigenen Haus.\u00a0Auf derselben Basis wurde unsere Friedhofsverwaltungs-Software webFRIED mit ihrer grafischen Visualisierung programmiert.<\/p>\n<blockquote><p><span style=\"color: #76b800; font-size: 14pt;\"><em>&#8222;Es ist bemerkenswert, da\u00df nur vielleicht 10% aller Programmierer Programme ohne Verwendung von Flussdiagrammen erfolgreich schreiben k\u00f6nnen. Ungl\u00fccklicherweise glauben aber 90%, da\u00df sie der Gruppe dieser 10% angeh\u00f6ren.&#8220;<\/em><\/span><br \/>\n<span style=\"color: #76b800; font-size: 8pt;\"> Rodnay Zaks<\/span><\/p><\/blockquote>\n<p>Weitere Projekte sind im Entstehen und vervollst\u00e4ndigen Schritt f\u00fcr Schritt unsere umfassenden Produktpalette.<\/p>\n<p>Eine Vielzahl von Schnittstellen zwischen den einzelnen Kommunalverfahren rundet das Spektrum ab. Ein besonderer Schwerpunkt wurde Im Bereich E-Commerce auf die Realisierung der Kommunikation zwischen einzelnen Kommunalverfahren \u00fcber XML- Web Services gelegt. M\u00f6chten Sie Ihre Kommunalanwendungen miteinander interagieren lassen, Zusatzmodule oder spezielle Recherchen durchf\u00fchren, k\u00f6nnen wir Ihnen Individualsoftware zum fairen Preis erstellen.<\/p>\n<p>Nach einem ersten kostenlosen Beratungsgespr\u00e4ch, in dem Art und Umfang des Projektes genauer festgelegt werden, machen wir Ihnen ein Angebot mit einem verbindlich kalkulierten Preis.<\/p>\n<hr \/>\n<h3>Bitte nehmen Sie mit mir Kontakt auf<\/h3>\n<p><strong>Robert Gr\u00f6schner<\/strong> (webFRIED, Softwareentwicklung, Allgemeiner Support Microsoft Office)<br \/>\n+49 3621 45 08 74<br \/>\n<span id=\"eeb-899927\"><a class=\"mailto-link\" href=\"mailto:rgroeschner@kiv-thueringen.de\">rgroeschner@kiv-thueringen.de<\/a><\/span><\/p>\n","protected":false},"excerpt":{"rendered":"<p>Softwareentwicklung Leistungsf\u00e4hige Fachverfahren &#8211; entstanden aus Anforderungen der Praxis Die KIV Th\u00fcringen betreibt Softwareentwicklung und Programmierung f\u00fcr verschiedene Bereiche der Kommunalverwaltung. Durch langj\u00e4hrige Erfahrung im Bereich Datenbankentwicklung und Schnittstellenprogrammierung k\u00f6nnen wir unseren Kunden ausgereifte Konzepte anbieten. So entstanden die Produkte&hellip;&nbsp;<a href=\"https:\/\/portal.kiv-thueringen.de\/web\/softwareentwicklung\/\" class=\"more-link\">weiterlesen<\/a><\/p>\n","protected":false},"author":1,"featured_media":0,"parent":0,"menu_order":0,"comment_status":"closed","ping_status":"closed","template":"","meta":{"footnotes":""},"class_list":["post-333","page","type-page","status-publish","hentry"],"_links":{"self":[{"href":"https:\/\/portal.kiv-thueringen.de\/web\/wp-json\/wp\/v2\/pages\/333","targetHints":{"allow":["GET"]}}],"collection":[{"href":"https:\/\/portal.kiv-thueringen.de\/web\/wp-json\/wp\/v2\/pages"}],"about":[{"href":"https:\/\/portal.kiv-thueringen.de\/web\/wp-json\/wp\/v2\/types\/page"}],"author":[{"embeddable":true,"href":"https:\/\/portal.kiv-thueringen.de\/web\/wp-json\/wp\/v2\/users\/1"}],"replies":[{"embeddable":true,"href":"https:\/\/portal.kiv-thueringen.de\/web\/wp-json\/wp\/v2\/comments?post=333"}],"version-history":[{"count":9,"href":"https:\/\/portal.kiv-thueringen.de\/web\/wp-json\/wp\/v2\/pages\/333\/revisions"}],"predecessor-version":[{"id":597,"href":"https:\/\/portal.kiv-thueringen.de\/web\/wp-json\/wp\/v2\/pages\/333\/revisions\/597"}],"wp:attachment":[{"href":"https:\/\/portal.kiv-thueringen.de\/web\/wp-json\/wp\/v2\/media?parent=333"}],"curies":[{"name":"wp","href":"https:\/\/api.w.org\/{rel}","templated":true}]}}