{"id":33822,"date":"2026-02-12T13:25:52","date_gmt":"2026-02-12T12:25:52","guid":{"rendered":"https:\/\/portal.kiv-thueringen.de\/web\/?page_id=33822"},"modified":"2026-02-17T08:42:55","modified_gmt":"2026-02-17T07:42:55","slug":"anregungs-beschwerdemanagement","status":"publish","type":"page","link":"https:\/\/portal.kiv-thueringen.de\/web\/anregungs-beschwerdemanagement\/","title":{"rendered":"Anregungs- &#038; Beschwerdemanagement"},"content":{"rendered":"<h2><strong>Wir m\u00f6chten besser werden \u2013 mit Ihrer Hilfe.<\/strong><\/h2>\n<p>Wenn Sie eine Anregung, ein Lob oder auch eine Beschwerde haben, teilen Sie uns dies bitte mit.<\/p>\n<p>Unsere Gesch\u00e4ftsleitung sowie die zust\u00e4ndigen Teamleiter pr\u00fcfen jedes Feedback pers\u00f6nlich und k\u00fcmmern sich zeitnah um Ihr Anliegen.<\/p>\n<p>Ihr Feedback hilft uns, unseren Service weiter zu verbessern und noch besser auf Ihre Bed\u00fcrfnisse einzugehen und unseren Service weiter zu verbessern.<\/p>\n<p>Bitte l\u00f6schen Sie beim Verfassen Ihrer Nachricht nicht [Anregung] bzw. [Beschwerde] im Betreff.<\/p>\n<p>Vielen Dank f\u00fcr Ihre Unterst\u00fctzung!<\/p>\n<p>Mit dem Klick auf einen der nachfolgenden Links k\u00f6nnen Sie uns eine Email mit ihrem Anliegen \u00fcbersenden.<\/p>\n<p><em><strong><a href=\"mailto:ticket@kiv-thueringen.de?subject=[Anregung]\">Anregung senden<\/a><\/strong><\/em><\/p>\n<p><em><strong><a href=\"mailto:ticket@kiv-thueringen.de?subject=[Beschwerde]\">Beschwerde senden<\/a><\/strong><\/em><\/p>\n<p>&nbsp;<\/p>\n","protected":false},"excerpt":{"rendered":"<p>Wir m\u00f6chten besser werden \u2013 mit Ihrer Hilfe. Wenn Sie eine Anregung, ein Lob oder auch eine Beschwerde haben, teilen Sie uns dies bitte mit. Unsere Gesch\u00e4ftsleitung sowie die zust\u00e4ndigen Teamleiter pr\u00fcfen jedes Feedback pers\u00f6nlich und k\u00fcmmern sich zeitnah um&hellip;&nbsp;<a href=\"https:\/\/portal.kiv-thueringen.de\/web\/anregungs-beschwerdemanagement\/\" class=\"more-link\">weiterlesen<\/a><\/p>\n","protected":false},"author":6,"featured_media":0,"parent":0,"menu_order":0,"comment_status":"closed","ping_status":"closed","template":"","meta":{"footnotes":""},"class_list":["post-33822","page","type-page","status-publish","hentry"],"_links":{"self":[{"href":"https:\/\/portal.kiv-thueringen.de\/web\/wp-json\/wp\/v2\/pages\/33822","targetHints":{"allow":["GET"]}}],"collection":[{"href":"https:\/\/portal.kiv-thueringen.de\/web\/wp-json\/wp\/v2\/pages"}],"about":[{"href":"https:\/\/portal.kiv-thueringen.de\/web\/wp-json\/wp\/v2\/types\/page"}],"author":[{"embeddable":true,"href":"https:\/\/portal.kiv-thueringen.de\/web\/wp-json\/wp\/v2\/users\/6"}],"replies":[{"embeddable":true,"href":"https:\/\/portal.kiv-thueringen.de\/web\/wp-json\/wp\/v2\/comments?post=33822"}],"version-history":[{"count":14,"href":"https:\/\/portal.kiv-thueringen.de\/web\/wp-json\/wp\/v2\/pages\/33822\/revisions"}],"predecessor-version":[{"id":33924,"href":"https:\/\/portal.kiv-thueringen.de\/web\/wp-json\/wp\/v2\/pages\/33822\/revisions\/33924"}],"wp:attachment":[{"href":"https:\/\/portal.kiv-thueringen.de\/web\/wp-json\/wp\/v2\/media?parent=33822"}],"curies":[{"name":"wp","href":"https:\/\/api.w.org\/{rel}","templated":true}]}}