{"id":34218,"date":"2026-03-03T17:29:56","date_gmt":"2026-03-03T16:29:56","guid":{"rendered":"https:\/\/portal.kiv-thueringen.de\/web\/?page_id=34218"},"modified":"2026-04-24T14:10:01","modified_gmt":"2026-04-24T12:10:01","slug":"beraterin-fuer-informationssicherheit-m-w-d","status":"publish","type":"page","link":"https:\/\/portal.kiv-thueringen.de\/web\/beraterin-fuer-informationssicherheit-m-w-d\/","title":{"rendered":"Berater*in f\u00fcr Informationssicherheit (m\/w\/d)"},"content":{"rendered":"<p>Als zentraler IT-Dienstleister f\u00fcr die Th\u00fcringer Kommunen sind wir \u2013 die <strong>Kommunale Informationsverarbeitung Th\u00fcringen GmbH (KIV Th\u00fcringen)<\/strong> \u2013 ein modernes, kommunal getragenes Unternehmen. Im Auftrag des Freistaats Th\u00fcringen, des Gemeinde- und St\u00e4dtebundes sowie vieler Kommunen begleiten wir unsere Kunden bei der digitalen Transformation: von der IT-Beratung \u00fcber den Softwarebetrieb bis hin zur Entwicklung ma\u00dfgeschneiderter L\u00f6sungen \u2013 inklusive eigenem Rechenzentrum.<\/p>\n<p><strong>Gestalte mit uns die digitale Zukunft der \u00f6ffentlichen Verwaltung in Th\u00fcringen!<\/strong><\/p>\n<p>F\u00fcr unseren Fachbereich Informationssicherheit suchen wir ab sofort eine\/n<\/p>\n<h1><strong>Berater*in f\u00fcr Informationssicherheit (m\/w\/d)<\/strong><\/h1>\n<p><strong>Standort:<\/strong> Gotha &amp; mobiles Arbeiten | <strong>Arbeitszeit:<\/strong> Teil-\/Vollzeit | <strong>Verg\u00fctung:<\/strong> in Anlehnung an TV\u00f6D<\/p>\n<h4><strong>Deine Aufgaben:<\/strong><\/h4>\n<p><strong>Datenschutz &amp; Informationssicherheit f\u00fcr externe Kunden<\/strong><\/p>\n<ul>\n<li>Beratung kommunaler Verwaltungen in Th\u00fcringen zu Datenschutz (DSGVO, BDSG und Th\u00fcrDSG) und Informationssicherheit<\/li>\n<li>Aufbau, Einf\u00fchrung und Weiterentwicklung von Informationssicherheitskonzepten nach BSI-Standards in Verbindung mit kommunalen Vorgaben<\/li>\n<li>Erstellung von Verfahrensverzeichnissen, TOMs, Risikoanalysen und Datenschutzfolgenabsch\u00e4tzungen gemeinsam mit unseren Kunden<\/li>\n<li>Ansprechpartner f\u00fcr Datenschutzbeauftragte, IT-Verantwortliche und Verwaltungsleitungen<\/li>\n<li>Unterst\u00fctzung bei der Umsetzung gesetzlicher Anforderungen und organisatorischer Ma\u00dfnahmen<\/li>\n<li>Planung und Durchf\u00fchrung von Schulungen und Workshops zu den Themenbereichen der Informationssicherheit f\u00fcr unsere Kunden<\/li>\n<li>Durchf\u00fchrung von Datenschutz- und Informationssicherheitsaudits<\/li>\n<li>Beratung unserer Kunden zur Einf\u00fchrung und zum Umgang mit k\u00fcnstlicher Intelligenz<\/li>\n<\/ul>\n<p><strong>Interne Informationssicherheit und Organisation<\/strong><\/p>\n<ul>\n<li>Betreuung, Weiterentwicklung und \u00dcberwachung des internen ISMS<\/li>\n<li>Durchf\u00fchrung und Dokumentation von Risikoanalysen, Audits und Wirksamkeitsbewertungen<\/li>\n<li>Erstellung und Pflege von Sicherheitsrichtlinien, Prozessen und Leitlinien<\/li>\n<li>Aktive Einflussnahme auf die Gestaltung und Realisierung interner Organisationsprozesse in enger Zusammenarbeit mit der Gesch\u00e4ftsf\u00fchrung<\/li>\n<li>Unterst\u00fctzung unserer Mitarbeiter bei der Erf\u00fcllung der Anforderungen an die Informationssicherheit<\/li>\n<li>Sensibilisierung und Schulung der Mitarbeitenden zu Informationssicherheit und Datenschutz<\/li>\n<li>Unterst\u00fctzung bei Sicherheitsvorf\u00e4llen und deren Nachverfolgung<\/li>\n<\/ul>\n<p>&nbsp;<\/p>\n<h4><strong>Das bringst Du mit:<\/strong><\/h4>\n<ul>\n<li>Grundkenntnisse in der Informationssicherheit und im Datenschutz<\/li>\n<li>Ausgepr\u00e4gte Pr\u00e4sentationsst\u00e4rke in der Konzeption und \u00fcberzeugenden Vermittlung von Vortr\u00e4gen<\/li>\n<li>Hohe Kooperationsf\u00e4higkeit und sehr gutes Kommunikationsverm\u00f6gen<\/li>\n<li>Stark ausgepr\u00e4gte Kundenorientierung<\/li>\n<li>Sehr gute konzeptionelle und analytische F\u00e4higkeiten zur Erfassung von Problemen und komplexen Fachthemen<\/li>\n<li>Selbstst\u00e4ndige und zielorientierte Arbeitsweise, gepr\u00e4gt von gro\u00dfem Engagement und hoher Einsatzbereitschaft<\/li>\n<li>Sehr gute Deutschkenntnisse in Wort und Schrift<\/li>\n<li>Grundkenntnisse in Englisch in Wort und Schrift<\/li>\n<li>Sehr gute Kenntnisse im Umgang mit den Produkten der MS-Office-Familie<\/li>\n<li>Bereitschaft zu Dienstreisen innerhalb Th\u00fcringens<\/li>\n<li>Besitz eines g\u00fcltigen PKW\u2011F\u00fchrerscheins sowie eines eigenen Fahrzeugs<\/li>\n<\/ul>\n<p>&nbsp;<\/p>\n<h4><strong>Das erwartet Dich bei uns<\/strong><\/h4>\n<ul>\n<li>Fundierte Einarbeitung in Deinem Aufgabengebiet<\/li>\n<li>Vielseitige und sinnstiftende Aufgaben von gesellschaftlicher Relevanz in einem dynamischen und zukunftsorientierten Markt der Kommunalen IT<\/li>\n<li>Weiterentwicklung Deiner pers\u00f6nlichen St\u00e4rken<\/li>\n<li>Weiterbildung und Zertifizierung (z.\u202fB. ISO\u202f27001, BSI, Datenschutz)<\/li>\n<li>Vereinbarkeit von Beruf und Familie durch flexible Arbeitszeitmodelle, Gleitzeitgestaltung und die M\u00f6glichkeit des mobilen Arbeitens (Homeoffice)<\/li>\n<li>Ein attraktives Arbeitsumfeld am Unternehmenssitz mit moderner Arbeitsplatzausstattung im Zentrum der Residenzstadt Gotha<\/li>\n<li>Gute \u00d6PNV-Anbindung<\/li>\n<li>Sozial ausgeglichenes und sicheres Bet\u00e4tigungsfeld in einer au\u00dfergew\u00f6hnlichen Unternehmenskultur, die um die Bedeutung jedes einzelnen Mitarbeitenden wei\u00df<\/li>\n<li>Leistungsorientierte Verg\u00fctung in Anlehnung an den Tarifvertrag f\u00fcr den \u00f6ffentlichen Dienst (TV\u00f6D) \u2013 entsprechend Deiner Qualifizierung und Erfahrungen<\/li>\n<\/ul>\n<p>&nbsp;<\/p>\n<h4><strong>Jetzt bist Du gefragt!:<\/strong><\/h4>\n<p>Bring Deine Ideen, Deine Expertise und Dein Engagement ein \u2013 und gestalte gemeinsam mit uns die digitale Verwaltung von morgen.<\/p>\n<p>Wenn Du in einem zukunftsorientierten Team aktiv viel bewegen und gestalten m\u00f6chtest, freuen wir uns auf Deine Bewerbung unter Angabe Deiner Gehaltsvorstellung sowie Deines fr\u00fchestm\u00f6glichen Starttermins per E-Mail an:<\/p>\n<p><strong><a href=\"mailto:bewerbung@kiv-thueringen.de\" target=\"_blank\" rel=\"noreferrer noopener\">bewerbung@kiv-thueringen.de<\/a>.<\/strong><\/p>\n<p>Bewerbungsfrist: 11.05.2026<\/p>\n","protected":false},"excerpt":{"rendered":"<p>Als zentraler IT-Dienstleister f\u00fcr die Th\u00fcringer Kommunen sind wir \u2013 die Kommunale Informationsverarbeitung Th\u00fcringen GmbH (KIV Th\u00fcringen) \u2013 ein modernes, kommunal getragenes Unternehmen. Im Auftrag des Freistaats Th\u00fcringen, des Gemeinde- und St\u00e4dtebundes sowie vieler Kommunen begleiten wir unsere Kunden bei&hellip;&nbsp;<a href=\"https:\/\/portal.kiv-thueringen.de\/web\/beraterin-fuer-informationssicherheit-m-w-d\/\" class=\"more-link\">weiterlesen<\/a><\/p>\n","protected":false},"author":9,"featured_media":0,"parent":0,"menu_order":0,"comment_status":"closed","ping_status":"closed","template":"","meta":{"footnotes":""},"class_list":["post-34218","page","type-page","status-publish","hentry"],"_links":{"self":[{"href":"https:\/\/portal.kiv-thueringen.de\/web\/wp-json\/wp\/v2\/pages\/34218","targetHints":{"allow":["GET"]}}],"collection":[{"href":"https:\/\/portal.kiv-thueringen.de\/web\/wp-json\/wp\/v2\/pages"}],"about":[{"href":"https:\/\/portal.kiv-thueringen.de\/web\/wp-json\/wp\/v2\/types\/page"}],"author":[{"embeddable":true,"href":"https:\/\/portal.kiv-thueringen.de\/web\/wp-json\/wp\/v2\/users\/9"}],"replies":[{"embeddable":true,"href":"https:\/\/portal.kiv-thueringen.de\/web\/wp-json\/wp\/v2\/comments?post=34218"}],"version-history":[{"count":3,"href":"https:\/\/portal.kiv-thueringen.de\/web\/wp-json\/wp\/v2\/pages\/34218\/revisions"}],"predecessor-version":[{"id":35352,"href":"https:\/\/portal.kiv-thueringen.de\/web\/wp-json\/wp\/v2\/pages\/34218\/revisions\/35352"}],"wp:attachment":[{"href":"https:\/\/portal.kiv-thueringen.de\/web\/wp-json\/wp\/v2\/media?parent=34218"}],"curies":[{"name":"wp","href":"https:\/\/api.w.org\/{rel}","templated":true}]}}