{"id":44,"date":"2018-02-25T16:15:47","date_gmt":"2018-02-25T15:15:47","guid":{"rendered":"http:\/\/192.168.152.35\/?page_id=44"},"modified":"2025-08-01T10:20:46","modified_gmt":"2025-08-01T08:20:46","slug":"impressum","status":"publish","type":"page","link":"https:\/\/portal.kiv-thueringen.de\/web\/impressum\/","title":{"rendered":"Impressum"},"content":{"rendered":"<h1>Impressum<\/h1>\n<p>Kommunale Informationsverarbeitung Th\u00fcringen GmbH<br \/>\nEkhofplatz 2a<br \/>\n99867 Gotha<\/p>\n<p>Telefon: 0362145080<br \/>\nTelefax: 03621450888<br \/>\nE-Mail: <a href=\"mailto:info@kiv-thueringen.de\">info@kiv-thueringen.de<\/a><\/p>\n<p><strong>Vertreten durch:<\/strong><br \/>\nGesch\u00e4ftsf\u00fchrer: Thomas Gmilkowsky und Andreas M\u00f6der<\/p>\n<p><strong>Registereintrag:<\/strong><br \/>\nEingetragen im Handelsregister.<br \/>\nRegistergericht: Amtsgericht Jena<br \/>\nRegisternummer: HRB 106362<\/p>\n<p><strong>Umsatzsteuer-ID: <\/strong><br \/>\nUmsatzsteuer-Identifikationsnummer nach \u00a727a Umsatzsteuergesetz:<br \/>\nDE 156892634<\/p>\n<p><strong>Verantwortlich f\u00fcr den Inhalt<\/strong> (gem. \u00a7 55 Abs. 2 RStV):<br \/>\nKIV Th\u00fcringen GmbH<br \/>\nRalph Knobelsdorf<br \/>\nEkhofplatz 2a<br \/>\n99867 Gotha<\/p>\n<h2>Disclaimer \u2013 rechtliche Hinweise<\/h2>\n<p>\u00a7 1 Warnhinweis zu Inhalten<br \/>\nDie kostenlosen und frei zug\u00e4nglichen Inhalte dieser Webseite wurden mit gr\u00f6\u00dftm\u00f6glicher Sorgfalt erstellt. Der Anbieter dieser Webseite \u00fcbernimmt jedoch keine Gew\u00e4hr f\u00fcr die Richtigkeit und Aktualit\u00e4t der bereitgestellten kostenlosen und frei zug\u00e4nglichen journalistischen Ratgeber und Nachrichten. Namentlich gekennzeichnete Beitr\u00e4ge geben die Meinung des jeweiligen Autors und nicht immer die Meinung des Anbieters wieder. Allein durch den Aufruf der kostenlosen und frei zug\u00e4nglichen Inhalte kommt keinerlei Vertragsverh\u00e4ltnis zwischen dem Nutzer und dem Anbieter zustande, insoweit fehlt es am Rechtsbindungswillen des Anbieters.<\/p>\n<p>\u00a7 2 Externe Links<br \/>\nDiese Website enth\u00e4lt Verkn\u00fcpfungen zu Websites Dritter (&#8222;externe Links&#8220;). Diese Websites unterliegen der Haftung der jeweiligen Betreiber. Der Anbieter hat bei der erstmaligen Verkn\u00fcpfung der externen Links die fremden Inhalte daraufhin \u00fcberpr\u00fcft, ob etwaige Rechtsverst\u00f6\u00dfe bestehen. Zu dem Zeitpunkt waren keine Rechtsverst\u00f6\u00dfe ersichtlich. Der Anbieter hat keinerlei Einfluss auf die aktuelle und zuk\u00fcnftige Gestaltung und auf die Inhalte der verkn\u00fcpften Seiten. Das Setzen von externen Links bedeutet nicht, dass sich der Anbieter die hinter dem Verweis oder Link liegenden Inhalte zu Eigen macht. Eine st\u00e4ndige Kontrolle der externen Links ist f\u00fcr den Anbieter ohne konkrete Hinweise auf Rechtsverst\u00f6\u00dfe nicht zumutbar. Bei Kenntnis von Rechtsverst\u00f6\u00dfen werden jedoch derartige externe Links unverz\u00fcglich gel\u00f6scht.<\/p>\n<p>\u00a7 3 Urheber- und Leistungsschutzrechte<br \/>\nDie auf dieser Website ver\u00f6ffentlichten Inhalte unterliegen dem deutschen Urheber- und Leistungsschutzrecht. Jede vom deutschen Urheber- und Leistungsschutzrecht nicht zugelassene Verwertung bedarf der vorherigen schriftlichen Zustimmung des Anbieters oder jeweiligen Rechteinhabers. Dies gilt insbesondere f\u00fcr Vervielf\u00e4ltigung, Bearbeitung, \u00dcbersetzung, Einspeicherung, Verarbeitung bzw. Wiedergabe von Inhalten in Datenbanken oder anderen elektronischen Medien und Systemen. Inhalte und Rechte Dritter sind dabei als solche gekennzeichnet. Die unerlaubte Vervielf\u00e4ltigung oder Weitergabe einzelner Inhalte oder kompletter Seiten ist nicht gestattet und strafbar. Lediglich die Herstellung von Kopien und Downloads f\u00fcr den pers\u00f6nlichen, privaten und nicht kommerziellen Gebrauch ist erlaubt.<\/p>\n<p>Die Darstellung dieser Website in fremden Frames ist nur mit schriftlicher Erlaubnis zul\u00e4ssig.<\/p>\n<p>\u00a7 4 Besondere Nutzungsbedingungen<br \/>\nSoweit besondere Bedingungen f\u00fcr einzelne Nutzungen dieser Website von den vorgenannten Paragraphen abweichen, wird an entsprechender Stelle ausdr\u00fccklich darauf hingewiesen. In diesem Falle gelten im jeweiligen Einzelfall die besonderen Nutzungsbedingungen.<\/p>\n<p>Quelle: <a href=\"https:\/\/www.juraforum.de\/impressum-generator\/\">Impressum Vorlage von JuraForum.de<\/a><\/p>\n<p>F\u00fcr gegebenenfalls bestehende oder k\u00fcnftig entstehende Rechtsverh\u00e4ltnisse ist ausschlie\u00dflich deutsches Recht anwendbar und sind nur deutsche Gerichte zust\u00e4ndig.<\/p>\n","protected":false},"excerpt":{"rendered":"<p>Impressum Kommunale Informationsverarbeitung Th\u00fcringen GmbH Ekhofplatz 2a 99867 Gotha Telefon: 0362145080 Telefax: 03621450888 E-Mail: info@kiv-thueringen.de Vertreten durch: Gesch\u00e4ftsf\u00fchrer: Thomas Gmilkowsky und Andreas M\u00f6der Registereintrag: Eingetragen im Handelsregister. Registergericht: Amtsgericht Jena Registernummer: HRB 106362 Umsatzsteuer-ID: Umsatzsteuer-Identifikationsnummer nach \u00a727a Umsatzsteuergesetz: DE 156892634&hellip;&nbsp;<a href=\"https:\/\/portal.kiv-thueringen.de\/web\/impressum\/\" class=\"more-link\">weiterlesen<\/a><\/p>\n","protected":false},"author":1,"featured_media":0,"parent":0,"menu_order":1,"comment_status":"closed","ping_status":"closed","template":"","meta":{"footnotes":""},"class_list":["post-44","page","type-page","status-publish","hentry"],"_links":{"self":[{"href":"https:\/\/portal.kiv-thueringen.de\/web\/wp-json\/wp\/v2\/pages\/44","targetHints":{"allow":["GET"]}}],"collection":[{"href":"https:\/\/portal.kiv-thueringen.de\/web\/wp-json\/wp\/v2\/pages"}],"about":[{"href":"https:\/\/portal.kiv-thueringen.de\/web\/wp-json\/wp\/v2\/types\/page"}],"author":[{"embeddable":true,"href":"https:\/\/portal.kiv-thueringen.de\/web\/wp-json\/wp\/v2\/users\/1"}],"replies":[{"embeddable":true,"href":"https:\/\/portal.kiv-thueringen.de\/web\/wp-json\/wp\/v2\/comments?post=44"}],"version-history":[{"count":9,"href":"https:\/\/portal.kiv-thueringen.de\/web\/wp-json\/wp\/v2\/pages\/44\/revisions"}],"predecessor-version":[{"id":30354,"href":"https:\/\/portal.kiv-thueringen.de\/web\/wp-json\/wp\/v2\/pages\/44\/revisions\/30354"}],"wp:attachment":[{"href":"https:\/\/portal.kiv-thueringen.de\/web\/wp-json\/wp\/v2\/media?parent=44"}],"curies":[{"name":"wp","href":"https:\/\/api.w.org\/{rel}","templated":true}]}}