{"id":4444,"date":"2020-05-27T13:41:52","date_gmt":"2020-05-27T11:41:52","guid":{"rendered":"https:\/\/portal.kiv-thueringen.de\/web\/?page_id=4444"},"modified":"2025-01-24T12:20:21","modified_gmt":"2025-01-24T11:20:21","slug":"ihr-kommunaler-it-dienstleister","status":"publish","type":"page","link":"https:\/\/portal.kiv-thueringen.de\/web\/ihr-kommunaler-it-dienstleister\/","title":{"rendered":"Ihr Kommunaler IT-Dienstleister"},"content":{"rendered":"\r\n<h1>Werden Sie Mitgesellschafter bei Ihrem Kommunalen IT-Dienstleister<\/h1>\r\n<p>Am 27.05.2020 wurde die Umgr\u00fcndung des Kommunalen IT-Dienstleisters f\u00fcr Th\u00fcringen &#8211; KIV Th\u00fcringen GmbH \u2013 vollzogen. Der Freistaat Th\u00fcringen wurde als weiterer Gesellschafter aufgenommen. Damit steht den Kommunen in Th\u00fcringen nun die M\u00f6glichkeit offen, als Mitgesellschafter beizutreten und die Vorteile eines starken Partners in allen Fragen der IT zu nutzen. Erfahren Sie im Folgenden, welche Vorteile Sie nutzen k\u00f6nnen und wie sich ein Beitritt als Mitgesellschafter vollzieht.<\/p>\r\n<h2>Vorteile eines Mitgesellschafters<\/h2>\r\n<ul>\r\n<li>Das Leistungsportfolio der KIV Th\u00fcringen deckt <u>alle IT-Bereiche<\/u> in einer Kommune von der Planung \u00fcber die Einf\u00fchrung bis hin zur Schulung und Betreuung ab. Den Mitgesellschaftern steht ein <u>leistungsf\u00e4higes zertifiziertes Rechenzentrum<\/u> zur Verf\u00fcgung. Hauptaugenmerke der gegenw\u00e4rtigen und k\u00fcnftigen T\u00e4tigkeit des kommunalen IT-Dienstleisters liegen in der <u>Umsetzung des Onlinezugangsgesetzes<\/u> (OZG) und <u>datenschutzrechtlicher Anforderungen<\/u> sowie in der <u>Digitalisierung<\/u> der kommunalen Verwaltungen in Th\u00fcringen im Rahmen f\u00f6rderf\u00e4higer Projekte.<\/li>\r\n<li>Die KIV Th\u00fcringen bietet ihre Produkte und Leistungen <u>grunds\u00e4tzlich inhousef\u00e4hig<\/u> an, so dass Beschaffungen und der Einkauf von Dienstleistungen f\u00fcr Mitgesellschafter unmittelbar ohne Ausschreibung zeitnah m\u00f6glich ist. Ein entsprechendes Rechtsgutachten liegt vor.<\/li>\r\n<li>Abnahmepflichten, Umlageverpflichtungen oder Nachschusspflichten sind <u>ausgeschlossen<\/u>.<\/li>\r\n<li><u>Rahmenvertr\u00e4ge<\/u> erm\u00f6glichen den g\u00fcnstigen Erwerb von Hard- und Software und f\u00f6rdern den einheitlichen IT-Standard in Th\u00fcringen.<\/li>\r\n<li>Mitgesellschafter steuern ma\u00dfgeblich die strategische Ausrichtung des Unternehmens \u00fcber die Gremien mit und stellen damit sicher, dass es sich <u>konsequent an den Bed\u00fcrfnissen der beteiligten Kommunen orientiert<\/u>.<\/li>\r\n<\/ul>\r\n<p>&nbsp;<\/p>\r\n<h2>So werden Sie Mitgesellschafter<\/h2>\r\n<p>Sobald sich Ihre Kommune, Landkreis oder Verwaltungsgemeinschaft f\u00fcr einen Beitritt entschieden hat, bitten wir Sie aus datenschutzrechtlichen Gr\u00fcnden, das ausgef\u00fcllte Vollmachtsformular sowie ggf. sp\u00e4ter notwendig werdende weitere Dokumente entweder auf postalischem Weg oder per verschl\u00fcsseltem Upload an die KIV Th\u00fcringen zu \u00fcbermitteln.<\/p>\r\n<p>Als postalische Adresse verwenden Sie bitte:<\/p>\r\n<p><em>KIV Th\u00fcringen GmbH<\/em><br \/><em>Pers\u00f6nlich an Herrn Thomas Gmilkowsky\u00a0<\/em><br \/><em>Ekhofplatz 2a<\/em><br \/><em>99867 Gotha.<\/em><\/p>\r\n<p>Bei einer \u00dcbermittlung per Upload ist folgender Ablauf angedacht:<\/p>\r\n<ul>\r\n<li>\r\n<p>Bitte senden Sie eine E-Mail OHNE Dokumente an\u00a0<a href=\"mailto:beitritt@kiv-thueringen.de\">beitritt@kiv-thueringen.de<\/a>\u00a0mit Betreff \u201eBeitritt Verwaltung #Name Ihrer Kommune#\u201c und Kontaktdaten.<\/p>\r\n<\/li>\r\n<li>\r\n<p>Sie erhalten von der KIV einen pers\u00f6nlichen Upload Link.<\/p>\r\n<\/li>\r\n<li>\r\n<p>Das Passwort wird Ihnen fernm\u00fcndlich \u00fcbermittelt.<\/p>\r\n<\/li>\r\n<\/ul>\r\n<p>Die KIV bereitet dann den jeweiligen Notartermin vor.<\/p>\r\n<p>Gerne k\u00f6nnen Sie Ihre K\u00f6rperschaft in dem jeweiligen Notartermin \u2013 insbesondere aus Gr\u00fcnden der \u00d6ffentlichkeitsarbeit \u2013 auch selbst vertreten. In diesem Fall ist eine Vollmachtserteilung nicht erforderlich. Zur Vorbereitung des Notartermins ben\u00f6tigen wir von Ihnen dann jedoch eine entsprechend verbindliche Erkl\u00e4rung, gerne auch per E-Mail an\u00a0<a href=\"mailto:beitritt@kiv-thueringen.de\">beitritt@kiv-thueringen.de<\/a>.<\/p>\r\n<h2>Termine<\/h2>\r\n<ul>\r\n<li>Termine finden fortlaufend statt. Bei Interesse wenden Sie sich bitte an <a href=\"mailto:beitritt@kiv-thueringen.de\">beitritt@kiv-thueringen.de<\/a>.<\/li>\r\n<\/ul>\r\n<h2>\u00a0<\/h2>\r\n<h2>Sie haben Fragen?<\/h2>\r\n<p>Gern stehen wir Ihnen zur Verf\u00fcgung.<\/p>\r\n<ul>\r\n<li>Mitarbeiter des Referats 51 im Th\u00fcringer Finanzministerium (<a href=\"mailto:eGovernment@tfm.thueringen.de\">eGovernment@tfm.thueringen.de<\/a>)<\/li>\r\n<li>Ricky Bierig (Leiter Vertrieb und Datenschutz, KIV Th\u00fcringen GmbH)<br \/>+49 3621 45 08 62<br \/>+49 176 100 235 28<br \/><a href=\"mailto:rbierig@kiv-thueringen.de\">rbierig@kiv-thueringen.de<\/a><\/li>\r\n<\/ul>\r\n","protected":false},"excerpt":{"rendered":"<p>Werden Sie Mitgesellschafter bei Ihrem Kommunalen IT-Dienstleister Am 27.05.2020 wurde die Umgr\u00fcndung des Kommunalen IT-Dienstleisters f\u00fcr Th\u00fcringen &#8211; KIV Th\u00fcringen GmbH \u2013 vollzogen. Der Freistaat Th\u00fcringen wurde als weiterer Gesellschafter aufgenommen. Damit steht den Kommunen in Th\u00fcringen nun die M\u00f6glichkeit&hellip;&nbsp;<a href=\"https:\/\/portal.kiv-thueringen.de\/web\/ihr-kommunaler-it-dienstleister\/\" class=\"more-link\">weiterlesen<\/a><\/p>\n","protected":false},"author":7,"featured_media":675,"parent":0,"menu_order":0,"comment_status":"closed","ping_status":"closed","template":"","meta":{"footnotes":""},"class_list":["post-4444","page","type-page","status-publish","has-post-thumbnail","hentry"],"_links":{"self":[{"href":"https:\/\/portal.kiv-thueringen.de\/web\/wp-json\/wp\/v2\/pages\/4444","targetHints":{"allow":["GET"]}}],"collection":[{"href":"https:\/\/portal.kiv-thueringen.de\/web\/wp-json\/wp\/v2\/pages"}],"about":[{"href":"https:\/\/portal.kiv-thueringen.de\/web\/wp-json\/wp\/v2\/types\/page"}],"author":[{"embeddable":true,"href":"https:\/\/portal.kiv-thueringen.de\/web\/wp-json\/wp\/v2\/users\/7"}],"replies":[{"embeddable":true,"href":"https:\/\/portal.kiv-thueringen.de\/web\/wp-json\/wp\/v2\/comments?post=4444"}],"version-history":[{"count":20,"href":"https:\/\/portal.kiv-thueringen.de\/web\/wp-json\/wp\/v2\/pages\/4444\/revisions"}],"predecessor-version":[{"id":19414,"href":"https:\/\/portal.kiv-thueringen.de\/web\/wp-json\/wp\/v2\/pages\/4444\/revisions\/19414"}],"wp:featuredmedia":[{"embeddable":true,"href":"https:\/\/portal.kiv-thueringen.de\/web\/wp-json\/wp\/v2\/media\/675"}],"wp:attachment":[{"href":"https:\/\/portal.kiv-thueringen.de\/web\/wp-json\/wp\/v2\/media?parent=4444"}],"curies":[{"name":"wp","href":"https:\/\/api.w.org\/{rel}","templated":true}]}}