{"id":4630,"date":"2020-06-25T15:54:51","date_gmt":"2020-06-25T13:54:51","guid":{"rendered":"https:\/\/portal.kiv-thueringen.de\/web\/?page_id=4630"},"modified":"2026-03-10T11:41:32","modified_gmt":"2026-03-10T10:41:32","slug":"wir-suchen-verstaerkung","status":"publish","type":"page","link":"https:\/\/portal.kiv-thueringen.de\/web\/wir-suchen-verstaerkung\/","title":{"rendered":"Wir suchen Verst\u00e4rkung"},"content":{"rendered":"\r\n<p>Der kommunale IT-Dienstleister des Freistaates Th\u00fcringen, die KIV Th\u00fcringen GmbH, sucht Verst\u00e4rkung.<\/p>\r\n<h4>Folgende Stellen bieten wir an:<\/h4>\r\n<ul>\r\n<li><a href=\"https:\/\/portal.kiv-thueringen.de\/web\/beraterin-fuer-kommunales-finanzwesen-m-w-d\/\">Berater*in f\u00fcr kommunales Finanzwesen (m\/w\/d)<\/a><\/li>\r\n<li><a href=\"https:\/\/portal.kiv-thueringen.de\/web\/it-systemadministrator-m-w-d-schwerpunkt-linux-windows\/\">IT-Systemadministrator\u00a0(m\/w\/d) &#8211; Schwerpunkt Linux &amp; Windows<\/a><\/li>\r\n<li><a href=\"https:\/\/portal.kiv-thueringen.de\/web\/beraterin-fuer-informationssicherheit-m-w-d\/\">Berater*in f\u00fcr Informationssicherheit (m\/w\/d)<\/a><\/li>\r\n<li><a href=\"https:\/\/portal.kiv-thueringen.de\/web\/fachberaterin-dokumentenmanagement-m-w-d\">Fachberater*in Dokumentenmanagement (m\/w\/d)<\/a><\/li>\r\n<\/ul>\r\n<p>&nbsp;<\/p>\r\n","protected":false},"excerpt":{"rendered":"<p>Der kommunale IT-Dienstleister des Freistaates Th\u00fcringen, die KIV Th\u00fcringen GmbH, sucht Verst\u00e4rkung. Folgende Stellen bieten wir an: Berater*in f\u00fcr kommunales Finanzwesen (m\/w\/d) IT-Systemadministrator\u00a0(m\/w\/d) &#8211; Schwerpunkt Linux &amp; Windows Berater*in f\u00fcr Informationssicherheit (m\/w\/d) Fachberater*in Dokumentenmanagement (m\/w\/d) &nbsp;<\/p>\n","protected":false},"author":7,"featured_media":0,"parent":0,"menu_order":0,"comment_status":"closed","ping_status":"closed","template":"","meta":{"footnotes":""},"class_list":["post-4630","page","type-page","status-publish","hentry"],"_links":{"self":[{"href":"https:\/\/portal.kiv-thueringen.de\/web\/wp-json\/wp\/v2\/pages\/4630","targetHints":{"allow":["GET"]}}],"collection":[{"href":"https:\/\/portal.kiv-thueringen.de\/web\/wp-json\/wp\/v2\/pages"}],"about":[{"href":"https:\/\/portal.kiv-thueringen.de\/web\/wp-json\/wp\/v2\/types\/page"}],"author":[{"embeddable":true,"href":"https:\/\/portal.kiv-thueringen.de\/web\/wp-json\/wp\/v2\/users\/7"}],"replies":[{"embeddable":true,"href":"https:\/\/portal.kiv-thueringen.de\/web\/wp-json\/wp\/v2\/comments?post=4630"}],"version-history":[{"count":68,"href":"https:\/\/portal.kiv-thueringen.de\/web\/wp-json\/wp\/v2\/pages\/4630\/revisions"}],"predecessor-version":[{"id":34408,"href":"https:\/\/portal.kiv-thueringen.de\/web\/wp-json\/wp\/v2\/pages\/4630\/revisions\/34408"}],"wp:attachment":[{"href":"https:\/\/portal.kiv-thueringen.de\/web\/wp-json\/wp\/v2\/media?parent=4630"}],"curies":[{"name":"wp","href":"https:\/\/api.w.org\/{rel}","templated":true}]}}