{"id":51,"date":"2018-02-25T16:16:56","date_gmt":"2018-02-25T15:16:56","guid":{"rendered":"http:\/\/192.168.152.35\/?page_id=51"},"modified":"2026-02-12T13:24:50","modified_gmt":"2026-02-12T12:24:50","slug":"supportanfrage","status":"publish","type":"page","link":"https:\/\/portal.kiv-thueringen.de\/web\/support\/supportanfrage\/","title":{"rendered":"Supportanfrage"},"content":{"rendered":"<h1><span style=\"color: #ff9900;\">Ticket &amp; Kommunikationsystem<\/span><\/h1>\n<p>Senden Sie uns \u00fcber diese Formular eine Online-Supportanfrage.<\/p>\n<p style=\"margin: 0in; font-family: 'Calibri Light'; font-size: 20.0pt;\">\n<div class=\"wpcf7 no-js\" id=\"wpcf7-f33294-o1\" lang=\"de-DE\" dir=\"ltr\" data-wpcf7-id=\"33294\">\n<div class=\"screen-reader-response\"><p role=\"status\" aria-live=\"polite\" aria-atomic=\"true\"><\/p> <ul><\/ul><\/div>\n<form action=\"\/web\/wp-json\/wp\/v2\/pages\/51#wpcf7-f33294-o1\" method=\"post\" class=\"wpcf7-form init\" aria-label=\"Kontaktformular\" enctype=\"multipart\/form-data\" novalidate=\"novalidate\" data-status=\"init\">\n<fieldset class=\"hidden-fields-container\"><input type=\"hidden\" name=\"_wpcf7\" value=\"33294\" \/><input type=\"hidden\" name=\"_wpcf7_version\" value=\"6.1.5\" \/><input type=\"hidden\" name=\"_wpcf7_locale\" value=\"de_DE\" \/><input type=\"hidden\" name=\"_wpcf7_unit_tag\" value=\"wpcf7-f33294-o1\" \/><input type=\"hidden\" name=\"_wpcf7_container_post\" value=\"0\" \/><input type=\"hidden\" name=\"_wpcf7_posted_data_hash\" value=\"\" \/><input type=\"hidden\" name=\"_wpcf7_recaptcha_response\" value=\"\" \/>\n<\/fieldset>\n<p><label> Name (Pflichtfeld)<br \/>\n<span class=\"wpcf7-form-control-wrap\" data-name=\"nachname\"><input size=\"40\" maxlength=\"400\" class=\"wpcf7-form-control wpcf7-text wpcf7-validates-as-required\" aria-required=\"true\" aria-invalid=\"false\" value=\"\" type=\"text\" name=\"nachname\" \/><\/span> <\/label>\n<\/p>\n<p><label> Vorname (Pflichtfeld)<br \/>\n<span class=\"wpcf7-form-control-wrap\" data-name=\"vorname\"><input size=\"40\" maxlength=\"400\" class=\"wpcf7-form-control wpcf7-text wpcf7-validates-as-required\" aria-required=\"true\" aria-invalid=\"false\" value=\"\" type=\"text\" name=\"vorname\" \/><\/span> <\/label>\n<\/p>\n<p><label> Verwaltung (Pflichtfeld)<br \/>\n<span class=\"wpcf7-form-control-wrap\" data-name=\"verwaltung\"><input size=\"40\" maxlength=\"400\" class=\"wpcf7-form-control wpcf7-text wpcf7-validates-as-required\" aria-required=\"true\" aria-invalid=\"false\" value=\"\" type=\"text\" name=\"verwaltung\" \/><\/span> <\/label>\n<\/p>\n<p><label> Telefon (Pflichtfeld)<br \/>\n<span class=\"wpcf7-form-control-wrap\" data-name=\"telefon\"><input size=\"40\" maxlength=\"400\" class=\"wpcf7-form-control wpcf7-tel wpcf7-validates-as-required wpcf7-text wpcf7-validates-as-tel\" aria-required=\"true\" aria-invalid=\"false\" value=\"\" type=\"tel\" name=\"telefon\" \/><\/span> <\/label>\n<\/p>\n<p><label> E-Mail (Pflichtfeld)<br \/>\n<span class=\"wpcf7-form-control-wrap\" data-name=\"email\"><input size=\"40\" maxlength=\"400\" class=\"wpcf7-form-control wpcf7-email wpcf7-validates-as-required wpcf7-text wpcf7-validates-as-email\" aria-required=\"true\" aria-invalid=\"false\" value=\"\" type=\"email\" name=\"email\" \/><\/span> <\/label>\n<\/p>\n<p><label> Produkt (Pflichtfeld)<br \/>\n<span class=\"wpcf7-form-control-wrap\" data-name=\"verfahren\"><select class=\"wpcf7-form-control wpcf7-select wpcf7-validates-as-required\" aria-required=\"true\" aria-invalid=\"false\" name=\"verfahren\"><option value=\"\">&#8211; Bitte ausw\u00e4hlen &#8211;<\/option><option value=\"AutiSta\">AutiSta<\/option><option value=\"Buchhaltung\">Buchhaltung<\/option><option value=\"Citrix\">Citrix<\/option><option value=\"Digitalisierung\">Digitalisierung<\/option><option value=\"Gesch\u00e4ftsleitung\">Gesch\u00e4ftsleitung<\/option><option value=\"GESO\">GESO<\/option><option value=\"GIS\">GIS<\/option><option value=\"H&amp;H proDoppik\">H&amp;H proDoppik<\/option><option value=\"Informationssicherheit\">Informationssicherheit<\/option><option value=\"KIVAN\">KIVAN<\/option><option value=\"KKG\">KKG<\/option><option value=\"Kommunalberatung\/Vertrieb\">Kommunalberatung\/Vertrieb<\/option><option value=\"Kommunalgateway\">Kommunalgateway<\/option><option value=\"LOGA\">LOGA<\/option><option value=\"LOGA3\">LOGA3<\/option><option value=\"LOGA-Datentransfer\">LOGA-Datentransfer<\/option><option value=\"OWI\">OWI<\/option><option value=\"Regisafe\">Regisafe<\/option><option value=\"Registrierungsstelle\">Registrierungsstelle<\/option><option value=\"Technik\">Technik<\/option><option value=\"Ticketsystem\">Ticketsystem<\/option><option value=\"VOIS\">VOIS<\/option><option value=\"webFLUR\">webFLUR<\/option><option value=\"webFRIED\">webFRIED<\/option><\/select><\/span><br \/>\n<\/label>\n<\/p>\n<p><span class=\"wpcf7-form-control-wrap\" data-name=\"Systemstillstand\"><span class=\"wpcf7-form-control wpcf7-checkbox wpcf7-exclusive-checkbox\"><span class=\"wpcf7-list-item first last\"><span class=\"wpcf7-list-item-label\">Systemstillstand<\/span><input type=\"checkbox\" name=\"Systemstillstand\" value=\"Systemstillstand\" \/><\/span><\/span><\/span>\n<\/p>\n<p><label> Betreff<br \/>\n<span class=\"wpcf7-form-control-wrap\" data-name=\"subject\"><input size=\"40\" maxlength=\"400\" class=\"wpcf7-form-control wpcf7-text wpcf7-validates-as-required\" aria-required=\"true\" aria-invalid=\"false\" value=\"\" type=\"text\" name=\"subject\" \/><\/span> <\/label>\n<\/p>\n<p><label> Ihre Nachricht<br \/>\n<span class=\"wpcf7-form-control-wrap\" data-name=\"message\"><textarea cols=\"40\" rows=\"10\" maxlength=\"2000\" class=\"wpcf7-form-control wpcf7-textarea\" aria-invalid=\"false\" name=\"message\"><\/textarea><\/span> <\/label>\n<\/p>\n<p>Dateiupload (Dateitypen: pdf, jpg, png)<br \/>\n<span class=\"wpcf7-form-control-wrap\" data-name=\"datei\"><input size=\"40\" class=\"wpcf7-form-control wpcf7-file\" accept=\".pdf,.jpg,.png\" aria-invalid=\"false\" type=\"file\" name=\"datei\" \/><\/span>\n<\/p>\n<p><span class=\"wpcf7-form-control-wrap\" data-name=\"acceptance-709\"><span class=\"wpcf7-form-control wpcf7-acceptance\"><span class=\"wpcf7-list-item\"><label><span class=\"wpcf7-list-item-label\">Ich akzeptiere die <a target=\"_blank\" href=\"https:\/\/portal.kiv-thueringen.de\/web\/datenschutzbedingungen-ticketsystem\/\">Datenschutzbedingungen<\/a>.<\/span><input type=\"checkbox\" name=\"acceptance-709\" value=\"1\" aria-invalid=\"false\" \/><\/label><\/span><\/span><\/span>\n<\/p>\n<p><input class=\"wpcf7-form-control wpcf7-submit has-spinner\" type=\"submit\" value=\"Senden\" \/>\n<\/p><div class=\"wpcf7-response-output\" aria-hidden=\"true\"><\/div>\n<\/form>\n<\/div>\n<\/p>\n<p>&nbsp;<\/p>\n<p>Wir informieren Sie \u00fcber den Eingang und weitere durchgef\u00fchrten Bearbeitungsschritte.<\/p>\n<p>&nbsp;<\/p>\n","protected":false},"excerpt":{"rendered":"<p>Ticket &amp; Kommunikationsystem Senden Sie uns \u00fcber diese Formular eine Online-Supportanfrage. &nbsp; Wir informieren Sie \u00fcber den Eingang und weitere durchgef\u00fchrten Bearbeitungsschritte. &nbsp;<\/p>\n","protected":false},"author":1,"featured_media":0,"parent":49,"menu_order":0,"comment_status":"closed","ping_status":"closed","template":"","meta":{"footnotes":""},"class_list":["post-51","page","type-page","status-publish","hentry"],"_links":{"self":[{"href":"https:\/\/portal.kiv-thueringen.de\/web\/wp-json\/wp\/v2\/pages\/51","targetHints":{"allow":["GET"]}}],"collection":[{"href":"https:\/\/portal.kiv-thueringen.de\/web\/wp-json\/wp\/v2\/pages"}],"about":[{"href":"https:\/\/portal.kiv-thueringen.de\/web\/wp-json\/wp\/v2\/types\/page"}],"author":[{"embeddable":true,"href":"https:\/\/portal.kiv-thueringen.de\/web\/wp-json\/wp\/v2\/users\/1"}],"replies":[{"embeddable":true,"href":"https:\/\/portal.kiv-thueringen.de\/web\/wp-json\/wp\/v2\/comments?post=51"}],"version-history":[{"count":20,"href":"https:\/\/portal.kiv-thueringen.de\/web\/wp-json\/wp\/v2\/pages\/51\/revisions"}],"predecessor-version":[{"id":33821,"href":"https:\/\/portal.kiv-thueringen.de\/web\/wp-json\/wp\/v2\/pages\/51\/revisions\/33821"}],"up":[{"embeddable":true,"href":"https:\/\/portal.kiv-thueringen.de\/web\/wp-json\/wp\/v2\/pages\/49"}],"wp:attachment":[{"href":"https:\/\/portal.kiv-thueringen.de\/web\/wp-json\/wp\/v2\/media?parent=51"}],"curies":[{"name":"wp","href":"https:\/\/api.w.org\/{rel}","templated":true}]}}