{"id":575,"date":"2018-05-24T12:47:02","date_gmt":"2018-05-24T10:47:02","guid":{"rendered":"https:\/\/portal.kiv-thueringen.de\/web\/?page_id=575"},"modified":"2023-01-16T16:44:44","modified_gmt":"2023-01-16T15:44:44","slug":"ihre-ansprechpartner","status":"publish","type":"page","link":"https:\/\/portal.kiv-thueringen.de\/web\/unternehmen\/ihre-ansprechpartner\/","title":{"rendered":"Ihre Ansprechpartner"},"content":{"rendered":"<h1><span style=\"color: #ff9900;\">Kompetent. Innovativ. Verl\u00e4sslich.<\/span><\/h1>\n<h5><a href=\"https:\/\/portal.kiv-thueringen.de\/web\/?page_id=11531\">Organigramm<\/a><\/h5>\n<div class=\"section\">\n<p>Erfahren Sie mehr \u00fcber die Struktur und den organisatorischen Aufbau Ihres kommunalen IT-Dienstleisters. S\u00e4mtliche Unternehmensbereiche stellen sich vor. Wenn Sie sich mit einem Anliegen an uns wenden m\u00f6chten, aber keinen direkten Ansprechpartner kennen, ist das folgende Organigramm mit seiner thematischen Wichtung der beste Weg. Hier finden Sie alle leitenden Mitarbeiter von Gesch\u00e4ftsf\u00fchrung, Stabsstellen, Unternehmensbereichen und Teams.<\/p>\n<\/div>\n<div class=\"section\">\n<p>&nbsp;<\/p>\n<h5><a href=\"https:\/\/portal.kiv-thueringen.de\/web\/?page_id=11533\">Gesch\u00e4ftsf\u00fchrung, Sekretariat, Stabstellen<\/a><\/h5>\n<p>Hier finden Sie alle Ansprechpartner der Gesch\u00e4ftsf\u00fchrung, dem Sekretariat und den Stabsstellen.<\/p>\n<\/div>\n<p>&nbsp;<\/p>\n<h5><a href=\"https:\/\/portal.kiv-thueringen.de\/web\/?page_id=11538\">Vertrieb\/Marketing<\/a><\/h5>\n<p>Der Unternehmensbereich Kommunalberatung\/Marketing ist Ihre erste Anlaufstelle bei allen Fragen rund um die Angebote, Fachverfahren und Leistungen Ihres kommunalen IT-Dienstleisters. Er besch\u00e4ftigt sich mit dem Marketing (Messen, Veranstaltungen) und unterst\u00fctzt die anderen Unternehmensbereiche in allen vertrieblichen Angelegenheiten.<\/p>\n<p>&nbsp;<\/p>\n<h5><a href=\"https:\/\/portal.kiv-thueringen.de\/web\/?page_id=11542\">Interne Organisation \/ Kommunales Finanzen<\/a><\/h5>\n<p>Der Unternehmensbereich besch\u00e4ftigt sich mit allen Fragen der internen Organisation (Buchhaltung, Personalverwaltung) und ist Ihrer erster Ansprechpartnern bei allen Fragen um Rechnungen. Au\u00dferdem ist in diesem Bereich das Supportteam des kommunalen Finanzwesens (H&amp;H proDoppik) angesiedelt.<\/p>\n<p>&nbsp;<\/p>\n<h5><a href=\"https:\/\/portal.kiv-thueringen.de\/web\/?page_id=11545\">Technik\/Support\/Entwicklung<\/a><\/h5>\n<p>Willkommen im gr\u00f6\u00dften Unternehmensbereich Ihres kommunalen IT-Dienstleisters. Neben der Softwareentwicklung und der Initiierung und Durchf\u00fchrung innovativer Projekte sind hier die Teams des Datenschutzes, der Technik sowie die Betreuer der Fachverfahren AutiSta, Regisafe, webFLUR, webFRIED, MESO\/VOIS, GIS und KITA zu finden.<\/p>\n<p>&nbsp;<\/p>\n<h5><a href=\"https:\/\/portal.kiv-thueringen.de\/web\/?page_id=11554\">Digitalisierung<\/a><\/h5>\n<p>Der Unternehmensbereich Digitalisierung besch\u00e4ftigt sich u.a. mit der Abwicklung von Digitalisierungs- und eGovernmentprojekten. Das umfasst insbesondere F\u00f6rderprojekte in diesem Bereich, die OZG-Starterprojekte sowie EfA-Projekte. Au\u00dferdem unterst\u00fctzt der Bereich die anderen Bereiche bei der Erstellung und Abwicklung von F\u00f6rderprojekten. Der Bereich umfasst auch dass Team der Registrierungsstelle, welches alle erforderlichen Antr\u00e4ge f\u00fcr den Zugang zu den Systemen Ihres kommunalen IT-Dienstleisters bearbeitet.<\/p>\n","protected":false},"excerpt":{"rendered":"<p>Kompetent. Innovativ. Verl\u00e4sslich. Organigramm Erfahren Sie mehr \u00fcber die Struktur und den organisatorischen Aufbau Ihres kommunalen IT-Dienstleisters. S\u00e4mtliche Unternehmensbereiche stellen sich vor. Wenn Sie sich mit einem Anliegen an uns wenden m\u00f6chten, aber keinen direkten Ansprechpartner kennen, ist das folgende&hellip;&nbsp;<a href=\"https:\/\/portal.kiv-thueringen.de\/web\/unternehmen\/ihre-ansprechpartner\/\" class=\"more-link\">weiterlesen<\/a><\/p>\n","protected":false},"author":7,"featured_media":0,"parent":63,"menu_order":0,"comment_status":"closed","ping_status":"closed","template":"","meta":{"footnotes":""},"class_list":["post-575","page","type-page","status-publish","hentry"],"_links":{"self":[{"href":"https:\/\/portal.kiv-thueringen.de\/web\/wp-json\/wp\/v2\/pages\/575","targetHints":{"allow":["GET"]}}],"collection":[{"href":"https:\/\/portal.kiv-thueringen.de\/web\/wp-json\/wp\/v2\/pages"}],"about":[{"href":"https:\/\/portal.kiv-thueringen.de\/web\/wp-json\/wp\/v2\/types\/page"}],"author":[{"embeddable":true,"href":"https:\/\/portal.kiv-thueringen.de\/web\/wp-json\/wp\/v2\/users\/7"}],"replies":[{"embeddable":true,"href":"https:\/\/portal.kiv-thueringen.de\/web\/wp-json\/wp\/v2\/comments?post=575"}],"version-history":[{"count":75,"href":"https:\/\/portal.kiv-thueringen.de\/web\/wp-json\/wp\/v2\/pages\/575\/revisions"}],"predecessor-version":[{"id":11586,"href":"https:\/\/portal.kiv-thueringen.de\/web\/wp-json\/wp\/v2\/pages\/575\/revisions\/11586"}],"up":[{"embeddable":true,"href":"https:\/\/portal.kiv-thueringen.de\/web\/wp-json\/wp\/v2\/pages\/63"}],"wp:attachment":[{"href":"https:\/\/portal.kiv-thueringen.de\/web\/wp-json\/wp\/v2\/media?parent=575"}],"curies":[{"name":"wp","href":"https:\/\/api.w.org\/{rel}","templated":true}]}}