{"id":5841,"date":"2021-01-18T10:23:01","date_gmt":"2021-01-18T09:23:01","guid":{"rendered":"https:\/\/portal.kiv-thueringen.de\/web\/?page_id=5841"},"modified":"2025-09-23T13:35:18","modified_gmt":"2025-09-23T11:35:18","slug":"digitale-agenda","status":"publish","type":"page","link":"https:\/\/portal.kiv-thueringen.de\/web\/digitale-agenda\/","title":{"rendered":"Digitale Agenda"},"content":{"rendered":"<h1>Kommunale Digitale Agenda<\/h1>\n<h2>Die Digitalisierung in der eigenen Hand<\/h2>\n<p>Die Digitalisierung der \u00f6ffentlichen Verwaltung ist in den letzten Jahren und besonders durch die Corona-Pandemie zu einem besonders wichtigen Thema geworden. Auch die Kommunen stehen als erste Anlaufstelle f\u00fcr B\u00fcrger und Unternehmen vor gro\u00dfen Herausforderungen und bedeutenden Chancen.<\/p>\n<p>Das Thema \u201eDigitalisierung\u201c ist in Ihrer Kommune sicher kein Fremdwort. Aber im Alltagsgesch\u00e4ft bleibt oft wenig Zeit, sich einen umfassenden \u00dcberblick \u00fcber Digitalisierungsthemen zu verschaffen und einen Plan f\u00fcr das weitere Vorgehen zu erarbeiten.<\/p>\n<p>Jedoch verpflichtet das Onlinezugangsgesetz (OZG) auch die Kommunen, bis 2023 alle damit zusammenh\u00e4ngenden angebotenen Verwaltungsleistungen auch digital anzubieten. Zus\u00e4tzlich gilt es, auch das Th\u00fcringer E-Government Gesetz umzusetzen und die steigenden Anforderungen von B\u00fcrgern und Unternehmen an eine nutzerfreundliche Kommunalverwaltung zu erf\u00fcllen. Au\u00dferdem k\u00f6nnen Sie mittels Digitalisierung Ihre Verwaltungsprozesse effizienter gestalten. Das entlastet Ihre Mitarbeiter, sodass sich dies voll auf ihre fachliche Arbeit konzentrieren k\u00f6nnen.<\/p>\n<p><strong>Es gilt also:<\/strong> Nehmen Sie die Digitalisierung Ihrer Kommune jetzt in die eigene Hand!<\/p>\n<p>Die KIV Th\u00fcringen GmbH als Ihr kommunaler IT-Dienstleister unterst\u00fctzt Sie gerne bei der Erstellung Ihrer eigenen Digitalen Agenda. Dabei gehen wir individuell und auf die besonderen Rahmenbedingungen Ihrer Kommune ein, damit Sie mit einer passenden Strategie als Grundlage die Digitalisierung Ihrer Kommune planen und umsetzen k\u00f6nnen.<br \/>\nEs gibt eine Vielzahl von Einfl\u00fcssen, denen Sie bei der Digitalisierung ausgesetzt sind. Mit einer Digitalisierungsstrategie behalten Sie den \u00dcberblick!<\/p>\n<h3>Finanzierung<\/h3>\n<p>Das Land \u00fcbernimmt mit einem Pauschalbetrag noch bis Ende 2022 einen Teil der Kosten einer Initialberatung zum Thema E-Government \u00fcber die Th\u00fcringer E-Government-Richtlinie. Der richtige Zeitpunkt f\u00fcr die Erstellung einer Digitalen Agenda ist also jetzt.<\/p>\n<h3>Individuelle Begleitung<\/h3>\n<p>Unser Ziel ist, Ihnen eine individuell auf ihre Kommune zugeschnittene Beratungsleistung anzubieten. Das bedeutet, dass wir uns intensiv mit den Besonderheiten Ihrer Kommune befassen. Darauf aufbauend stellen wir Ihnen die M\u00f6glichkeiten der Digitalisierung vor, die zu Ihnen passen und unterst\u00fctzen Sie bei deren Priorisierung. Dabei profitieren Sie davon, dass wir bei der OZG-Umsetzung intensiv mit dem Freistaat zusammenarbeiten und uns auch an bundesweiten Digitalisierungsinitiativen beteiligen. Dadurch k\u00f6nnen wir Ihre Interessen und Anforderungen gegen\u00fcber Land und Bund kommunizieren.<\/p>\n<h3>Digitalisierung nachhaltig gestalten<\/h3>\n<p>Als Ihr Kommunaler IT-Dienstleister verstehen wir Digitalisierung als nachhaltigen Prozess. Es soll einerseits ein Nutzen f\u00fcr die B\u00fcrger und Unternehmen entstehen, aber andererseits auch die Verwaltung selbst profitieren. Wir haben daher u.a. nicht nur die Digitalisierung von Antragsverfahren, sondern auch die Ihrer Verwaltungsprozesse, mit im Blick.<\/p>\n<p>&nbsp;<\/p>\n<p>&nbsp;<\/p>\n","protected":false},"excerpt":{"rendered":"<p>Kommunale Digitale Agenda Die Digitalisierung in der eigenen Hand Die Digitalisierung der \u00f6ffentlichen Verwaltung ist in den letzten Jahren und besonders durch die Corona-Pandemie zu einem besonders wichtigen Thema geworden. Auch die Kommunen stehen als erste Anlaufstelle f\u00fcr B\u00fcrger und&hellip;&nbsp;<a href=\"https:\/\/portal.kiv-thueringen.de\/web\/digitale-agenda\/\" class=\"more-link\">weiterlesen<\/a><\/p>\n","protected":false},"author":7,"featured_media":0,"parent":0,"menu_order":0,"comment_status":"closed","ping_status":"closed","template":"","meta":{"footnotes":""},"class_list":["post-5841","page","type-page","status-publish","hentry"],"_links":{"self":[{"href":"https:\/\/portal.kiv-thueringen.de\/web\/wp-json\/wp\/v2\/pages\/5841","targetHints":{"allow":["GET"]}}],"collection":[{"href":"https:\/\/portal.kiv-thueringen.de\/web\/wp-json\/wp\/v2\/pages"}],"about":[{"href":"https:\/\/portal.kiv-thueringen.de\/web\/wp-json\/wp\/v2\/types\/page"}],"author":[{"embeddable":true,"href":"https:\/\/portal.kiv-thueringen.de\/web\/wp-json\/wp\/v2\/users\/7"}],"replies":[{"embeddable":true,"href":"https:\/\/portal.kiv-thueringen.de\/web\/wp-json\/wp\/v2\/comments?post=5841"}],"version-history":[{"count":5,"href":"https:\/\/portal.kiv-thueringen.de\/web\/wp-json\/wp\/v2\/pages\/5841\/revisions"}],"predecessor-version":[{"id":31286,"href":"https:\/\/portal.kiv-thueringen.de\/web\/wp-json\/wp\/v2\/pages\/5841\/revisions\/31286"}],"wp:attachment":[{"href":"https:\/\/portal.kiv-thueringen.de\/web\/wp-json\/wp\/v2\/media?parent=5841"}],"curies":[{"name":"wp","href":"https:\/\/api.w.org\/{rel}","templated":true}]}}