{"id":6010,"date":"2021-02-03T10:05:31","date_gmt":"2021-02-03T09:05:31","guid":{"rendered":"https:\/\/portal.kiv-thueringen.de\/web\/?page_id=6010"},"modified":"2024-10-04T14:11:02","modified_gmt":"2024-10-04T12:11:02","slug":"hygieneregeln-covid-19","status":"publish","type":"page","link":"https:\/\/portal.kiv-thueringen.de\/web\/hygieneregeln-covid-19\/","title":{"rendered":"Hygieneregeln"},"content":{"rendered":"<h1 class=\"main-column__headline h1 id-columnHeadline\">Hygienema\u00dfnahmen<\/h1>\n<div class=\"column__content-wrapper main-column__content-wrapper \">\n<div class=\"id-content-first-column id-content\">\n<h3 class=\"paragraph h3 default\">Informationen f\u00fcr Besucher*innen der KIV Th\u00fcringen<\/h3>\n<hr \/>\n<p class=\"paragraph\">Es gelten bei uns folgende Ma\u00dfnahmen:<\/p>\n<ul class=\"unordered-list\">\n<li class=\"list-item unordered-list-item\">Die Gespr\u00e4chsteilnehmer\/innen werden jeweils geladen. Am Empfang werden ihre Kontaktdaten erfasst.<\/li>\n<li class=\"list-item unordered-list-item\">Jede Person, die das Geb\u00e4ude betritt, hat sich zun\u00e4chst gr\u00fcndlich die H\u00e4nde zu desinfizieren. Hierzu steht am Eingang Desinfektionsmittel zur Verf\u00fcgung. Die derzeit bestehenden und allgemeing\u00fcltigen Hygiene-Ma\u00dfnahmen (u. a. regelm\u00e4\u00dfiges H\u00e4ndewaschen und die Einhaltung des Mindestabstands) sind zu beachten.<\/li>\n<li class=\"list-item unordered-list-item\">Beim Betreten des Geb\u00e4udes und beim Bewegen im Geb\u00e4ude ist die Mund-Nase-Bedeckung zu tragen. Diese kann beim Gespr\u00e4chstermin, nach Einnahme der Sitzpl\u00e4tze, abgenommen werden. Auf den Fluren und bei der Toilettennutzung ist ebenfalls eine\u00a0Mund-Nasen-Bedeckung zu tragen.<\/li>\n<li class=\"list-item unordered-list-item\">Aush\u00e4nge zu den erforderlichen Abstands-und Hygieneregeln sind im Geb\u00e4ude angebracht.<\/li>\n<li class=\"list-item unordered-list-item\">Die Bel\u00fcftung der R\u00e4ume erfolgt durch sogenannte Sto\u00dfl\u00fcftung (manuelles \u00d6ffnen der Fenster).<\/li>\n<li class=\"list-item unordered-list-item\">Die Kontaktfl\u00e4chen (Tische, Stuhllehnen, T\u00fcrgriffe) werden durch uns regelm\u00e4\u00dfig desinfiziert.<\/li>\n<\/ul>\n<p class=\"paragraph\"><b>Wir bitten um Beachtung.<\/b><\/p>\n<\/div>\n<\/div>\n","protected":false},"excerpt":{"rendered":"<p>Hygienema\u00dfnahmen Informationen f\u00fcr Besucher*innen der KIV Th\u00fcringen Es gelten bei uns folgende Ma\u00dfnahmen: Die Gespr\u00e4chsteilnehmer\/innen werden jeweils geladen. Am Empfang werden ihre Kontaktdaten erfasst. Jede Person, die das Geb\u00e4ude betritt, hat sich zun\u00e4chst gr\u00fcndlich die H\u00e4nde zu desinfizieren. Hierzu steht&hellip;&nbsp;<a href=\"https:\/\/portal.kiv-thueringen.de\/web\/hygieneregeln-covid-19\/\" class=\"more-link\">weiterlesen<\/a><\/p>\n","protected":false},"author":6,"featured_media":0,"parent":0,"menu_order":0,"comment_status":"closed","ping_status":"closed","template":"","meta":{"footnotes":""},"class_list":["post-6010","page","type-page","status-publish","hentry"],"_links":{"self":[{"href":"https:\/\/portal.kiv-thueringen.de\/web\/wp-json\/wp\/v2\/pages\/6010","targetHints":{"allow":["GET"]}}],"collection":[{"href":"https:\/\/portal.kiv-thueringen.de\/web\/wp-json\/wp\/v2\/pages"}],"about":[{"href":"https:\/\/portal.kiv-thueringen.de\/web\/wp-json\/wp\/v2\/types\/page"}],"author":[{"embeddable":true,"href":"https:\/\/portal.kiv-thueringen.de\/web\/wp-json\/wp\/v2\/users\/6"}],"replies":[{"embeddable":true,"href":"https:\/\/portal.kiv-thueringen.de\/web\/wp-json\/wp\/v2\/comments?post=6010"}],"version-history":[{"count":2,"href":"https:\/\/portal.kiv-thueringen.de\/web\/wp-json\/wp\/v2\/pages\/6010\/revisions"}],"predecessor-version":[{"id":17773,"href":"https:\/\/portal.kiv-thueringen.de\/web\/wp-json\/wp\/v2\/pages\/6010\/revisions\/17773"}],"wp:attachment":[{"href":"https:\/\/portal.kiv-thueringen.de\/web\/wp-json\/wp\/v2\/media?parent=6010"}],"curies":[{"name":"wp","href":"https:\/\/api.w.org\/{rel}","templated":true}]}}