{"id":627,"date":"2018-05-24T15:50:14","date_gmt":"2018-05-24T13:50:14","guid":{"rendered":"https:\/\/portal.kiv-thueringen.de\/web\/?page_id=627"},"modified":"2018-05-25T09:27:10","modified_gmt":"2018-05-25T07:27:10","slug":"friedhofswesen","status":"publish","type":"page","link":"https:\/\/portal.kiv-thueringen.de\/web\/services-in-fachverfahren\/friedhofswesen\/","title":{"rendered":"Friedhofswesen"},"content":{"rendered":"<h1>Friedhofsverwaltung webFRIED<\/h1>\n<p><strong>Eingesetztes Fachverfahren:<\/strong> webFRIED (KIV Th\u00fcringen GmbH)<\/p>\n<p>In gro\u00dfen, als auch in kleinen Verwaltungen werden hohe Anforderungen an die Friedhofsverwaltung gestellt. Mit dem Verfahren webFRIED bieten wir Ihnen eine Neuentwicklung, die mehr Effizienz, Bedienerfreundlichkeit und Funktionalit\u00e4t bietet. Sie erhalten eine unkomplizierte und leicht erlernbare L\u00f6sung, die zugleich dem hohen Anspruch der t\u00e4glichen Sachbearbeitung gerecht wird.<\/p>\n<p>Eine umfangreiche Grabverwaltung mit leistungsstarken Suchfunktionen stellt das Herzst\u00fcck des Verfahrens dar. Von hier aus starten Sie in den Assistenten und erhalten eine effiziente Unterst\u00fctzung bei der Erledigung der Vorgangssachbearbeitung, wie z.B. bei:<\/p>\n<p>\u2022\u00a0Erstdatenerfassung<br \/>\n\u2022\u00a0Ersterwerb mit und ohne Bestattung<br \/>\n\u2022\u00a0Bestattung auf bestehendem Grab<br \/>\n\u2022\u00a0Einebnung<br \/>\n\u2022\u00a0Verl\u00e4ngerung \/ Verzicht Nutzungsrecht<br \/>\n\u2022\u00a0\u00c4nderung Nutzungsberechtigter<br \/>\n\u2022\u00a0Einzelbescheidschreibung<\/p>\n<p>Praxisnahe Funktionen wie eine automatisierte Jahresbescheiderstellung mit Kassenschnittstelle, Grabzustandskontrolle, grafische Darstellungen sowie eine z\u00fcgige Erstellung von Bescheiden und Dokumenten, zeichnen das Verfahren zus\u00e4tzlich aus.<\/p>\n<h3>\nAuf einen Blick<\/h3>\n<p>\u2022\u00a0Mandantenf\u00e4higkeit mit Friedhofs- und Grabverwaltung<br \/>\n\u2022\u00a0umfangreiche Vorgangsverwaltung mittels Benutzerassistent<br \/>\n\u2022\u00a0globale Grab- und Personensuche<br \/>\n\u2022\u00a0historische Grabverwaltung (Archivierung)<br \/>\n\u2022\u00a0Kalender mit Terminautomatik<br \/>\n\u2022\u00a0einfache Dokumentenverwaltung<br \/>\n\u2022\u00a0Erstellung revisionssicherer Bescheide<br \/>\n\u2022\u00a0automatisierte Rechnungsabgrenzung<br \/>\n\u2022\u00a0Geb\u00fchrenkatalog mit flexibler Friedhofs-, Vorgangs- und Grabartzuordnung<br \/>\n\u2022\u00a0automatisierte Jahresbescheiderstellung z.B. f\u00fcr Friedhofsunterhaltungsgeb\u00fchr<br \/>\n\u2022\u00a0Seriendruckfunktion<br \/>\n\u2022\u00a0Begehungs- und Zustandserfassung<br \/>\n\u2022\u00a0umfangreiche Reportfunktionen<br \/>\n\u2022\u00a0Datenexport nach Microsoft Excel<br \/>\n\u2022\u00a0Vorlagengestaltung mit Microsoft Word<br \/>\n\u2022\u00a0ausgefeiltes Rechtesystem mit integrierter Benutzerverwaltung<br \/>\n\u2022\u00a0offene GIS- Schnittstelle zur Anbindung beliebiger Grafiksysteme<\/p>\n<h3>Zusatzmodule \/ Leistungen<\/h3>\n<p>\u2022\u00a0Schnittstellen zu unterschiedlichen Finanzverfahren, wie z.B. H&amp;H proDoppik, CIP, MPS<br \/>\n\u2022\u00a0Schnittstelle zum Einwohnermeldewesen, wie z.B. MESO, ema21<br \/>\n\u2022\u00a0Schnittstellen zu Grafiksystemen, wie z.B. GMSC-K, Ingrada Web<br \/>\n\u2022\u00a0Digitalisierung von Lagepl\u00e4nen f\u00fcr die interne Grafikl\u00f6sung<\/p>\n<hr \/>\n<h3>Bitte sprechen Sie mich an:<\/h3>\n<p><strong>Robert Gr\u00f6schner<\/strong> (webFRIED, Allgemeiner Support Microsoft Office)<br \/>\n+49 3621 45 08 74<br \/>\n<span id=\"eeb-937032\"><a class=\"mailto-link\" href=\"mailto:rgroeschner@kiv-thueringen.de\">rgroeschner@kiv-thueringen.de<\/a><\/span><\/p>\n","protected":false},"excerpt":{"rendered":"<p>Friedhofsverwaltung webFRIED Eingesetztes Fachverfahren: webFRIED (KIV Th\u00fcringen GmbH) In gro\u00dfen, als auch in kleinen Verwaltungen werden hohe Anforderungen an die Friedhofsverwaltung gestellt. Mit dem Verfahren webFRIED bieten wir Ihnen eine Neuentwicklung, die mehr Effizienz, Bedienerfreundlichkeit und Funktionalit\u00e4t bietet. Sie erhalten&hellip;&nbsp;<a href=\"https:\/\/portal.kiv-thueringen.de\/web\/services-in-fachverfahren\/friedhofswesen\/\" class=\"more-link\">weiterlesen<\/a><\/p>\n","protected":false},"author":7,"featured_media":0,"parent":327,"menu_order":0,"comment_status":"closed","ping_status":"closed","template":"","meta":{"footnotes":""},"class_list":["post-627","page","type-page","status-publish","hentry"],"_links":{"self":[{"href":"https:\/\/portal.kiv-thueringen.de\/web\/wp-json\/wp\/v2\/pages\/627","targetHints":{"allow":["GET"]}}],"collection":[{"href":"https:\/\/portal.kiv-thueringen.de\/web\/wp-json\/wp\/v2\/pages"}],"about":[{"href":"https:\/\/portal.kiv-thueringen.de\/web\/wp-json\/wp\/v2\/types\/page"}],"author":[{"embeddable":true,"href":"https:\/\/portal.kiv-thueringen.de\/web\/wp-json\/wp\/v2\/users\/7"}],"replies":[{"embeddable":true,"href":"https:\/\/portal.kiv-thueringen.de\/web\/wp-json\/wp\/v2\/comments?post=627"}],"version-history":[{"count":1,"href":"https:\/\/portal.kiv-thueringen.de\/web\/wp-json\/wp\/v2\/pages\/627\/revisions"}],"predecessor-version":[{"id":628,"href":"https:\/\/portal.kiv-thueringen.de\/web\/wp-json\/wp\/v2\/pages\/627\/revisions\/628"}],"up":[{"embeddable":true,"href":"https:\/\/portal.kiv-thueringen.de\/web\/wp-json\/wp\/v2\/pages\/327"}],"wp:attachment":[{"href":"https:\/\/portal.kiv-thueringen.de\/web\/wp-json\/wp\/v2\/media?parent=627"}],"curies":[{"name":"wp","href":"https:\/\/api.w.org\/{rel}","templated":true}]}}