{"id":630,"date":"2018-05-24T15:57:49","date_gmt":"2018-05-24T13:57:49","guid":{"rendered":"https:\/\/portal.kiv-thueringen.de\/web\/?page_id=630"},"modified":"2022-12-22T08:57:15","modified_gmt":"2022-12-22T07:57:15","slug":"liegenschaftsverwaltung","status":"publish","type":"page","link":"https:\/\/portal.kiv-thueringen.de\/web\/liegenschaftsverwaltung\/","title":{"rendered":"Liegenschaftsverwaltung"},"content":{"rendered":"<h1>Kommunale Liegenschaftsverwaltung<\/h1>\n<h2>webFLUR \/ webFLUR Lagen \/ B\u00fcrgerGIS<\/h2>\n<p>&nbsp;<\/p>\n<p><strong>Eingesetztes Fachverfahren:<\/strong> webFLUR (KIV Th\u00fcringen GmbH)<\/p>\n<p>Zu den Aufgaben der Liegenschaftsverwaltung einer Gemeinde, Verwaltungsgemeinschaft, Stadt oder eines Landkreises geh\u00f6rt die Organisation des bebauten und unbebauten kommunalen Grundbesitzes. Dazu z\u00e4hlen beispielsweise die Bewirtschaftung der Liegenschaften, die Verwaltung unbebauter Grundst\u00fccke, Mietangelegenheiten, Pachtangelegenheiten oder der Erwerb und Verkauf von Grundst\u00fccken (Vorkaufsrecht).<\/p>\n<p>Zu den Liegenschaften k\u00f6nnen u. a. Verwaltungsgeb\u00e4ude, Schulen, kulturelle Einrichtungen oder Parkanlagen geh\u00f6ren. Im erweiterten Kreis werden z. B. auch B\u00e4ume, Stra\u00dfen oder Objekte der Stadtm\u00f6blierung bewirtschaftet.<\/p>\n<p>Die KIV Th\u00fcringen GmbH betreut seit \u00fcber 20 Jahren Kommunen in nahezu s\u00e4mtlichen Themenbereichen. Seit fast 2 Jahrzehnten bietet die KIV Th\u00fcringen ein eigenes Liegenschaftsinformationssystem (LIS) an, welches seit 2007 unter dem Namen \u201ewebFLUR\u201c bekannt ist. Durch die Kommunikation mit den Anwendern wurde dieses LIS immer weiter entwickelt, erweitert und mit leistungsstarken geografischen Informationssystemen (GIS) verkn\u00fcpft.<\/p>\n<p>Durch die Vielzahl der Anwendungsfunktionen ergibt sich auch eine breite Auswahl an Kombinations- und Einsatzm\u00f6glichkeiten.<\/p>\n<h3>Das Programm webFLUR<\/h3>\n<p>Mit dem Programmsystem webFLUR steht Ihnen ein webbasiertes LIS f\u00fcr den autonomen oder zentralen Einsatz zur Verf\u00fcgung, welches den Sachdatenbestand des neuen Amtlichen Liegenschaftskatasterinformationssystems (kurz ALKIS) komplett abbildet und mit individuellen Daten des Anwenders erg\u00e4nzt werden kann.<\/p>\n<p>Durch den Einsatz neuester Technologien kann das Verfahren im lokalen Intranet oder \u00fcber das Internet genutzt werden. Die interne Verarbeitung von XML-Daten erm\u00f6glicht die Integration von ALKIS-Daten. Mit der Web-Technologie (Darstellung im Internetbrowser) ist die Nutzung auf allen Microsoft-Windows-Arbeits-pl\u00e4tzen der Verwaltung ohne zus\u00e4tzliche Installation und Kosten m\u00f6glich.<\/p>\n<h3>webFLUR Kommunalthemen (Auswahl)<\/h3>\n<p>Anschluss, Ausgleichsfl\u00e4chen, Bauantrag, Bauleit-planung, Baumkataster, Beitrag Abwasser, Beitrag Erschlie\u00dfung, Beitrag Rechenwert, Beitrag Stra\u00dfe, Beitrag Wasser, Belastungen, Elektrische Einrichtungen, Entw\u00e4sserung, Fl\u00e4chen, Geb\u00e4ude, Geb\u00e4udeinventar, Globalberechnung, Hausanschluss, Inventar, Jagd-kataster, Kaufvertrag, Mietvertrag, Pachtvertrag, Stich-punkt, Stra\u00dfenaufbruch, Verkehrszeichen<\/p>\n<h3>webFLUR Schnittstellen<\/h3>\n<p>\u2022\u00a0GIS\/WMS (GMSC-K, Ingrada, CAIGOS, Geoproxy)<br \/>\n\u2022\u00a0KKG (Exportdatei, Importschnittstelle)<br \/>\n\u2022\u00a0Meldesoftware (MESO, Pamela)<br \/>\n\u2022\u00a0HKR (Exportdatei)<\/p>\n<h3>webFLUR-Programmmodule<\/h3>\n<p>\u2022\u00a0Flurst\u00fcckverwaltung inkl. Eigent\u00fcmer-\/Personenverwaltung<br \/>\n\u2022\u00a0Kommunalthemen<br \/>\n\u2022\u00a0webFLUR Lagen inkl. GIS\/Geodaten-Schnittstelle mit WMS-Integration<br \/>\n\u2022\u00a0webFLUR public \/ B\u00fcrgerGIS<\/p>\n<hr \/>\n<h3>Wir helfen gern weiter:<\/h3>\n<p><strong>Stefan Amling<\/strong> (KKG, webFLUR)<br \/>\n+49 3621 45 08 61<br \/>\n<span id=\"eeb-636481\"><a class=\"mailto-link\" href=\"mailto:samling@kiv-thueringen.de\">samling@kiv-thueringen.de<\/a><\/span><noscript>*protect<\/noscript><\/p>\n<p>&nbsp;<\/p>\n<p><strong>Matthias Kiefer<\/strong> (KKG, webFLUR, GMSC-K)<br \/>\n+49 3621 45 08 63<br \/>\n<span id=\"eeb-394065\"><a class=\"mailto-link\" href=\"mailto:mkiefer@kiv-thueringen.de\">mkiefer@kiv-thueringen.de<\/a><\/span><\/p>\n<p>&nbsp;<\/p>\n<p><strong>Ricky Bierig<\/strong> (webFLUR, GMSC-K, Datenschutz)<br \/>\n+49 3621 45 08 62<br \/>\n<span id=\"eeb-59807\"><a class=\"mailto-link\" href=\"mailto:rbierig@kiv-thueringen.de\">rbierig@kiv-thueringen.de<\/a><\/span><\/p>\n","protected":false},"excerpt":{"rendered":"<p>Kommunale Liegenschaftsverwaltung webFLUR \/ webFLUR Lagen \/ B\u00fcrgerGIS &nbsp; Eingesetztes Fachverfahren: webFLUR (KIV Th\u00fcringen GmbH) Zu den Aufgaben der Liegenschaftsverwaltung einer Gemeinde, Verwaltungsgemeinschaft, Stadt oder eines Landkreises geh\u00f6rt die Organisation des bebauten und unbebauten kommunalen Grundbesitzes. Dazu z\u00e4hlen beispielsweise die&hellip;&nbsp;<a href=\"https:\/\/portal.kiv-thueringen.de\/web\/liegenschaftsverwaltung\/\" class=\"more-link\">weiterlesen<\/a><\/p>\n","protected":false},"author":7,"featured_media":0,"parent":0,"menu_order":0,"comment_status":"closed","ping_status":"closed","template":"","meta":{"footnotes":""},"class_list":["post-630","page","type-page","status-publish","hentry"],"_links":{"self":[{"href":"https:\/\/portal.kiv-thueringen.de\/web\/wp-json\/wp\/v2\/pages\/630","targetHints":{"allow":["GET"]}}],"collection":[{"href":"https:\/\/portal.kiv-thueringen.de\/web\/wp-json\/wp\/v2\/pages"}],"about":[{"href":"https:\/\/portal.kiv-thueringen.de\/web\/wp-json\/wp\/v2\/types\/page"}],"author":[{"embeddable":true,"href":"https:\/\/portal.kiv-thueringen.de\/web\/wp-json\/wp\/v2\/users\/7"}],"replies":[{"embeddable":true,"href":"https:\/\/portal.kiv-thueringen.de\/web\/wp-json\/wp\/v2\/comments?post=630"}],"version-history":[{"count":1,"href":"https:\/\/portal.kiv-thueringen.de\/web\/wp-json\/wp\/v2\/pages\/630\/revisions"}],"predecessor-version":[{"id":631,"href":"https:\/\/portal.kiv-thueringen.de\/web\/wp-json\/wp\/v2\/pages\/630\/revisions\/631"}],"wp:attachment":[{"href":"https:\/\/portal.kiv-thueringen.de\/web\/wp-json\/wp\/v2\/media?parent=630"}],"curies":[{"name":"wp","href":"https:\/\/api.w.org\/{rel}","templated":true}]}}