{"id":633,"date":"2018-05-24T16:05:02","date_gmt":"2018-05-24T14:05:02","guid":{"rendered":"https:\/\/portal.kiv-thueringen.de\/web\/?page_id=633"},"modified":"2025-01-27T13:15:36","modified_gmt":"2025-01-27T12:15:36","slug":"einwohnermeldewesen","status":"publish","type":"page","link":"https:\/\/portal.kiv-thueringen.de\/web\/services-in-fachverfahren\/einwohnermeldewesen\/","title":{"rendered":"Standesamts- und Einwohnermeldewesen"},"content":{"rendered":"<h1>Standesamtswesen<\/h1>\n<p><strong>eingesetztes Fachverfahren:<\/strong> AutiSta (Verlag f\u00fcr Standesamtswesen)<\/p>\n<p><strong>Das Programm<\/strong><\/p>\n<p>AutiSta\u00ae \u2013 Automation im Standesamt \u2013 ist ein Fachverfahren, das alle Arbeitsprozesse im Standesamt unterst\u00fctzt. Fachliche Kompetenz als Spezialverlag im Personenstandswesen und technische Kompetenz auf dem Gebiet der Softwareentwicklung zeichnen den Verlag f\u00fcr Standesamtswesen aus. Die Anwendersoftware <a href=\"https:\/\/www.vfst.de\/software\/standardsoftware\/autista\">AutiSta\u00ae<\/a> hat sich bundesweit einen Namen gemacht, und mit dem <a href=\"https:\/\/www.vfst.de\/software\/standardsoftware\/epr-server\">ePR-Server<\/a> werden die elektronischen Register in 13 Bundesl\u00e4ndern betrieben. Erg\u00e4nzt wird das IT-Angebot des Verlags durch eine Reihe von Webanwendungen und durch umfassende Dienstleistungen f\u00fcr alle IT-Produkte. (Verlag f\u00fcr Standesamtswesen, 2024)<\/p>\n<p>AutiSta kommuniziert mit dem jeweils angeschlossenen Registerverfahren ausschlie\u00dflich \u00fcber eine Schnittstelle, die eine direkte \u00c4nderung der im Personenstandsregister gespeicherten Daten ausschlie\u00dft. Das Fachverfahren \u00fcbermittelt Daten im Datenaustauschformat XPersonenstand an die Standes\u00e4mter, die Online Datenbank des Standesamts I in Berlin (ODiS I), die Meldebeh\u00f6rden, die Bev\u00f6lkerungsstatistik, die Ausl\u00e4nderbeh\u00f6rden, die Gesundheits\u00e4mter, die Landesgesundheits\u00e4mter und das Zentrale Testamentsregister. Der Posteingang stellt die eingegangenen XPS-Nachrichten zur Pr\u00fcfung und Weiterbearbeitung bereit. (Verlag f\u00fcr Standesamtswesen, 2024)<br \/>\nNahezu alle Standes\u00e4mter im Freistaat Th\u00fcringen setzen AutiSta\u00ae als L\u00f6sung im Rechenzentrumsbetrieb der KIV Th\u00fcringen GmbH ein.<\/p>\n<p><strong>Unser Service<\/strong><\/p>\n<p>Stichtagsbezogene AutiSta Updates (2x j\u00e4hrlich)<br \/>\nGemeinsames Abarbeiten komplizierter Fallbearbeitungen;<br \/>\nBeispielf\u00e4lle (Sterbef\u00e4lle, Geburten, bzw. Aufgebote und Eheschlie\u00dfungen)<br \/>\nKosteng\u00fcnstige Teilnahme an AutiSta-Seminaren<br \/>\nDruckerwartung<br \/>\nUnterst\u00fctzung bei der Arbeit mit dem Elektronischen Register und der Beh\u00f6rdenkommunikation<br \/>\nFehleranalysen<\/p>\n<h1><a href=\"https:\/\/portal.kiv-thueringen.de\/web\/wp-content\/uploads\/2025\/01\/QWERTZ.png\">Einwohnermeldewesen<\/a><\/h1>\n<p><strong>eingesetztes Fachverfahren:<\/strong> VOIS (HSH Berlin)<\/p>\n<p>Das Einwohnerfachverfahren VOIS ist ein ausgereiftes und praxiserprobtes Verfahren, das f\u00fcr den Einsatz in kommunalen Meldebeh\u00f6rden, in Einwohnermelde\u00e4mtern, B\u00fcrger\u00e4mtern oder B\u00fcrgerb\u00fcros entwickelt wurde. VOIS ist in unterschiedlichen Umgebungen einsetzbar und kann \u00fcber zahlreiche Standardschnittstellen in alle kommunalen Gesamtl\u00f6sungen problemlos integriert werden.<\/p>\n<p><strong>Das Programm<\/strong><\/p>\n<p>Das Programm ist funktionell und \u00fcbersichtlich gegliedert und besteht aus folgenden Programmkomponenten:<br \/>\n\u2022\u00a0B\u00fcrgerservice (u.a. Auskunftsdienst, \u00c4nderungsdienst, Bearbeitung von Vorg\u00e4ngen zum Steuerkennzeichen inkl. Konfliktbearbeitung, Bearbeitung des Pass- und PA-Registers, Formulardruck)<br \/>\n\u2022\u00a0Einarbeitung von XMeld-, XPersonenstand und XAusl\u00e4nder-Nachrichten<br \/>\n\u2022\u00a0Datenauswertungen (Listen, Statistiken)<br \/>\n\u2022\u00a0Daten\u00fcbermittlungen, OSCI-Nachrichten inkl. R\u00fcckmeldungen, F\u00fchrungszeugnisantr\u00e4ge, X-Ausl\u00e4ndernachrichten, XhD<br \/>\n\u2022\u00a0Korrekturen<br \/>\n\u2022\u00a0Massendatenverarbeitung (Wahlen und Abstimmungen)<br \/>\n\u2022\u00a0Archivierung<br \/>\n\u2022\u00a0Systemarbeiten \/ Verzeichnisarbeit \/ Programmpflege<br \/>\n\u2022\u00a0Controlling<\/p>\n<p><strong>Zusatzmodule<\/strong><\/p>\n<p>Zahlreiche Zusatzmodule erg\u00e4nzen die Funktionalit\u00e4t des Fachverfahrens:<\/p>\n<p>\u2022\u00a0eAkte: Schneller, einfacher und effektiver Zugriff auf personenrelevante Daten in Form von ausgestellten Bescheinigungen, auf den Schriftverkehr und auf Dokumente.<br \/>\n\u2022\u00a0Geb\u00fchrenkasse: Eine leistungsstarke Anwendung zur elektronischen Erfassung aller in der Verwaltung anfallenden Geb\u00fchren, Buchungen (bar, per EC-Karte oder Kassenautomat), Tages- oder Sammelabschl\u00fcsse, Controlling, Statistiken oder Auswertungen.<br \/>\n\u2022\u00a0B\u00fcrgermonitor: Einzelne Programmfenster k\u00f6nnen auf einem weiteren Bildschirm angezeigt werden. Unterschriftsfunktion \u00fcber ein Signaturtablet bei verschiedenen Vorg\u00e4ngen im MESO.<br \/>\n\u2022\u00a0Fotomodul: Aufnahme von Fotos f\u00fcr Dokumente direkt \u00fcber eine Webcam.<br \/>\n\u2022\u00a0LIST-Manager: Leistungsstarkes Modul, mit dem Listen und Statistiken auf Grundlage der Einwohnermeldedaten erstellt werden k\u00f6nnen.<\/p>\n<hr \/>\n<h3>Wie k\u00f6nnen wir Ihnen helfen?<\/h3>\n<p><strong>Andreas Wedel<\/strong> (MESO)<br \/>\n+49 3621 45 08 71<br \/>\n<span id=\"eeb-159570\"><a class=\"mailto-link\" href=\"mailto:awedel@kiv-thueringen.de\">awedel@kiv-thueringen.de<\/a><\/span><\/p>\n<p><strong>Stefan Amling<\/strong> (MESO, KKG)<br \/>\n+49 3621 45 08 61<br \/>\n<a href=\"mailto:samling@kiv-thueringen.de\"><span id=\"eeb-159570\">samling@kiv-thueringen.de<\/span><\/a><\/p>\n<p><strong>Matthias Kiefer<\/strong> (MESO, webFLUR)<br \/>\n+49 3621 45 08 63<br \/>\n<a href=\"mailto:mkiefer@kiv-thueringen.de\" target=\"_blank\" rel=\"noopener\"><span id=\"eeb-159570\">mkiefer@kiv-thueringen.de<\/span><\/a><\/p>\n<p><noscript>*protected e<\/noscript><\/p>\n<p><strong>Alexander Schieck<\/strong> (AutiSta, MESO)<br \/>\n+49 3621 45 08 72<br \/>\n<span id=\"eeb-312695\"><a class=\"mailto-link\" href=\"mailto:aschieck@kiv-thueringen.de\">aschieck@kiv-thueringen.de<\/a><\/span><\/p>\n<p><strong>Stefani Koch<\/strong>\u00a0(AutiSta, Buchhaltung)<br \/>\n+49 3621 45 08 73<br \/>\n<span id=\"eeb-417676\"><a class=\"mailto-link\" href=\"mailto:skoch@kiv-thueringen.de\">skoch@kiv-thueringen.de<\/a><\/span><\/p>\n","protected":false},"excerpt":{"rendered":"<p>Standesamtswesen eingesetztes Fachverfahren: AutiSta (Verlag f\u00fcr Standesamtswesen) Das Programm AutiSta\u00ae \u2013 Automation im Standesamt \u2013 ist ein Fachverfahren, das alle Arbeitsprozesse im Standesamt unterst\u00fctzt. Fachliche Kompetenz als Spezialverlag im Personenstandswesen und technische Kompetenz auf dem Gebiet der Softwareentwicklung zeichnen den&hellip;&nbsp;<a href=\"https:\/\/portal.kiv-thueringen.de\/web\/services-in-fachverfahren\/einwohnermeldewesen\/\" class=\"more-link\">weiterlesen<\/a><\/p>\n","protected":false},"author":7,"featured_media":0,"parent":327,"menu_order":0,"comment_status":"closed","ping_status":"closed","template":"","meta":{"footnotes":""},"class_list":["post-633","page","type-page","status-publish","hentry"],"_links":{"self":[{"href":"https:\/\/portal.kiv-thueringen.de\/web\/wp-json\/wp\/v2\/pages\/633","targetHints":{"allow":["GET"]}}],"collection":[{"href":"https:\/\/portal.kiv-thueringen.de\/web\/wp-json\/wp\/v2\/pages"}],"about":[{"href":"https:\/\/portal.kiv-thueringen.de\/web\/wp-json\/wp\/v2\/types\/page"}],"author":[{"embeddable":true,"href":"https:\/\/portal.kiv-thueringen.de\/web\/wp-json\/wp\/v2\/users\/7"}],"replies":[{"embeddable":true,"href":"https:\/\/portal.kiv-thueringen.de\/web\/wp-json\/wp\/v2\/comments?post=633"}],"version-history":[{"count":11,"href":"https:\/\/portal.kiv-thueringen.de\/web\/wp-json\/wp\/v2\/pages\/633\/revisions"}],"predecessor-version":[{"id":19441,"href":"https:\/\/portal.kiv-thueringen.de\/web\/wp-json\/wp\/v2\/pages\/633\/revisions\/19441"}],"up":[{"embeddable":true,"href":"https:\/\/portal.kiv-thueringen.de\/web\/wp-json\/wp\/v2\/pages\/327"}],"wp:attachment":[{"href":"https:\/\/portal.kiv-thueringen.de\/web\/wp-json\/wp\/v2\/media?parent=633"}],"curies":[{"name":"wp","href":"https:\/\/api.w.org\/{rel}","templated":true}]}}