{"id":636,"date":"2018-05-24T16:11:22","date_gmt":"2018-05-24T14:11:22","guid":{"rendered":"https:\/\/portal.kiv-thueringen.de\/web\/?page_id=636"},"modified":"2018-05-25T09:26:44","modified_gmt":"2018-05-25T07:26:44","slug":"geografisches-informationssystem","status":"publish","type":"page","link":"https:\/\/portal.kiv-thueringen.de\/web\/services-in-fachverfahren\/geografisches-informationssystem\/","title":{"rendered":"Geografisches Informationssystem"},"content":{"rendered":"<h1>Geografisches Informationssystem<\/h1>\n<p><strong>eingesetztes Fachverfahren:<\/strong> GeoMedia SmartClient Kommunal GMSC-K (Hexagon Safety &amp; Infrastructure)<\/p>\n<p>Geografische Informationssysteme (GIS) sind heutzutage weit verbreitet. Nahezu alle Sachverhalte lassen sich nicht nur in Tabellen, Datenbanken und \u201eFachsoftware&#8220; verwalten, sondern auch grafisch darstellen und gemeinsam auswerten.<\/p>\n<p>Das GIS ist ein sinnvolles Werkzeug, um z. B. Flurst\u00fccksdaten gemeinsam mit Orthophotos (georeferenzierte Luftbilder) und weiteren Sachverhalten (Bebauungspl\u00e4nen, Baumkatastern, Stra\u00dfen- und Aufgrabungskatastern, Friedhofsverwaltung, &#8230;) gemeinsam darzustellen. So sind in den verschiedensten F\u00e4llen komplizierte Sachverhalte durch eine grafische Darstellung einfacher und schneller zu kl\u00e4ren.<\/p>\n<p>Die KIV Th\u00fcringen GmbH als Vertriebspartner der Hexagon Safety &amp; Infrastructure (vormals Intergraph Security, Government &amp; Infrastructure &#8211; SG&amp;I) betreut, unterst\u00fctzt und vertreibt das geografische Informationssystem Geomedia SmartClient Kommunal (GMSC-K).<\/p>\n<p>Das Produkt ist durch seinen modularen Aufbau, seine Webf\u00e4higkeit zum Betrieb im ASP (Application Service Providing) und seine konzeptionell hervorragend durchdachte Nutzeroberfl\u00e4che besonders geeignet, um alle Anforderungen \u2013 von kleinen Kommunen bis hin zu Gro\u00dfanwendern wie St\u00e4dten und Landrats\u00e4mtern \u2013 mit dem passenden Leistungsspektrum abzudecken.<\/p>\n<p>Der Leistungsumfang und die damit notwendigen Module k\u00f6nnen je nach Bedarf und Anforderungen kombiniert und jederzeit erweitert und ausgebaut werden. Dabei sind Ihren Anwendungsideen keine Grenzen gesetzt.<\/p>\n<h2>Das Programm GeoMedia SmartClient Kommunal (GMSC-K)<\/h2>\n<p>Mit den Basisfunktionalit\u00e4ten des GMSC-K kann bereits ein Gro\u00dfteil der t\u00e4glichen Aufgaben der Kommunalverwaltung selbstst\u00e4ndig und hochwertig erf\u00fcllt werden. Die Grundlage bilden die von der Th\u00fcringer Landesvermessung bereitgestellten amtlichen Geobasisdaten. Mittels einer benutzerfreundlichen Bedienphilosophie lassen sich auf einfache Art und Weise geometrische Informationen (L\u00e4ngen und Fl\u00e4chen) er-mitteln. \u00dcber Konstruktionshilfen k\u00f6nnen eigene tempor\u00e4re Objekte via Redlining erfasst und visualisiert werden. Zur Ausgabe steht ein umfangreicher Drucklayout-Editor zur Verf\u00fcgung, der Druckauftr\u00e4ge bis zum A0-Format erzeugt. F\u00fcr die erweiterte Grafikdatenerfassung besteht die M\u00f6glichkeit zur Kreierung eigener individueller Fachanwendungen (IFA). Damit k\u00f6nnen die Anwender selbstst\u00e4ndige Kleinkataster anlegen. \u00dcber diese sehr umfangreichen Basisfunktionalit\u00e4ten hinaus stehen diverse Fachapplikationen (FA) zur Verf\u00fcgung. Dazu z\u00e4hlen die FAs Baum, Beleuchtung, Gas, Gr\u00fcnfl\u00e4chen, Kanal, Verkehrszeichen, Wasser, XPLANUNG und zahlreiche weitere.<\/p>\n<p><strong>Datenkonvertierung\/Aufbereitung:<\/strong><br \/>\nAuch Daten f\u00fcr und von Dienstleistern k\u00f6nnen f\u00fcr die gemeinsame Verwendung aufbereitet und ins kommunale GIS \u00fcberf\u00fchrt werden.<\/p>\n<p><strong>Schulung:<\/strong><br \/>\nSchulungen k\u00f6nnen je nach Wunsch in der Verwaltung oder am PC im Schulungsraum der KIV in Gotha durchgef\u00fchrt werden. Es besteht die M\u00f6glichkeit, mit den eigenen Daten zu arbeiten. Entwickelte Schulungsergebnisse stehen zum Wiederholen oder Weiter-verwenden in der Verwaltung zur Verf\u00fcgung.<\/p>\n<p><strong>Leistungen zur Einf\u00fchrung und zum Betrieb eines GIS:<\/strong><br \/>\nDie KIV Th\u00fcringen GmbH ist nicht nur Ihr Ansprechpartner in Bezug auf den Erwerb einer Softwarelizenz, viel mehr legen wir Wert auf die Betreuung im vollen Umfang. Dazu z\u00e4hlen alle Dienstleistung im Rahmen der Einf\u00fchrung (Installation, Schulung) und des laufenden Betriebs (Hosting, Update-Service, Aktualisierung der amtlichen Daten, Vor-Ort- und Hotline-Service).<\/p>\n<p><strong>Rechenzentrum\/Hosting:<\/strong><br \/>\nDie KIV Th\u00fcringen GmbH betreibt ein eigenes Rechenzentrum in Gotha. Das hei\u00dft, Ihre Daten liegen nicht bei irgendeinem Provider, sondern auf KIV-eigener Hardware, welche nur von KIV-Mitarbeitern gewartet wird. Dabei sind in der Leistungspauschale neben dem Betrieb (Strom, Zugang, Speicher) auch die Lizenzen f\u00fcr ggf. anfallende Peripheriesoftware (Datenbank-Lizenzen) und die Datensicherung enthalten.<\/p>\n<hr \/>\n<h3>Sie haben Fragen?<\/h3>\n<p><strong>Stefan Amling<\/strong> (KKG, webFLUR)<br \/>\n+49 3621 45 08 61<br \/>\n<span id=\"eeb-34269\"><a class=\"mailto-link\" href=\"mailto:samling@kiv-thueringen.de\">samling@kiv-thueringen.de<\/a><\/span><noscript>*protected ema<\/noscript><\/p>\n<p>&nbsp;<\/p>\n<p><strong>Matthias Kiefer<\/strong> (KKG, webFLUR, GMSC-K)<br \/>\n+49 3621 45 08 63<br \/>\n<span id=\"eeb-255141\"><a class=\"mailto-link\" href=\"mailto:mkiefer@kiv-thueringen.de\">mkiefer@kiv-thueringen.de<\/a><\/span><noscript>*protected email<\/noscript><\/p>\n<p>&nbsp;<\/p>\n<p><strong>Ricky Bierig<\/strong> (webFLUR, GMSC-K, Datenschutz)<br \/>\n+49 3621 45 08 62<br \/>\n<span id=\"eeb-11588\"><a class=\"mailto-link\" href=\"mailto:rbierig@kiv-thueringen.de\">rbierig@kiv-thueringen.de<\/a><\/span><\/p>\n","protected":false},"excerpt":{"rendered":"<p>Geografisches Informationssystem eingesetztes Fachverfahren: GeoMedia SmartClient Kommunal GMSC-K (Hexagon Safety &amp; Infrastructure) Geografische Informationssysteme (GIS) sind heutzutage weit verbreitet. Nahezu alle Sachverhalte lassen sich nicht nur in Tabellen, Datenbanken und \u201eFachsoftware&#8220; verwalten, sondern auch grafisch darstellen und gemeinsam auswerten. Das&hellip;&nbsp;<a href=\"https:\/\/portal.kiv-thueringen.de\/web\/services-in-fachverfahren\/geografisches-informationssystem\/\" class=\"more-link\">weiterlesen<\/a><\/p>\n","protected":false},"author":7,"featured_media":638,"parent":327,"menu_order":0,"comment_status":"closed","ping_status":"closed","template":"","meta":{"footnotes":""},"class_list":["post-636","page","type-page","status-publish","has-post-thumbnail","hentry"],"_links":{"self":[{"href":"https:\/\/portal.kiv-thueringen.de\/web\/wp-json\/wp\/v2\/pages\/636","targetHints":{"allow":["GET"]}}],"collection":[{"href":"https:\/\/portal.kiv-thueringen.de\/web\/wp-json\/wp\/v2\/pages"}],"about":[{"href":"https:\/\/portal.kiv-thueringen.de\/web\/wp-json\/wp\/v2\/types\/page"}],"author":[{"embeddable":true,"href":"https:\/\/portal.kiv-thueringen.de\/web\/wp-json\/wp\/v2\/users\/7"}],"replies":[{"embeddable":true,"href":"https:\/\/portal.kiv-thueringen.de\/web\/wp-json\/wp\/v2\/comments?post=636"}],"version-history":[{"count":1,"href":"https:\/\/portal.kiv-thueringen.de\/web\/wp-json\/wp\/v2\/pages\/636\/revisions"}],"predecessor-version":[{"id":637,"href":"https:\/\/portal.kiv-thueringen.de\/web\/wp-json\/wp\/v2\/pages\/636\/revisions\/637"}],"up":[{"embeddable":true,"href":"https:\/\/portal.kiv-thueringen.de\/web\/wp-json\/wp\/v2\/pages\/327"}],"wp:featuredmedia":[{"embeddable":true,"href":"https:\/\/portal.kiv-thueringen.de\/web\/wp-json\/wp\/v2\/media\/638"}],"wp:attachment":[{"href":"https:\/\/portal.kiv-thueringen.de\/web\/wp-json\/wp\/v2\/media?parent=636"}],"curies":[{"name":"wp","href":"https:\/\/api.w.org\/{rel}","templated":true}]}}