{"id":65,"date":"2018-02-25T16:39:54","date_gmt":"2018-02-25T15:39:54","guid":{"rendered":"http:\/\/192.168.152.35\/?page_id=65"},"modified":"2026-01-14T13:45:42","modified_gmt":"2026-01-14T12:45:42","slug":"agbs","status":"publish","type":"page","link":"https:\/\/portal.kiv-thueringen.de\/web\/unternehmen\/agbs\/","title":{"rendered":"AGB"},"content":{"rendered":"<h1><span style=\"color: #ff9900;\">Die Allgemeinen Gesch\u00e4ftsbedingungen der KIV Th\u00fcringen GmbH<\/span><\/h1>\n<div class=\"section\">\n<p>&#8230;k\u00f6nnen <strong><a href=\"https:\/\/portal.kiv-thueringen.de\/web\/wp-content\/uploads\/2018\/02\/allgemeine_geschaeftsbedingungen_der_kiv_thueringen_gmbh.pdf\" target=\"_blank\" rel=\"noopener\">hier eingesehen werden.<\/a><\/strong><\/p>\n<p>Hier finden Sie die <strong><a href=\"https:\/\/portal.kiv-thueringen.de\/web\/wp-content\/uploads\/2026\/01\/Geschaeftsbedingungen-fuer-Managed-Application-Hosting-MAH-2.pdf\" target=\"_blank\" rel=\"noopener\">Gesch\u00e4ftsbedingungen f\u00fcr Managed Application Hosting (MAH)<\/a><\/strong>.<\/p>\n<p>&nbsp;<\/p>\n<\/div>\n","protected":false},"excerpt":{"rendered":"<p>Die Allgemeinen Gesch\u00e4ftsbedingungen der KIV Th\u00fcringen GmbH &#8230;k\u00f6nnen hier eingesehen werden. Hier finden Sie die Gesch\u00e4ftsbedingungen f\u00fcr Managed Application Hosting (MAH). &nbsp;<\/p>\n","protected":false},"author":1,"featured_media":0,"parent":63,"menu_order":2,"comment_status":"closed","ping_status":"closed","template":"","meta":{"footnotes":""},"class_list":["post-65","page","type-page","status-publish","hentry"],"_links":{"self":[{"href":"https:\/\/portal.kiv-thueringen.de\/web\/wp-json\/wp\/v2\/pages\/65","targetHints":{"allow":["GET"]}}],"collection":[{"href":"https:\/\/portal.kiv-thueringen.de\/web\/wp-json\/wp\/v2\/pages"}],"about":[{"href":"https:\/\/portal.kiv-thueringen.de\/web\/wp-json\/wp\/v2\/types\/page"}],"author":[{"embeddable":true,"href":"https:\/\/portal.kiv-thueringen.de\/web\/wp-json\/wp\/v2\/users\/1"}],"replies":[{"embeddable":true,"href":"https:\/\/portal.kiv-thueringen.de\/web\/wp-json\/wp\/v2\/comments?post=65"}],"version-history":[{"count":15,"href":"https:\/\/portal.kiv-thueringen.de\/web\/wp-json\/wp\/v2\/pages\/65\/revisions"}],"predecessor-version":[{"id":33152,"href":"https:\/\/portal.kiv-thueringen.de\/web\/wp-json\/wp\/v2\/pages\/65\/revisions\/33152"}],"up":[{"embeddable":true,"href":"https:\/\/portal.kiv-thueringen.de\/web\/wp-json\/wp\/v2\/pages\/63"}],"wp:attachment":[{"href":"https:\/\/portal.kiv-thueringen.de\/web\/wp-json\/wp\/v2\/media?parent=65"}],"curies":[{"name":"wp","href":"https:\/\/api.w.org\/{rel}","templated":true}]}}