{"id":76,"date":"2018-02-25T17:07:01","date_gmt":"2018-02-25T16:07:01","guid":{"rendered":"http:\/\/192.168.152.35\/?page_id=76"},"modified":"2025-11-24T11:16:16","modified_gmt":"2025-11-24T10:16:16","slug":"finanzen","status":"publish","type":"page","link":"https:\/\/portal.kiv-thueringen.de\/web\/services-in-fachverfahren\/finanzen\/","title":{"rendered":"Finanzwesen"},"content":{"rendered":"<h1><span style=\"color: #ff9900;\">Finanzwesen<\/span><\/h1>\n<p>Egal ob Sie ein kamerale, erweiterte kamerale oder doppische\u00a0Haushaltsf\u00fchrung nutzen &#8211; wir betreuen Sie! Unser Dienstleistungsspektrum umfasst die gesamte Beratung vom Aufstellen eines Haushaltsplanes \u00fcber die\u00a0allt\u00e4glichen Fragen bis hin zum Jahresabschluss.<\/p>\n<p><strong>Eingesetztes Fachverfahren<\/strong><br \/>\nH&amp;H proDoppik von H&amp;H Berlin<\/p>\n<p>Das Programm ist als kamerales Finanzwesen f\u00fcr Th\u00fcringen von der T\u00dcV Informationstechnik GmbH zertifiziert.<\/p>\n<p><strong><img loading=\"lazy\" decoding=\"async\" src=\"https:\/\/portal.kiv-thueringen.de\/web\/wp-content\/uploads\/2020\/01\/pdf-1.png\" alt=\"\" width=\"20\" height=\"21\" \/>\u00a0<a href=\"https:\/\/portal.kiv-thueringen.de\/web\/wp-content\/uploads\/2020\/01\/FW.TH-V4.00-kameral.pdf\">Das Zertifikat finden Sie hier.<\/a><\/strong><\/p>\n<p><strong>Umfang der Betreuung<\/strong><\/p>\n<ul>\n<li>Standard<br \/>\n(Unterst\u00fctzung bei der Umsetzung gesetzlich vorgegebener Anpassungen, Anpassung von Auswertungen, Einrichten und Pflege von Stammdaten, Datenbankpflege, Betreuung der Testversion, Hotfix- und Patch-Service, kosteng\u00fcnstige Teilnahme an Seminaren und Workshops)<\/li>\n<li>Updateservice<br \/>\n(Strukturupdate, Test der Updates und Kompatibilit\u00e4tspr\u00fcfung, Test von Datenbankupdates, Durchf\u00fchrung per Fernwartung oder vor Ort)<\/li>\n<li>Jahresabschluss<br \/>\n(Unterst\u00fctzung bei Planung und Durchf\u00fchrung im 1. Quartal vor Ort oder telefonisch)<\/li>\n<li>Buchungsservice<br \/>\n(Analyse von Buchungsfehlern, Ans\u00e4tze zur Fehlerbereinigung, Unterst\u00fctzung bei der Korrektur von Buchungsfehlern, Anpassung von Vorlagen, Unterst\u00fctzung bei Reporterstellung und &#8222;Freie Tabelle&#8220; nach Kundenvorgaben)<\/li>\n<\/ul>\n<p><strong>Services<\/strong><\/p>\n<ul>\n<li>Zusammenf\u00fchrung von Personenkonten<\/li>\n<li>Haushaltsabschl\u00fcsse<\/li>\n<li>doppische Buchf\u00fchrung<\/li>\n<li>Kostenrechnung<\/li>\n<li>Budgetierung<\/li>\n<\/ul>\n<hr \/>\n<h3 align=\"left\">Bei Fragen stehen Ihnen gern zur Verf\u00fcgung:<\/h3>\n<div align=\"left\">\n<table class=\"adresstable\" border=\"0\" cellspacing=\"1\" cellpadding=\"2\">\n<tbody>\n<tr>\n<td colspan=\"2\"><b>Carmen Neumann<\/b><\/td>\n<\/tr>\n<tr>\n<td><img decoding=\"async\" src=\"http:\/\/www.kiv-thueringen.de\/files\/telefon.gif\" border=\"0\" \/><\/td>\n<td>03621 &#8211; 4508 &#8211; 51<\/td>\n<\/tr>\n<tr>\n<td><img decoding=\"async\" src=\"http:\/\/www.kiv-thueringen.de\/files\/fax.gif\" border=\"0\" \/><\/td>\n<td>03621 &#8211; 4508 &#8211; 88<\/td>\n<\/tr>\n<tr>\n<td><img decoding=\"async\" src=\"http:\/\/www.kiv-thueringen.de\/files\/email.gif\" border=\"0\" \/><\/td>\n<td><a href=\"mailto:cneumann@kiv-thueringen.de\">cneumann@kiv-thueringen.de<\/a><\/td>\n<\/tr>\n<\/tbody>\n<\/table>\n<\/div>\n<div align=\"left\">\n<table class=\"adresstable\" border=\"0\" cellspacing=\"1\" cellpadding=\"2\">\n<tbody>\n<tr>\n<td colspan=\"2\"><b>Grit Schmidt<\/b><\/td>\n<\/tr>\n<tr>\n<td><img decoding=\"async\" src=\"http:\/\/www.kiv-thueringen.de\/files\/telefon.gif\" border=\"0\" \/><\/td>\n<td>03621 &#8211; 4508 &#8211; 55<\/td>\n<\/tr>\n<tr>\n<td><img decoding=\"async\" src=\"http:\/\/www.kiv-thueringen.de\/files\/fax.gif\" border=\"0\" \/><\/td>\n<td>03621 &#8211; 4508 &#8211; 88<\/td>\n<\/tr>\n<tr>\n<td><img decoding=\"async\" src=\"http:\/\/www.kiv-thueringen.de\/files\/email.gif\" border=\"0\" \/><\/td>\n<td><a href=\"mailto:gschmidt@kiv-thueringen.de\">gschmidt@kiv-thueringen.de<\/a><\/td>\n<\/tr>\n<\/tbody>\n<\/table>\n<\/div>\n<div align=\"left\">\n<table class=\"adresstable\" border=\"0\" cellspacing=\"1\" cellpadding=\"2\">\n<tbody>\n<tr>\n<td colspan=\"2\"><b>Carolin Schneider<\/b><\/td>\n<\/tr>\n<tr>\n<td><img decoding=\"async\" src=\"http:\/\/www.kiv-thueringen.de\/files\/telefon.gif\" border=\"0\" \/><\/td>\n<td>03621 &#8211; 4508 &#8211; 52<\/td>\n<\/tr>\n<tr>\n<td><img decoding=\"async\" src=\"http:\/\/www.kiv-thueringen.de\/files\/fax.gif\" border=\"0\" \/><\/td>\n<td>03621 &#8211; 4508 &#8211; 88<\/td>\n<\/tr>\n<tr>\n<td><img decoding=\"async\" src=\"http:\/\/www.kiv-thueringen.de\/files\/email.gif\" border=\"0\" \/><\/td>\n<td><a href=\"mailto:csteinhorst@kiv-thueringen.de\">cschneider@kiv-thueringen.de<\/a><\/td>\n<\/tr>\n<\/tbody>\n<\/table>\n<\/div>\n<div align=\"left\">\n<table class=\"adresstable\" border=\"0\" cellspacing=\"1\" cellpadding=\"2\">\n<tbody>\n<tr>\n<td colspan=\"2\"><b>Kirsten J\u00e4ger<\/b><\/td>\n<\/tr>\n<tr>\n<td><img decoding=\"async\" src=\"http:\/\/www.kiv-thueringen.de\/files\/telefon.gif\" border=\"0\" \/><\/td>\n<td>03621 &#8211; 4508 &#8211; 53<\/td>\n<\/tr>\n<tr>\n<td><img decoding=\"async\" src=\"http:\/\/www.kiv-thueringen.de\/files\/fax.gif\" border=\"0\" \/><\/td>\n<td>03621 &#8211; 4508 &#8211; 88<\/td>\n<\/tr>\n<tr>\n<td><img decoding=\"async\" src=\"http:\/\/www.kiv-thueringen.de\/files\/email.gif\" border=\"0\" \/><\/td>\n<td><a href=\"mailto:kjaeger@kiv-thueringen.de\">kjaeger@kiv-thueringen.de<\/a><\/td>\n<\/tr>\n<\/tbody>\n<\/table>\n<\/div>\n<div align=\"left\">\n<div align=\"left\">\n<table class=\"adresstable\" border=\"0\" cellspacing=\"1\" cellpadding=\"2\">\n<tbody>\n<tr>\n<td colspan=\"2\"><b>Juliane Skroch<\/b><\/td>\n<\/tr>\n<tr>\n<td><img decoding=\"async\" src=\"http:\/\/www.kiv-thueringen.de\/files\/telefon.gif\" border=\"0\" \/><\/td>\n<td>03621 &#8211; 4508 &#8211; 56<\/td>\n<\/tr>\n<tr>\n<td><img decoding=\"async\" src=\"http:\/\/www.kiv-thueringen.de\/files\/fax.gif\" border=\"0\" \/><\/td>\n<td>03621 &#8211; 4508 &#8211; 88<\/td>\n<\/tr>\n<tr>\n<td><img decoding=\"async\" src=\"http:\/\/www.kiv-thueringen.de\/files\/email.gif\" border=\"0\" \/><\/td>\n<td><a href=\"mailto:jskroch@kiv-thueringen.de\">jskroch@kiv-thueringen.de<\/a><\/td>\n<\/tr>\n<\/tbody>\n<\/table>\n<\/div>\n<div align=\"left\">\n<table class=\"adresstable\" border=\"0\" cellspacing=\"1\" cellpadding=\"2\">\n<tbody>\n<tr>\n<td colspan=\"2\"><b>Barbara Borg<\/b><\/td>\n<\/tr>\n<tr>\n<td><img decoding=\"async\" src=\"http:\/\/www.kiv-thueringen.de\/files\/telefon.gif\" border=\"0\" \/><\/td>\n<td>03621 &#8211; 4508 &#8211; 57<\/td>\n<\/tr>\n<tr>\n<td><img decoding=\"async\" src=\"http:\/\/www.kiv-thueringen.de\/files\/fax.gif\" border=\"0\" \/><\/td>\n<td>03621 &#8211; 4508 &#8211; 88<\/td>\n<\/tr>\n<tr>\n<td><img decoding=\"async\" src=\"http:\/\/www.kiv-thueringen.de\/files\/email.gif\" border=\"0\" \/><\/td>\n<td><a href=\"mailto:jskroch@kiv-thueringen.de\">bborg@kiv-thueringen.de<\/a><\/td>\n<\/tr>\n<\/tbody>\n<\/table>\n<\/div>\n<table class=\"adresstable\" style=\"width: 100.073%;\" border=\"0\" cellspacing=\"1\" cellpadding=\"2\">\n<tbody>\n<tr>\n<td style=\"width: 938.688px;\" colspan=\"2\"><b>Kathleen H\u00fcttner<\/b><\/td>\n<\/tr>\n<tr>\n<td style=\"width: 99.4375px;\"><img decoding=\"async\" src=\"http:\/\/www.kiv-thueringen.de\/files\/telefon.gif\" border=\"0\" \/><\/td>\n<td style=\"width: 828.45px;\">03621 &#8211; 4508 &#8211; 68<\/td>\n<\/tr>\n<tr>\n<td style=\"width: 99.4375px;\"><img decoding=\"async\" src=\"http:\/\/www.kiv-thueringen.de\/files\/fax.gif\" border=\"0\" \/><\/td>\n<td style=\"width: 828.45px;\">03621 &#8211; 4508 &#8211; 88<\/td>\n<\/tr>\n<tr>\n<td style=\"width: 99.4375px;\"><img decoding=\"async\" src=\"http:\/\/www.kiv-thueringen.de\/files\/email.gif\" border=\"0\" \/><\/td>\n<td style=\"width: 828.45px;\"><a href=\"mailto:khuettner@kiv-thueringen.de\">khuettner@kiv-thueringen.de<\/a><\/td>\n<\/tr>\n<\/tbody>\n<\/table>\n<\/div>\n<div align=\"left\">\n<table class=\"adresstable\" style=\"width: 100.073%;\" border=\"0\" cellspacing=\"1\" cellpadding=\"2\">\n<tbody>\n<tr>\n<td style=\"width: 938.688px;\" colspan=\"2\"><b>Katja Oschmann<\/b><\/td>\n<\/tr>\n<tr>\n<td style=\"width: 99.4375px;\"><img decoding=\"async\" src=\"http:\/\/www.kiv-thueringen.de\/files\/telefon.gif\" border=\"0\" \/><\/td>\n<td style=\"width: 828.45px;\">03621 &#8211; 4508 &#8211; 66<\/td>\n<\/tr>\n<tr>\n<td style=\"width: 99.4375px;\"><img decoding=\"async\" src=\"http:\/\/www.kiv-thueringen.de\/files\/fax.gif\" border=\"0\" \/><\/td>\n<td style=\"width: 828.45px;\">03621 &#8211; 4508 &#8211; 88<\/td>\n<\/tr>\n<tr>\n<td style=\"width: 99.4375px;\"><img decoding=\"async\" src=\"http:\/\/www.kiv-thueringen.de\/files\/email.gif\" border=\"0\" \/><\/td>\n<td style=\"width: 828.45px;\"><a href=\"mailto:koschmann@kiv-thueringen.de\">koschmann@kiv-thueringen.de<\/a><\/td>\n<\/tr>\n<\/tbody>\n<\/table>\n<\/div>\n","protected":false},"excerpt":{"rendered":"<p>Finanzwesen Egal ob Sie ein kamerale, erweiterte kamerale oder doppische\u00a0Haushaltsf\u00fchrung nutzen &#8211; wir betreuen Sie! Unser Dienstleistungsspektrum umfasst die gesamte Beratung vom Aufstellen eines Haushaltsplanes \u00fcber die\u00a0allt\u00e4glichen Fragen bis hin zum Jahresabschluss. Eingesetztes Fachverfahren H&amp;H proDoppik von H&amp;H Berlin Das&hellip;&nbsp;<a href=\"https:\/\/portal.kiv-thueringen.de\/web\/services-in-fachverfahren\/finanzen\/\" class=\"more-link\">weiterlesen<\/a><\/p>\n","protected":false},"author":1,"featured_media":385,"parent":327,"menu_order":10,"comment_status":"closed","ping_status":"closed","template":"","meta":{"footnotes":""},"class_list":["post-76","page","type-page","status-publish","has-post-thumbnail","hentry"],"_links":{"self":[{"href":"https:\/\/portal.kiv-thueringen.de\/web\/wp-json\/wp\/v2\/pages\/76","targetHints":{"allow":["GET"]}}],"collection":[{"href":"https:\/\/portal.kiv-thueringen.de\/web\/wp-json\/wp\/v2\/pages"}],"about":[{"href":"https:\/\/portal.kiv-thueringen.de\/web\/wp-json\/wp\/v2\/types\/page"}],"author":[{"embeddable":true,"href":"https:\/\/portal.kiv-thueringen.de\/web\/wp-json\/wp\/v2\/users\/1"}],"replies":[{"embeddable":true,"href":"https:\/\/portal.kiv-thueringen.de\/web\/wp-json\/wp\/v2\/comments?post=76"}],"version-history":[{"count":33,"href":"https:\/\/portal.kiv-thueringen.de\/web\/wp-json\/wp\/v2\/pages\/76\/revisions"}],"predecessor-version":[{"id":32346,"href":"https:\/\/portal.kiv-thueringen.de\/web\/wp-json\/wp\/v2\/pages\/76\/revisions\/32346"}],"up":[{"embeddable":true,"href":"https:\/\/portal.kiv-thueringen.de\/web\/wp-json\/wp\/v2\/pages\/327"}],"wp:featuredmedia":[{"embeddable":true,"href":"https:\/\/portal.kiv-thueringen.de\/web\/wp-json\/wp\/v2\/media\/385"}],"wp:attachment":[{"href":"https:\/\/portal.kiv-thueringen.de\/web\/wp-json\/wp\/v2\/media?parent=76"}],"curies":[{"name":"wp","href":"https:\/\/api.w.org\/{rel}","templated":true}]}}