{"id":7808,"date":"2021-11-22T11:31:15","date_gmt":"2021-11-22T10:31:15","guid":{"rendered":"https:\/\/portal.kiv-thueringen.de\/web\/?page_id=7808"},"modified":"2025-05-26T12:08:26","modified_gmt":"2025-05-26T10:08:26","slug":"fachberater-dokumentenmanagement-m-w-d","status":"publish","type":"page","link":"https:\/\/portal.kiv-thueringen.de\/web\/fachberater-dokumentenmanagement-m-w-d\/","title":{"rendered":"Fachberater Dokumentenmanagement (m\/w\/d)"},"content":{"rendered":"<p><strong><span style=\"font-size: 10pt;\">Die Kommunale Informationsverarbeitung (KIV) Th\u00fcringen GmbH als der Kommunale IT-Dienstleister in Th\u00fcringen mit seinen \u00f6ffentlich-rechtlichen Gesellschaftern, dem Gemeinde- und St\u00e4dtebund Th\u00fcringen e.V., dem Freistaat Th\u00fcringen sowie den Th\u00fcringer Kommunen, ist die zentraler IT-Dienstleistungsgesellschaft im kommunalen Umfeld. Als Komplettanbieter betreuen wir von Gotha aus eine Vielzahl von Kommunalen Einrichtungen in Th\u00fcringen. Unsere Aufgaben sind die Umsetzung der Th\u00fcringer Digitalisierungsvorhaben, die Beratung, die Planung, die Installation von innovativen IT-Infrastrukturen und von Kommunalsoftware, der Betrieb eines eigenen Cloud-Rechenzentrums sowie die Entwicklung von eigenen Softwareprodukten.<\/span><\/strong><\/p>\n<p>Moderne Arbeitspl\u00e4tze, intelligente Prozesse, zufriedene B\u00fcrger und Mitarbeiter, Produktivit\u00e4t und Ansehen \u2013 wenn Sie diese Prozesse f\u00fcr Th\u00fcringen mitgestalten wollen, dann kommen Sie in unser Team als<\/p>\n<h3>Fachberater Dokumentenmanagement (m\/w\/d)<\/h3>\n<h4>Ihre Aufgaben:<\/h4>\n<ul>\n<li>Als Teamplayer sind Sie verantwortlich f\u00fcr die eigenst\u00e4ndige Umsetzung von strategischen Projekten im Kommunalen- und Landesumfeld in den Bereichen des Einsatzes der Verarbeitung elektronischer Dokumente.<\/li>\n<li>Sie planen, gemeinsam mit anderen Beratern aus unserem Haus sowie den Kunden, den Einsatz und die Strategie f\u00fcr die Einf\u00fchrung von DMS Systemen und betreuen diese dann auch inhaltlich fachlich (nicht technisch).<\/li>\n<li>In spannenden Projekten lernen Sie die Vielfalt der kommunalen IT-Landschaft kennen und k\u00f6nnen Ihr Wissen als Berater oder Anwender von DMS Systemen in agilen Projekten mit hohen Grad an Entscheidungsfreiraum und Entwicklungsm\u00f6glichkeiten einbringen.<\/li>\n<li>Sie sind somit aktiver Mitgestalter der Digitalisierung unserer Gesellschaft im Kommunalen Umfeld und werden ein wichtiger Teil davon, da Sie agieren und nicht auf \u00c4nderungen Anderer reagieren.<\/li>\n<\/ul>\n<h4><\/h4>\n<h4>Ihr Profil:<\/h4>\n<ul>\n<li>Sie verf\u00fcgen \u00fcber Erfahrungen im Umgang mit DMS Systemen oder haben ein abgeschlossenes Studium der Wirtschaftsinformatik, Wirtschaftsingenieurwesen oder eine vergleichbare Ausbildung als IT-Fachinformatiker<\/li>\n<li>Sie lieben es, zielorientiert und eigenst\u00e4ndig zu denken und zu handeln und m\u00f6chten gerne selbst die Schwerpunkte Ihrer Arbeit mit strategischen und gesellschaftlichen Zielstellungen formulieren<\/li>\n<li>Sie haben Spa\u00df am Umgang mit Menschen und Engagement sowie Einsatzbereitschaft<\/li>\n<li>PKW-F\u00fchrerschein<\/li>\n<\/ul>\n<p>&nbsp;<\/p>\n<h4>Ihre Chance:<\/h4>\n<p>Je nach Qualifizierung und Ihren Erfahrungen bieten wir Ihnen eine leistungsorientierte Verg\u00fctung in Anlehnung des TV-\u00d6D, eine umfangreiche Einarbeitung, stetige innerbetriebliche Weiterbildung, vorbildliche Sozialleistungen, moderne Arbeitspl\u00e4tze und eine au\u00dfergew\u00f6hnliche Unternehmenskultur, die um die Bedeutung jedes Mitarbeiters wei\u00df.<br \/>\nWenn Sie in einem zukunftsorientierten Team aktiv viel bewegen und gestalten wollen, freuen wir uns auf Ihre Online-Bewerbung unter <a href=\"mailto:bewerbung@kiv-thueringen.de\">bewerbung@kiv-thueringen.de<\/a>.<\/p>\n<p>&nbsp;<\/p>\n","protected":false},"excerpt":{"rendered":"<p>Die Kommunale Informationsverarbeitung (KIV) Th\u00fcringen GmbH als der Kommunale IT-Dienstleister in Th\u00fcringen mit seinen \u00f6ffentlich-rechtlichen Gesellschaftern, dem Gemeinde- und St\u00e4dtebund Th\u00fcringen e.V., dem Freistaat Th\u00fcringen sowie den Th\u00fcringer Kommunen, ist die zentraler IT-Dienstleistungsgesellschaft im kommunalen Umfeld. Als Komplettanbieter betreuen wir&hellip;&nbsp;<a href=\"https:\/\/portal.kiv-thueringen.de\/web\/fachberater-dokumentenmanagement-m-w-d\/\" class=\"more-link\">weiterlesen<\/a><\/p>\n","protected":false},"author":7,"featured_media":0,"parent":0,"menu_order":0,"comment_status":"closed","ping_status":"closed","template":"","meta":{"footnotes":""},"class_list":["post-7808","page","type-page","status-publish","hentry"],"_links":{"self":[{"href":"https:\/\/portal.kiv-thueringen.de\/web\/wp-json\/wp\/v2\/pages\/7808","targetHints":{"allow":["GET"]}}],"collection":[{"href":"https:\/\/portal.kiv-thueringen.de\/web\/wp-json\/wp\/v2\/pages"}],"about":[{"href":"https:\/\/portal.kiv-thueringen.de\/web\/wp-json\/wp\/v2\/types\/page"}],"author":[{"embeddable":true,"href":"https:\/\/portal.kiv-thueringen.de\/web\/wp-json\/wp\/v2\/users\/7"}],"replies":[{"embeddable":true,"href":"https:\/\/portal.kiv-thueringen.de\/web\/wp-json\/wp\/v2\/comments?post=7808"}],"version-history":[{"count":6,"href":"https:\/\/portal.kiv-thueringen.de\/web\/wp-json\/wp\/v2\/pages\/7808\/revisions"}],"predecessor-version":[{"id":24767,"href":"https:\/\/portal.kiv-thueringen.de\/web\/wp-json\/wp\/v2\/pages\/7808\/revisions\/24767"}],"wp:attachment":[{"href":"https:\/\/portal.kiv-thueringen.de\/web\/wp-json\/wp\/v2\/media?parent=7808"}],"curies":[{"name":"wp","href":"https:\/\/api.w.org\/{rel}","templated":true}]}}