{"id":7833,"date":"2021-11-24T16:31:20","date_gmt":"2021-11-24T15:31:20","guid":{"rendered":"https:\/\/portal.kiv-thueringen.de\/web\/?page_id=7833"},"modified":"2022-03-04T21:48:49","modified_gmt":"2022-03-04T20:48:49","slug":"7833-2","status":"publish","type":"page","link":"https:\/\/portal.kiv-thueringen.de\/web\/7833-2\/","title":{"rendered":"Fachberater (m\/w\/d) f\u00fcr kommunales Finanzwesen"},"content":{"rendered":"<p><span style=\"font-size: 10pt;\"><strong>Die Kommunale Informationsverarbeitung Th\u00fcringen GmbH als Unternehmen des Freistaates Th\u00fcringen, der ekom 21-KGRZ Hessen und des Gemeinde- und St\u00e4dtebundes Th\u00fcringen sowie Th\u00fcringer Kommunen ist die zentrale IT-Dienstleistungsgesellschaft im kommunalen Umfeld. Als Komplettanbieter betreuen wir eine Vielzahl von Kommunen und Unternehmen mit kommunaler Beteiligung. <\/strong><\/span><strong><span style=\"font-size: 10pt;\">Unsere Aufgaben sind die Umsetzung der Th\u00fcringer Digitalisierungs-vorhaben, die Beratung, die Planung, die Installation von innovativen IT-Infrastrukturen und von Kommunalsoftware, der Betrieb eines eigenen Cloud-Rechenzentrums sowie die Entwicklung von eigenen Softwareprodukten. Gemeinsam mit unseren Gesellschaftern wollen wir die Digitalisierung der Kommunen entwickeln und gestalten.<\/span><br \/>\n<\/strong><\/p>\n<p>Moderne Arbeitspl\u00e4tze, intelligente Prozesse, zufriedene B\u00fcrger und Mitarbeiter, Produktivit\u00e4t und Ansehen \u2013 wenn Sie diese Prozesse f\u00fcr Th\u00fcringen mitgestalten wollen, dann kommen Sie in unser Team als<\/p>\n<h3><strong>Fachberater (m\/w\/d) f\u00fcr kommunales Finanzwesen<\/strong><\/h3>\n<h4><strong>Das spricht f\u00fcr uns<\/strong><\/h4>\n<ul>\n<li>Vereinbarkeit von Beruf und Familie durch Gleitzeitgestaltung und mobile Arbeitspl\u00e4tze<\/li>\n<li>Entlohnung entsprechend Qualifizierung und Erfahrungen in Anlehnung an den TV\u00f6D<\/li>\n<li>sozial ausgeglichenes und sicheres Bet\u00e4tigungsfeld<\/li>\n<li>w\u00f6chentliche Arbeitszeit von 38 Stunden an modernen Arbeitspl\u00e4tzen<\/li>\n<li>sorgf\u00e4ltiges und professionelles Onboarding<\/li>\n<li>modernes, attraktives Arbeitsumfeld im Zentrum der Residenzstadt Gotha<\/li>\n<li>vielseitige Aufgaben in einem dynamischen und zukunftsorientierten Markt der kommunalen Datenverarbeitung<\/li>\n<li>M\u00f6glichkeiten zur Weiterentwicklung Ihrer pers\u00f6nlichen St\u00e4rken<\/li>\n<li>vorbildliche Sozialleistungen<\/li>\n<li>au\u00dfergew\u00f6hnliche Unternehmenskultur, die um die Bedeutung jedes einzelnen Mitarbeiters wei\u00df<\/li>\n<li>Umfangreiche Mitarbeiter-Benefits<\/li>\n<li>Sorgf\u00e4ltige Einarbeitung mit Unterst\u00fctzung des Softwareanbieters<\/li>\n<\/ul>\n<p><strong>\u00a0<\/strong><\/p>\n<h4><strong>Das spricht f\u00fcr Sie<\/strong><\/h4>\n<ul>\n<li>Betriebswirtschaftliche oder verwaltungstechnische Ausbildung oder Studium<\/li>\n<li>Kenntnisse und Erfahrungen im Haushalts- und Kassenrecht<\/li>\n<li>Analysef\u00e4higkeiten in komplexen Prozessen<\/li>\n<li>Hohe Service- und Zielorientierung sowie gute Kommunikationsf\u00e4higkeit<\/li>\n<li>PKW-F\u00fchrerschein und Bereitschaft zur Realisierung von Kundenterminen<\/li>\n<\/ul>\n<p><strong>\u00a0<\/strong><\/p>\n<h4><strong>Dar\u00fcber sprechen wir gemeinsam<\/strong><\/h4>\n<ul>\n<li>Beratung, Betreuung und Support f\u00fcr unsere kommunalen Kunden<\/li>\n<li>Unterst\u00fctzung bspw. bei Haushaltsplanung und -durchf\u00fchrung, Jahresabschluss, Steuern und Abgaben, Zahlungsverkehr<\/li>\n<li>Analyse und Berichtigung von Differenzen<\/li>\n<li>Einf\u00fchrung und Betreuung von e-Rechnung und e-Payment bei unseren Kunden<\/li>\n<li>Schulung der Anwender direkt in der Software<\/li>\n<\/ul>\n<p>&nbsp;<\/p>\n<h4>Nutzen Sie die Chance und bewerben Sie sich bei uns!<\/h4>\n<p>Online-Bewerbung unter\u00a0<a href=\"mailto:bewerbung@kiv-thueringen.de\">bewerbung@kiv-thueringen.de<\/a><\/p>\n","protected":false},"excerpt":{"rendered":"<p>Die Kommunale Informationsverarbeitung Th\u00fcringen GmbH als Unternehmen des Freistaates Th\u00fcringen, der ekom 21-KGRZ Hessen und des Gemeinde- und St\u00e4dtebundes Th\u00fcringen sowie Th\u00fcringer Kommunen ist die zentrale IT-Dienstleistungsgesellschaft im kommunalen Umfeld. Als Komplettanbieter betreuen wir eine Vielzahl von Kommunen und Unternehmen&hellip;&nbsp;<a href=\"https:\/\/portal.kiv-thueringen.de\/web\/7833-2\/\" class=\"more-link\">weiterlesen<\/a><\/p>\n","protected":false},"author":7,"featured_media":0,"parent":0,"menu_order":0,"comment_status":"closed","ping_status":"closed","template":"","meta":{"footnotes":""},"class_list":["post-7833","page","type-page","status-publish","hentry"],"_links":{"self":[{"href":"https:\/\/portal.kiv-thueringen.de\/web\/wp-json\/wp\/v2\/pages\/7833","targetHints":{"allow":["GET"]}}],"collection":[{"href":"https:\/\/portal.kiv-thueringen.de\/web\/wp-json\/wp\/v2\/pages"}],"about":[{"href":"https:\/\/portal.kiv-thueringen.de\/web\/wp-json\/wp\/v2\/types\/page"}],"author":[{"embeddable":true,"href":"https:\/\/portal.kiv-thueringen.de\/web\/wp-json\/wp\/v2\/users\/7"}],"replies":[{"embeddable":true,"href":"https:\/\/portal.kiv-thueringen.de\/web\/wp-json\/wp\/v2\/comments?post=7833"}],"version-history":[{"count":7,"href":"https:\/\/portal.kiv-thueringen.de\/web\/wp-json\/wp\/v2\/pages\/7833\/revisions"}],"predecessor-version":[{"id":8838,"href":"https:\/\/portal.kiv-thueringen.de\/web\/wp-json\/wp\/v2\/pages\/7833\/revisions\/8838"}],"wp:attachment":[{"href":"https:\/\/portal.kiv-thueringen.de\/web\/wp-json\/wp\/v2\/media?parent=7833"}],"curies":[{"name":"wp","href":"https:\/\/api.w.org\/{rel}","templated":true}]}}